{"id":3555,"date":"2025-01-14T15:29:12","date_gmt":"2025-03-13T15:20:32","guid":{"rendered":"https:\/\/tynivintage.com\/?post_type=product&#038;p=3555"},"modified":"2025-03-13T22:20:32","modified_gmt":"2025-03-13T15:20:32","slug":"vi-prada-rabbit","status":"publish","type":"product","link":"https:\/\/tynivintage.com\/vi\/san-pham\/vi-prada-rabbit\/","title":{"rendered":"V\u00ed Prada Rabbit"},"content":{"rendered":"<p>V\u00ed Prada h\u1ecda ti\u1ebft th\u1ecf mang phong c\u00e1ch \u0111\u1ed9c \u0111\u00e1o v\u00e0 ngh\u1ec7 thu\u1eadt. V\u00ed \u0111\u01b0\u1ee3c l\u00e0m t\u1eeb ch\u1ea5t li\u1ec7u cao c\u1ea5p, v\u1edbi h\u00ecnh \u1ea3nh th\u1ecf pha tr\u1ed9n tr\u00ean n\u1ec1n m\u00e0u s\u1eafc h\u00e0i h\u00f2a, k\u1ebft h\u1ee3p v\u1edbi vi\u1ec1n h\u1ed3ng nh\u1eb9 nh\u00e0ng, t\u1ea1o \u0111i\u1ec3m nh\u1ea5n n\u1eef t\u00ednh. Thi\u1ebft k\u1ebf nh\u1ecf g\u1ecdn, ti\u1ec7n l\u1ee3i, th\u00edch h\u1ee3p \u0111\u1ec3 \u0111\u1ef1ng th\u1ebb v\u00e0 c\u00e1c v\u1eadt d\u1ee5ng nh\u1ecf. S\u1ea3n ph\u1ea9m \u0111i k\u00e8m h\u1ed9p sang tr\u1ecdng, kh\u1eb3ng \u0111\u1ecbnh \u0111\u1eb3ng c\u1ea5p th\u01b0\u01a1ng hi\u1ec7u<\/p>\n","protected":false},"excerpt":{"rendered":"<p>V\u00ed Prada c\u00f3 thi\u1ebft k\u1ebf nh\u1ecf g\u1ecdn, h\u1ecda ti\u1ebft th\u1ecf \u0111\u1ed9c \u0111\u00e1o tr\u00ean n\u1ec1n m\u00e0u s\u1eafc nh\u1eb9 nh\u00e0ng, vi\u1ec1n h\u1ed3ng n\u1eef t\u00ednh. S\u1ea3n ph\u1ea9m cao c\u1ea5p, \u0111i k\u00e8m h\u1ed9p sang tr\u1ecdng, th\u00edch h\u1ee3p \u0111\u1ec3 \u0111\u1ef1ng th\u1ebb v\u00e0 c\u00e1c v\u1eadt d\u1ee5ng nh\u1ecf.<\/p>\n","protected":false},"featured_media":746,"comment_status":"open","ping_status":"closed","template":"","meta":{"inline_featured_image":false},"product_brand":[],"product_cat":[36],"product_tag":[],"class_list":{"0":"post-3555","1":"product","2":"type-product","3":"status-publish","4":"has-post-thumbnail","6":"product_cat-tui-xach","8":"first","9":"instock","10":"shipping-taxable","11":"purchasable","12":"product-type-simple"},"acf":[],"_links":{"self":[{"href":"https:\/\/tynivintage.com\/vi\/wp-json\/wp\/v2\/product\/3555","targetHints":{"allow":["GET"]}}],"collection":[{"href":"https:\/\/tynivintage.com\/vi\/wp-json\/wp\/v2\/product"}],"about":[{"href":"https:\/\/tynivintage.com\/vi\/wp-json\/wp\/v2\/types\/product"}],"replies":[{"embeddable":true,"href":"https:\/\/tynivintage.com\/vi\/wp-json\/wp\/v2\/comments?post=3555"}],"wp:featuredmedia":[{"embeddable":true,"href":"https:\/\/tynivintage.com\/vi\/wp-json\/wp\/v2\/media\/746"}],"wp:attachment":[{"href":"https:\/\/tynivintage.com\/vi\/wp-json\/wp\/v2\/media?parent=3555"}],"wp:term":[{"taxonomy":"product_brand","embeddable":true,"href":"https:\/\/tynivintage.com\/vi\/wp-json\/wp\/v2\/product_brand?post=3555"},{"taxonomy":"product_cat","embeddable":true,"href":"https:\/\/tynivintage.com\/vi\/wp-json\/wp\/v2\/product_cat?post=3555"},{"taxonomy":"product_tag","embeddable":true,"href":"https:\/\/tynivintage.com\/vi\/wp-json\/wp\/v2\/product_tag?post=3555"}],"curies":[{"name":"wp","href":"https:\/\/api.w.org\/{rel}","templated":true}]}}