{"id":3543,"date":"2025-01-14T15:34:10","date_gmt":"2025-03-13T15:08:56","guid":{"rendered":"https:\/\/tynivintage.com\/?post_type=product&#038;p=3543"},"modified":"2025-03-13T22:15:11","modified_gmt":"2025-03-13T15:15:11","slug":"__trashed","status":"publish","type":"product","link":"https:\/\/tynivintage.com\/vi\/san-pham\/__trashed\/","title":{"rendered":"T\u00fai x\u00e1ch FENDI Mamma Baguette Corduroy Brown Auth"},"content":{"rendered":"<p>Chi\u1ebfc t\u00fai trong h\u00ecnh c\u00f3 thi\u1ebft k\u1ebf h\u00ecnh h\u1ed9p h\u00ecnh ch\u1eef nh\u1eadt \u0111\u01b0\u1ee3c l\u00e0m b\u1eb1ng v\u1ea3i nhung, m\u00e0u n\u00e2u m\u00f9 t\u1ea1t, mang l\u1ea1i v\u1ebb c\u1ed5 \u0111i\u1ec3n v\u00e0 thanh l\u1ecbch.<\/p>\n<p>M\u00f4 t\u1ea3 chi ti\u1ebft:<br \/>\n\u2022 Ch\u1ea5t li\u1ec7u: V\u1ea3i nhung m\u00e0u n\u00e2u m\u00f9 t\u1ea1t, mang l\u1ea1i k\u1ebft c\u1ea5u m\u1ec1m m\u1ea1i m\u00e0 v\u1eabn duy tr\u00ec c\u1ea5u tr\u00fac v\u00e0 \u0111\u1ed9 b\u1ec1n.<br \/>\n\u2022 Tay c\u1ea7m: Hai tay c\u1ea7m b\u1eb1ng da d\u00e0i m\u00e0u n\u00e2u s\u1eabm, th\u00edch h\u1ee3p \u0111\u1ec3 x\u00e1ch vai ho\u1eb7c tay. M\u1ed7i tay c\u1ea7m \u0111\u01b0\u1ee3c c\u1ed1 \u0111\u1ecbnh b\u1eb1ng hai kh\u00f3a kim lo\u1ea1i vu\u00f4ng t\u00f4ng m\u00e0u b\u1ea1c, t\u0103ng th\u00eam \u0111\u1ed9 ch\u1eafc ch\u1eafn v\u00e0 n\u00e9t tinh t\u1ebf.<br \/>\n\u2022 \u0110\u00f3ng c\u1eeda: Chi\u1ebfc t\u00fai c\u00f3 d\u00e2y \u0111eo b\u1eb1ng da m\u00e0u n\u00e2u s\u1eabm ch\u1ea1y d\u1ecdc qua trung t\u00e2m, k\u1ebft h\u1ee3p v\u1edbi kh\u00f3a kim lo\u1ea1i m\u00e0u b\u1ea1c h\u00ecnh ch\u1eef nh\u1eadt hi\u1ec3n th\u1ecb logo &#8220;FF&#8221; mang t\u00ednh bi\u1ec3u t\u01b0\u1ee3ng, c\u00f3 th\u1ec3 l\u00e0 t\u1eeb th\u01b0\u01a1ng hi\u1ec7u Fendi. Kh\u00f3a b\u1ea1c s\u00e1ng b\u00f3ng \u0111\u00f3ng vai tr\u00f2 nh\u01b0 m\u1ed9t t\u00e2m \u0111i\u1ec3m phong c\u00e1ch.<br \/>\n\u2022 K\u00edch th\u01b0\u1edbc: T\u00fai c\u00f3 k\u00edch th\u01b0\u1edbc trung b\u00ecnh, \u0111\u1ee7 r\u1ed9ng r\u00e3i \u0111\u1ec3 \u0111\u1ef1ng c\u00e1c v\u1eadt d\u1ee5ng c\u1ea7n thi\u1ebft nh\u01b0 v\u00ed, \u0111i\u1ec7n tho\u1ea1i v\u00e0 m\u1ef9 ph\u1ea9m nh\u1ecf.<br \/>\n\u2022 Phong c\u00e1ch: V\u1edbi thi\u1ebft k\u1ebf l\u1ea5y c\u1ea3m h\u1ee9ng t\u1eeb c\u1ed5 \u0111i\u1ec3n, chi\u1ebfc t\u00fai b\u1ed5 sung cho phong c\u00e1ch th\u1eddi trang c\u1ed5 \u0111i\u1ec3n trong khi v\u1eabn \u0111\u1ee7 linh ho\u1ea1t \u0111\u1ec3 k\u1ebft h\u1ee3p v\u1edbi nhi\u1ec1u trang ph\u1ee5c kh\u00e1c nhau<\/p>\n","protected":false},"excerpt":{"rendered":"<p>Chi\u1ebfc t\u00fai trong h\u00ecnh l\u00e0 m\u1ed9t chi\u1ebfc t\u00fai x\u00e1ch h\u00ecnh h\u1ed9p l\u00e0m b\u1eb1ng v\u1ea3i nhung c\u00f3 m\u00e0u n\u00e2u m\u00f9 t\u1ea1t. N\u00f3 c\u00f3 tay c\u1ea7m b\u1eb1ng da m\u00e0u n\u00e2u s\u1eabm v\u1edbi kh\u00f3a kim lo\u1ea1i h\u00ecnh ch\u1eef nh\u1eadt c\u00f3 logo &#8220;FF&#8221; \u0111\u1eb7c bi\u1ec7t, c\u00f3 th\u1ec3 l\u00e0 t\u1eeb th\u01b0\u01a1ng hi\u1ec7u Fendi. Thi\u1ebft k\u1ebf mang phong c\u00e1ch c\u1ed5 \u0111i\u1ec3n, thanh l\u1ecbch, ph\u00f9 h\u1ee3p v\u1edbi th\u1ea9m m\u1ef9 c\u1ed5 \u0111i\u1ec3n.<\/p>\n","protected":false},"featured_media":757,"comment_status":"open","ping_status":"closed","template":"","meta":{"inline_featured_image":false},"product_brand":[],"product_cat":[36],"product_tag":[],"class_list":{"0":"post-3543","1":"product","2":"type-product","3":"status-publish","4":"has-post-thumbnail","6":"product_cat-tui-xach","8":"first","9":"instock","10":"shipping-taxable","11":"purchasable","12":"product-type-simple"},"acf":[],"_links":{"self":[{"href":"https:\/\/tynivintage.com\/vi\/wp-json\/wp\/v2\/product\/3543","targetHints":{"allow":["GET"]}}],"collection":[{"href":"https:\/\/tynivintage.com\/vi\/wp-json\/wp\/v2\/product"}],"about":[{"href":"https:\/\/tynivintage.com\/vi\/wp-json\/wp\/v2\/types\/product"}],"replies":[{"embeddable":true,"href":"https:\/\/tynivintage.com\/vi\/wp-json\/wp\/v2\/comments?post=3543"}],"wp:featuredmedia":[{"embeddable":true,"href":"https:\/\/tynivintage.com\/vi\/wp-json\/wp\/v2\/media\/757"}],"wp:attachment":[{"href":"https:\/\/tynivintage.com\/vi\/wp-json\/wp\/v2\/media?parent=3543"}],"wp:term":[{"taxonomy":"product_brand","embeddable":true,"href":"https:\/\/tynivintage.com\/vi\/wp-json\/wp\/v2\/product_brand?post=3543"},{"taxonomy":"product_cat","embeddable":true,"href":"https:\/\/tynivintage.com\/vi\/wp-json\/wp\/v2\/product_cat?post=3543"},{"taxonomy":"product_tag","embeddable":true,"href":"https:\/\/tynivintage.com\/vi\/wp-json\/wp\/v2\/product_tag?post=3543"}],"curies":[{"name":"wp","href":"https:\/\/api.w.org\/{rel}","templated":true}]}}