{"id":3527,"date":"2025-01-15T19:59:49","date_gmt":"2025-03-13T15:05:09","guid":{"rendered":"https:\/\/tynivintage.com\/?post_type=product&#038;p=3527"},"modified":"2025-03-13T22:05:09","modified_gmt":"2025-03-13T15:05:09","slug":"tui-vintage-coach","status":"publish","type":"product","link":"https:\/\/tynivintage.com\/vi\/san-pham\/tui-vintage-coach\/","title":{"rendered":"T\u00fai Vintage Coach"},"content":{"rendered":"<p>Chi\u1ebfc t\u00fai trong h\u00ecnh l\u00e0 m\u1ed9t chi\u1ebfc t\u00fai x\u00e1ch da m\u1ec1m m\u1ea1i v\u1edbi m\u00e0u n\u00e2u caramel \u1ea5m \u00e1p. N\u00f3 c\u00f3 h\u00ecnh d\u1ea1ng h\u01a1i tr\u00f2n, ph\u1ed3ng, mang l\u1ea1i c\u1ea3m gi\u00e1c m\u1ec1m m\u1ea1i v\u00e0 tho\u1ea3i m\u00e1i khi mang theo. Chi ti\u1ebft thi\u1ebft k\u1ebf: \u2022 Ch\u1ea5t li\u1ec7u: Da c\u00f3 \u0111\u1ed9 b\u00f3ng nh\u1eb9, th\u1ec3 hi\u1ec7n ch\u1ea5t l\u01b0\u1ee3ng cao c\u1ea5p v\u00e0 b\u1ec1n. \u2022 Trang tr\u00ed: B\u1ec1 m\u1eb7t t\u00fai \u0111\u01b0\u1ee3c trang tr\u00ed b\u1eb1ng c\u00e1c \u0111inh t\u00e1n kim lo\u1ea1i nh\u1ecf, bao g\u1ed3m c\u00e1c ch\u1ea5m tr\u00f2n v\u00e0 m\u1ed9t s\u1ed1 kim c\u01b0\u01a1ng gi\u1ea3 l\u1ea5p l\u00e1nh, \u0111\u01b0\u1ee3c s\u1eafp x\u1ebfp b\u1ea5t \u0111\u1ed1i x\u1ee9ng t\u1ea1o \u0111i\u1ec3m nh\u1ea5n tinh t\u1ebf. \u2022 D\u00e2y \u0111eo: \u0110\u01b0\u1ee3c l\u00e0m b\u1eb1ng da n\u00e2u s\u1eabm, k\u1ebft h\u1ee3p v\u1edbi m\u00f3c c\u00e0i v\u00e0 nh\u1eabn kim lo\u1ea1i ch\u1eafc ch\u1eafn, t\u0103ng c\u01b0\u1eddng c\u1ea3 \u0111\u1ed9 b\u1ec1n v\u00e0 ki\u1ec3u d\u00e1ng. \u2022 Tua rua: M\u1ed9t m\u1eb7t c\u1ee7a t\u00fai c\u00f3 tua da, t\u1ea1o th\u00eam n\u00e9t boho v\u00e0 c\u1ed5 \u0111i\u1ec3n. \u2022 \u0110\u01b0\u1eddng kh\u00e2u: T\u00fai \u0111\u01b0\u1ee3c kh\u00e2u c\u1ea9n th\u1eadn c\u00e1c \u0111\u01b0\u1eddng may l\u1ed9 thi\u00ean, g\u00f3p ph\u1ea7n t\u1ea1o n\u00ean c\u1ea5u tr\u00fac nh\u01b0ng h\u00e0i h\u00f2a.<\/p>\n","protected":false},"excerpt":{"rendered":"<p>Chi\u1ebfc t\u00fai trong h\u00ecnh l\u00e0 m\u1ed9t chi\u1ebfc t\u00fai x\u00e1ch da m\u00e0u n\u00e2u caramel m\u1ec1m m\u1ea1i v\u1edbi thi\u1ebft k\u1ebf tr\u00f2n. N\u00f3 c\u00f3 c\u00e1c v\u1eadt trang tr\u00ed kim lo\u1ea1i nh\u1ecf nh\u01b0 \u0111inh t\u00e1n v\u00e0 kim lo\u1ea1i gi\u1ea3, t\u1ea1o th\u00eam n\u00e9t \u0111\u1ed9c \u0111\u00e1o. D\u00e2y \u0111eo \u0111\u01b0\u1ee3c l\u00e0m b\u1eb1ng da k\u1ebft h\u1ee3p v\u1edbi m\u00f3c c\u00e0i kim lo\u1ea1i ch\u1eafc ch\u1eafn, m\u1ed9t b\u00ean t\u00fai c\u00f3 tua trang tr\u00ed, mang l\u1ea1i phong c\u00e1ch boho ho\u1eb7c c\u1ed5 \u0111i\u1ec3n<\/p>\n","protected":false},"featured_media":854,"comment_status":"open","ping_status":"closed","template":"","meta":{"inline_featured_image":false},"product_brand":[],"product_cat":[36],"product_tag":[],"class_list":{"0":"post-3527","1":"product","2":"type-product","3":"status-publish","4":"has-post-thumbnail","6":"product_cat-tui-xach","8":"first","9":"outofstock","10":"shipping-taxable","11":"purchasable","12":"product-type-simple"},"acf":[],"_links":{"self":[{"href":"https:\/\/tynivintage.com\/vi\/wp-json\/wp\/v2\/product\/3527","targetHints":{"allow":["GET"]}}],"collection":[{"href":"https:\/\/tynivintage.com\/vi\/wp-json\/wp\/v2\/product"}],"about":[{"href":"https:\/\/tynivintage.com\/vi\/wp-json\/wp\/v2\/types\/product"}],"replies":[{"embeddable":true,"href":"https:\/\/tynivintage.com\/vi\/wp-json\/wp\/v2\/comments?post=3527"}],"wp:featuredmedia":[{"embeddable":true,"href":"https:\/\/tynivintage.com\/vi\/wp-json\/wp\/v2\/media\/854"}],"wp:attachment":[{"href":"https:\/\/tynivintage.com\/vi\/wp-json\/wp\/v2\/media?parent=3527"}],"wp:term":[{"taxonomy":"product_brand","embeddable":true,"href":"https:\/\/tynivintage.com\/vi\/wp-json\/wp\/v2\/product_brand?post=3527"},{"taxonomy":"product_cat","embeddable":true,"href":"https:\/\/tynivintage.com\/vi\/wp-json\/wp\/v2\/product_cat?post=3527"},{"taxonomy":"product_tag","embeddable":true,"href":"https:\/\/tynivintage.com\/vi\/wp-json\/wp\/v2\/product_tag?post=3527"}],"curies":[{"name":"wp","href":"https:\/\/api.w.org\/{rel}","templated":true}]}}