{"id":3497,"date":"2025-01-15T23:56:00","date_gmt":"2025-03-13T14:52:03","guid":{"rendered":"https:\/\/tynivintage.com\/?post_type=product&#038;p=3497"},"modified":"2025-03-13T21:52:04","modified_gmt":"2025-03-13T14:52:04","slug":"tui-du-lich-fendi-mau-cam","status":"publish","type":"product","link":"https:\/\/tynivintage.com\/vi\/san-pham\/tui-du-lich-fendi-mau-cam\/","title":{"rendered":"T\u00fai du l\u1ecbch Fendi m\u00e0u cam"},"content":{"rendered":"<p>T\u00fai x\u00e1ch thi\u1ebft k\u1ebf sang tr\u1ecdng &#8211; in Monogram m\u00e0u cam r\u1ef1c r\u1ee1<\/p>\n<p>N\u00e2ng t\u1ea7m phong c\u00e1ch c\u1ee7a b\u1ea1n v\u1edbi chi\u1ebfc t\u00fai x\u00e1ch sang tr\u1ecdng tuy\u1ec7t \u0111\u1eb9p n\u00e0y, \u0111\u01b0\u1ee3c thi\u1ebft k\u1ebf d\u00e0nh cho nh\u1eefng c\u00e1 nh\u00e2n th\u1eddi trang, nh\u1eefng ng\u01b0\u1eddi \u0111\u00e1nh gi\u00e1 cao s\u1ef1 sang tr\u1ecdng v\u00e0 tinh t\u1ebf.<\/p>\n<p>M\u00f4 t\u1ea3 S\u1ea3n ph\u1ea9m:<br \/>\n\u2022 Thi\u1ebft k\u1ebf: M\u1ed9t chi\u1ebfc t\u00fai x\u00e1ch n\u1ed5i b\u1eadt c\u00f3 in ch\u1eef l\u1ed3ng \u0111\u1eadm tr\u00ean v\u1ea3i ch\u1ea5t l\u01b0\u1ee3ng cao v\u1edbi m\u00e0u cam n\u1ed5i b\u1eadt, t\u1ea1o n\u00ean v\u1ebb ngo\u00e0i hi\u1ec7n \u0111\u1ea1i nh\u01b0ng v\u01b0\u1ee3t th\u1eddi gian.<br \/>\n\u2022 Ch\u1ea5t li\u1ec7u: T\u00fai \u0111\u01b0\u1ee3c ch\u1ebf t\u00e1c t\u1eeb v\u1ea3i b\u1ea1t tr\u00e1ng cao c\u1ea5p v\u1edbi c\u00e1c chi ti\u1ebft trang tr\u00ed b\u1eb1ng da th\u1eadt, \u0111\u1ea3m b\u1ea3o \u0111\u1ed9 b\u1ec1n v\u00e0 c\u1ea3m gi\u00e1c sang tr\u1ecdng.<br \/>\n\u2022 Tay c\u1ea7m &amp; D\u00e2y \u0111ai: D\u00e2y \u0111eo vai b\u1eb1ng da ch\u1eafc ch\u1eafn v\u1edbi \u0111\u01b0\u1eddng kh\u00e2u \u0111\u01b0\u1ee3c gia c\u1ed1 mang l\u1ea1i s\u1ef1 tho\u1ea3i m\u00e1i v\u00e0 \u0111\u1ed9 b\u1ec1n cho vi\u1ec7c s\u1eed d\u1ee5ng h\u00e0ng ng\u00e0y.<br \/>\n\u2022 Ph\u1ea7n c\u1ee9ng: C\u00e1c \u0111i\u1ec3m nh\u1ea5n kim lo\u1ea1i t\u00f4ng m\u00e0u v\u00e0ng thanh l\u1ecbch t\u1ea1o th\u00eam n\u00e9t tinh t\u1ebf, n\u00e2ng cao t\u00ednh th\u1ea9m m\u1ef9 t\u1ed5ng th\u1ec3 c\u1ee7a t\u00fai.<br \/>\n\u2022 N\u1ed9i th\u1ea5t: Ng\u0103n ch\u00ednh r\u1ed9ng r\u00e3i v\u1edbi kh\u00f3a k\u00e9o an to\u00e0n, \u0111\u01b0\u1ee3c thi\u1ebft k\u1ebf \u0111\u1ec3 ch\u1ee9a c\u00e1c v\u1eadt d\u1ee5ng c\u1ea7n thi\u1ebft nh\u01b0 v\u00ed, \u0111i\u1ec7n tho\u1ea1i v\u00e0 \u0111\u1ed3 trang \u0111i\u1ec3m.<br \/>\n\u2022 T\u00ednh linh ho\u1ea1t: Ho\u00e0n h\u1ea3o cho trang ph\u1ee5c h\u00e0ng ng\u00e0y, c\u00e1c cu\u1ed9c h\u1ecdp kinh doanh ho\u1eb7c \u0111i ch\u01a1i bu\u1ed5i t\u1ed1i, l\u00e0m cho n\u00f3 tr\u1edf th\u00e0nh m\u1ed9t acc linh ho\u1ea1t v\u00e0 phong c\u00e1ch<\/p>\n","protected":false},"excerpt":{"rendered":"<p>Chi\u1ebfc t\u00fai x\u00e1ch n\u00e0y c\u00f3 thi\u1ebft k\u1ebf sang tr\u1ecdng v\u1edbi h\u1ecda ti\u1ebft ch\u1eef l\u1ed3ng n\u1ed5i b\u1eadt tr\u00ean n\u1ec1n v\u1ea3i m\u00e0u cam r\u1ef1c r\u1ee1. C\u00e1c c\u1ea1nh v\u00e0 tay c\u1ea7m \u0111\u01b0\u1ee3c ch\u1ebf t\u00e1c t\u1eeb da cao c\u1ea5p, \u0111\u01b0\u1ee3c b\u1ed5 sung b\u1edfi c\u00e1c chi ti\u1ebft kim lo\u1ea1i thanh l\u1ecbch, t\u1ea1o n\u00ean v\u1ebb ngo\u00e0i tinh t\u1ebf v\u00e0 phong c\u00e1ch. N\u00f3 l\u00e0 s\u1ef1 l\u1ef1a ch\u1ecdn ho\u00e0n h\u1ea3o cho nh\u1eefng ai \u0111\u00e1nh gi\u00e1 cao phong c\u00e1ch hi\u1ec7n \u0111\u1ea1i v\u00e0 \u0111\u1eb7c bi\u1ec7t.<\/p>\n","protected":false},"featured_media":991,"comment_status":"open","ping_status":"closed","template":"","meta":{"inline_featured_image":false},"product_brand":[],"product_cat":[36],"product_tag":[],"class_list":{"0":"post-3497","1":"product","2":"type-product","3":"status-publish","4":"has-post-thumbnail","6":"product_cat-tui-xach","8":"first","9":"instock","10":"shipping-taxable","11":"purchasable","12":"product-type-simple"},"acf":[],"_links":{"self":[{"href":"https:\/\/tynivintage.com\/vi\/wp-json\/wp\/v2\/product\/3497","targetHints":{"allow":["GET"]}}],"collection":[{"href":"https:\/\/tynivintage.com\/vi\/wp-json\/wp\/v2\/product"}],"about":[{"href":"https:\/\/tynivintage.com\/vi\/wp-json\/wp\/v2\/types\/product"}],"replies":[{"embeddable":true,"href":"https:\/\/tynivintage.com\/vi\/wp-json\/wp\/v2\/comments?post=3497"}],"wp:featuredmedia":[{"embeddable":true,"href":"https:\/\/tynivintage.com\/vi\/wp-json\/wp\/v2\/media\/991"}],"wp:attachment":[{"href":"https:\/\/tynivintage.com\/vi\/wp-json\/wp\/v2\/media?parent=3497"}],"wp:term":[{"taxonomy":"product_brand","embeddable":true,"href":"https:\/\/tynivintage.com\/vi\/wp-json\/wp\/v2\/product_brand?post=3497"},{"taxonomy":"product_cat","embeddable":true,"href":"https:\/\/tynivintage.com\/vi\/wp-json\/wp\/v2\/product_cat?post=3497"},{"taxonomy":"product_tag","embeddable":true,"href":"https:\/\/tynivintage.com\/vi\/wp-json\/wp\/v2\/product_tag?post=3497"}],"curies":[{"name":"wp","href":"https:\/\/api.w.org\/{rel}","templated":true}]}}