{"id":3488,"date":"2025-01-16T00:09:07","date_gmt":"2025-03-13T14:47:05","guid":{"rendered":"https:\/\/tynivintage.com\/?post_type=product&#038;p=3488"},"modified":"2025-03-13T21:47:05","modified_gmt":"2025-03-13T14:47:05","slug":"tui-czarda","status":"publish","type":"product","link":"https:\/\/tynivintage.com\/vi\/san-pham\/tui-czarda\/","title":{"rendered":"T\u00fai Czarda"},"content":{"rendered":"<p>Chi\u1ebfc t\u00fai m\u00e0u n\u00e2u Czarda vi\u1ec1n m\u00e0u x\u00e1m ph\u00f9 h\u1ee3p v\u1edbi nhi\u1ec1u d\u1ecbp, t\u1eeb c\u00f4ng vi\u1ec7c, \u0111i ch\u01a1i, g\u1eb7p g\u1ee1 b\u1ea1n b\u00e8, \u0111i d\u1ea1o quanh th\u1ecb tr\u1ea5n. S\u1ef1 k\u1ebft h\u1ee3p gi\u1eefa thi\u1ebft k\u1ebf trang nh\u00e3 v\u00e0 m\u00e0u s\u1eafc d\u1ec5 k\u1ebft h\u1ee3p khi\u1ebfn t\u00fai tr\u1edf th\u00e0nh m\u1ed9t ph\u1ee5 ki\u1ec7n \u0111a n\u0103ng. T\u00fai Czarda c\u00f3 thi\u1ebft k\u1ebf tr\u00f2n v\u00e0 d\u00e2y r\u00fat \u1edf mi\u1ec7ng, t\u1ea1o n\u00ean v\u1ebb ngo\u00e0i m\u1edbi m\u1ebb v\u00e0 tr\u1ebb trung, v\u1edbi h\u1ecda ti\u1ebft d\u1eadp n\u1ed5i \u0111\u1ed9c \u0111\u00e1o. T\u00fai \u0111\u01b0\u1ee3c l\u00e0m b\u1eb1ng da m\u1ec1m m\u1ea1i v\u00e0 b\u1ec1n. D\u00e2y \u0111eo l\u01b0ng \u0111\u01b0\u1ee3c l\u00e0m b\u1eb1ng da, t\u1ea1o s\u1ef1 tho\u1ea3i m\u00e1i khi s\u1eed d\u1ee5ng.<\/p>\n","protected":false},"excerpt":{"rendered":"<p>T\u00fai Czarda c\u00f3 thi\u1ebft k\u1ebf tr\u00f2n v\u00e0 d\u00e2y r\u00fat \u1edf mi\u1ec7ng, t\u1ea1o n\u00ean v\u1ebb ngo\u00e0i m\u1edbi m\u1ebb v\u00e0 tr\u1ebb trung, v\u1edbi h\u1ecda ti\u1ebft d\u1eadp n\u1ed5i \u0111\u1ed9c \u0111\u00e1o. T\u00fai \u0111\u01b0\u1ee3c l\u00e0m b\u1eb1ng da m\u1ec1m m\u1ea1i v\u00e0 b\u1ec1n. D\u00e2y \u0111eo l\u01b0ng \u0111\u01b0\u1ee3c l\u00e0m b\u1eb1ng da, t\u1ea1o s\u1ef1 tho\u1ea3i m\u00e1i khi s\u1eed d\u1ee5ng.<\/p>\n","protected":false},"featured_media":1004,"comment_status":"open","ping_status":"closed","template":"","meta":{"inline_featured_image":false},"product_brand":[],"product_cat":[36],"product_tag":[],"class_list":{"0":"post-3488","1":"product","2":"type-product","3":"status-publish","4":"has-post-thumbnail","6":"product_cat-tui-xach","8":"first","9":"instock","10":"shipping-taxable","11":"purchasable","12":"product-type-simple"},"acf":[],"_links":{"self":[{"href":"https:\/\/tynivintage.com\/vi\/wp-json\/wp\/v2\/product\/3488","targetHints":{"allow":["GET"]}}],"collection":[{"href":"https:\/\/tynivintage.com\/vi\/wp-json\/wp\/v2\/product"}],"about":[{"href":"https:\/\/tynivintage.com\/vi\/wp-json\/wp\/v2\/types\/product"}],"replies":[{"embeddable":true,"href":"https:\/\/tynivintage.com\/vi\/wp-json\/wp\/v2\/comments?post=3488"}],"wp:featuredmedia":[{"embeddable":true,"href":"https:\/\/tynivintage.com\/vi\/wp-json\/wp\/v2\/media\/1004"}],"wp:attachment":[{"href":"https:\/\/tynivintage.com\/vi\/wp-json\/wp\/v2\/media?parent=3488"}],"wp:term":[{"taxonomy":"product_brand","embeddable":true,"href":"https:\/\/tynivintage.com\/vi\/wp-json\/wp\/v2\/product_brand?post=3488"},{"taxonomy":"product_cat","embeddable":true,"href":"https:\/\/tynivintage.com\/vi\/wp-json\/wp\/v2\/product_cat?post=3488"},{"taxonomy":"product_tag","embeddable":true,"href":"https:\/\/tynivintage.com\/vi\/wp-json\/wp\/v2\/product_tag?post=3488"}],"curies":[{"name":"wp","href":"https:\/\/api.w.org\/{rel}","templated":true}]}}