{"id":3474,"date":"2025-01-16T01:09:16","date_gmt":"2025-03-13T14:41:41","guid":{"rendered":"https:\/\/tynivintage.com\/?post_type=product&#038;p=3474"},"modified":"2025-03-13T21:41:42","modified_gmt":"2025-03-13T14:41:42","slug":"tui-xach-vai-bat-fendi-zucca-mau-nau","status":"publish","type":"product","link":"https:\/\/tynivintage.com\/vi\/san-pham\/tui-xach-vai-bat-fendi-zucca-mau-nau\/","title":{"rendered":"T\u00fai x\u00e1ch v\u1ea3i b\u1ea1t Fendi zucca m\u00e0u n\u00e2u"},"content":{"rendered":"<p>1. Thi\u1ebft k\u1ebf Fendi \u0111\u00edch th\u1ef1c<br \/>\n\u2022 Chi\u1ebfc t\u00fai \u0111\u01b0\u1ee3c trang tr\u00ed b\u1eb1ng h\u1ecda ti\u1ebft ch\u1eef l\u1ed3ng &#8220;FF&#8221; \u0111\u1eb7c tr\u01b0ng c\u1ee7a Fendi, ph\u1ea3n \u00e1nh ngay s\u1ef1 uy t\u00edn c\u1ee7a th\u01b0\u01a1ng hi\u1ec7u Fendi n\u1ed5i ti\u1ebfng.<br \/>\n\u2022 Thi\u1ebft k\u1ebf tote r\u1ed9ng r\u00e3i to\u00e1t l\u00ean v\u1ebb tinh t\u1ebf hi\u1ec7n \u0111\u1ea1i v\u00e0 ph\u00f9 h\u1ee3p ho\u00e0n h\u1ea3o v\u1edbi xu h\u01b0\u1edbng th\u1eddi trang \u0111\u01b0\u01a1ng \u0111\u1ea1i.<\/p>\n<p>2. V\u1eadt li\u1ec7u cao c\u1ea5p v\u00e0 tay ngh\u1ec1 th\u1ee7 c\u00f4ng t\u1ec9 m\u1ec9<br \/>\n\u2022 B\u00ean ngo\u00e0i \u0111\u01b0\u1ee3c ch\u1ebf t\u00e1c t\u1eeb v\u1ea3i b\u1ea1t cao c\u1ea5p, \u0111\u1ea3m b\u1ea3o \u0111\u1ed9 b\u1ec1n v\u00e0 d\u1ec5 b\u1ea3o tr\u00ec.<br \/>\n\u2022 Tay c\u1ea7m ch\u1eafc ch\u1eafn \u0111\u01b0\u1ee3c l\u00e0m t\u1eeb da n\u00e2u m\u1ec1m k\u1ebft h\u1ee3p \u0111\u1ed9 b\u1ec1n v\u1edbi l\u1edbp ho\u00e0n thi\u1ec7n thanh l\u1ecbch.<br \/>\n\u2022 T\u00fai c\u00f3 c\u00e1c n\u00fat b\u1ea5m th\u1eddi trang \u1edf c\u1ea3 hai b\u00ean c\u1ee7a l\u1ed7 m\u1edf, kh\u00f4ng ch\u1ec9 c\u1ed1 \u0111\u1ecbnh \u0111\u1ed3 \u0111\u1ea1c c\u1ee7a b\u1ea1n m\u00e0 c\u00f2n \u0111\u00f3ng vai tr\u00f2 nh\u01b0 m\u1ed9t chi ti\u1ebft thi\u1ebft k\u1ebf \u0111\u1ed9c \u0111\u00e1o.<\/p>\n<p>3. Ch\u1ee9c n\u0103ng \u0111\u1eb7c bi\u1ec7t v\u00e0 ti\u1ec7n l\u1ee3i<br \/>\n\u2022 Thi\u1ebft k\u1ebf r\u1ed9ng r\u00e3i l\u00fd t\u01b0\u1edfng \u0111\u1ec3 mang theo c\u00e1c v\u1eadt d\u1ee5ng c\u1ea7n thi\u1ebft h\u00e0ng ng\u00e0y nh\u01b0 v\u00ed, \u0111i\u1ec7n tho\u1ea1i, m\u1ef9 ph\u1ea9m v\u00e0 c\u00e1c ph\u1ee5 ki\u1ec7n c\u00e1 nh\u00e2n kh\u00e1c.<br \/>\n\u2022 Chi ti\u1ebft \u0111\u00f3ng an to\u00e0n mang l\u1ea1i s\u1ef1 an t\u00e2m b\u1eb1ng c\u00e1ch gi\u1eef an to\u00e0n cho \u0111\u1ed3 \u0111\u1ea1c c\u1ee7a b\u1ea1n.<\/p>\n<p>4. Linh ho\u1ea1t cho c\u00e1c phong c\u00e1ch v\u00e0 d\u1ecbp kh\u00e1c nhau<br \/>\n\u2022 V\u1edbi thi\u1ebft k\u1ebf tinh t\u1ebf, chi\u1ebfc t\u00fai n\u00e0y ho\u00e0n h\u1ea3o cho c\u00e1c b\u1ed1i c\u1ea3nh chuy\u00ean nghi\u1ec7p, \u0111i ch\u01a1i b\u00ecnh th\u01b0\u1eddng ho\u1eb7c c\u00e1c s\u1ef1 ki\u1ec7n \u0111\u1eb7c bi\u1ec7t. \u2022 S\u1ef1 pha tr\u1ed9n gi\u1eefa v\u1ea3i canvas tr\u1ebb trung v\u00e0 da sang tr\u1ecdng cho ph\u00e9p b\u1ea1n t\u1ef1 tin th\u1ec3 hi\u1ec7n phong c\u00e1ch \u0111\u1ed9c \u0111\u00e1o c\u1ee7a m\u00ecnh trong m\u1ecdi t\u00ecnh hu\u1ed1ng.<\/p>\n<p>5. Th\u00f4ng tin chi ti\u1ebft \u2022 Th\u01b0\u01a1ng hi\u1ec7u: Fendi \u2022 Hoa v\u0103n: Ch\u1eef l\u1ed3ng &#8220;FF&#8221; \u0111\u1eb7c tr\u01b0ng \u2022 Ch\u1ea5t li\u1ec7u: Canvas v\u00e0 da \u2022 Ki\u1ec3u d\u00e1ng: Tote r\u1ed9ng r\u00e3i \u2022 Chi ti\u1ebft: N\u00fat b\u1ea5m \u1edf hai b\u00ean m\u1edf \u2022 M\u00e0u s\u1eafc: H\u1ecda ti\u1ebft Monogram k\u1ebft h\u1ee3p v\u1edbi tay c\u1ea7m b\u1eb1ng da m\u00e0u n\u00e2u<\/p>\n","protected":false},"excerpt":{"rendered":"<p>Chi\u1ebfc t\u00fai c\u00f3 h\u1ecda ti\u1ebft ch\u1eef l\u1ed3ng &#8220;FF&#8221; \u0111\u1eb7c tr\u01b0ng c\u1ee7a Fendi tr\u00ean v\u1ea3i v\u1ea3i, k\u1ebft h\u1ee3p v\u1edbi tay c\u1ea7m b\u1eb1ng da m\u00e0u n\u00e2u. \u0110\u01b0\u1ee3c thi\u1ebft k\u1ebf nh\u01b0 m\u1ed9t chi\u1ebfc t\u00fai x\u00e1ch r\u1ed9ng r\u00e3i, n\u00f3 c\u00f3 c\u00e1c n\u00fat b\u1ea5m \u1edf c\u1ea3 hai b\u00ean, t\u0103ng th\u00eam c\u1ea3 phong c\u00e1ch v\u00e0 s\u1ef1 ti\u1ec7n l\u1ee3i.<\/p>\n","protected":false},"featured_media":1026,"comment_status":"open","ping_status":"closed","template":"","meta":{"inline_featured_image":false},"product_brand":[],"product_cat":[36],"product_tag":[],"class_list":{"0":"post-3474","1":"product","2":"type-product","3":"status-publish","4":"has-post-thumbnail","6":"product_cat-tui-xach","8":"first","9":"outofstock","10":"shipping-taxable","11":"purchasable","12":"product-type-simple"},"acf":[],"_links":{"self":[{"href":"https:\/\/tynivintage.com\/vi\/wp-json\/wp\/v2\/product\/3474","targetHints":{"allow":["GET"]}}],"collection":[{"href":"https:\/\/tynivintage.com\/vi\/wp-json\/wp\/v2\/product"}],"about":[{"href":"https:\/\/tynivintage.com\/vi\/wp-json\/wp\/v2\/types\/product"}],"replies":[{"embeddable":true,"href":"https:\/\/tynivintage.com\/vi\/wp-json\/wp\/v2\/comments?post=3474"}],"wp:featuredmedia":[{"embeddable":true,"href":"https:\/\/tynivintage.com\/vi\/wp-json\/wp\/v2\/media\/1026"}],"wp:attachment":[{"href":"https:\/\/tynivintage.com\/vi\/wp-json\/wp\/v2\/media?parent=3474"}],"wp:term":[{"taxonomy":"product_brand","embeddable":true,"href":"https:\/\/tynivintage.com\/vi\/wp-json\/wp\/v2\/product_brand?post=3474"},{"taxonomy":"product_cat","embeddable":true,"href":"https:\/\/tynivintage.com\/vi\/wp-json\/wp\/v2\/product_cat?post=3474"},{"taxonomy":"product_tag","embeddable":true,"href":"https:\/\/tynivintage.com\/vi\/wp-json\/wp\/v2\/product_tag?post=3474"}],"curies":[{"name":"wp","href":"https:\/\/api.w.org\/{rel}","templated":true}]}}