{"id":3467,"date":"2025-01-16T15:30:27","date_gmt":"2025-03-13T14:35:24","guid":{"rendered":"https:\/\/tynivintage.com\/?post_type=product&#038;p=3467"},"modified":"2025-03-13T21:35:24","modified_gmt":"2025-03-13T14:35:24","slug":"tui-xach-hermes-vinyl-kelly","status":"publish","type":"product","link":"https:\/\/tynivintage.com\/vi\/san-pham\/tui-xach-hermes-vinyl-kelly\/","title":{"rendered":"T\u00fai x\u00e1ch HERMES Vinyl Kelly"},"content":{"rendered":"<p>T\u00fai x\u00e1ch PVC trong su\u1ed1t Hermes &#8220;Un Voyage au Pays des Merveilles&#8221; &#8211; K\u00edch th\u01b0\u1edbc 40&#215;35 cm<\/p>\n<p>Chi\u1ebfc t\u00fai x\u00e1ch Hermes trong su\u1ed1t \u0111\u1ed9c \u0111\u00e1o n\u00e0y c\u00f3 k\u00edch th\u01b0\u1edbc r\u1ed9ng r\u00e3i 40&#215;35 cm, k\u1ebft h\u1ee3p hi\u1ec7n \u0111\u1ea1i v\u1edbi n\u00e9t th\u1eddi trang. \u0110\u01b0\u1ee3c l\u00e0m t\u1eeb PVC ch\u1ea5t l\u01b0\u1ee3ng cao, n\u00f3 b\u1ec1n, nh\u1eb9 nh\u01b0ng v\u1eabn gi\u1eef \u0111\u01b0\u1ee3c v\u1ebb ngo\u00e0i thanh l\u1ecbch.<\/p>\n<p>\u0110\u01b0\u1ee3c thi\u1ebft k\u1ebf theo h\u00ecnh ch\u1eef nh\u1eadt v\u1edbi n\u1eafp g\u1eadp l\u1ea1i v\u00e0 m\u00f3c c\u00e0i kim lo\u1ea1i an to\u00e0n, chi\u1ebfc t\u00fai n\u1ed5i b\u1eadt v\u1edbi d\u00f2ng ch\u1eef ngh\u1ec7 thu\u1eadt &#8220;Un Voyage au Pays des Merveilles&#8221;, c\u00f3 ngh\u0129a l\u00e0 &#8220;H\u00e0nh tr\u00ecnh \u0111\u1ebfn v\u00f9ng \u0111\u1ea5t k\u1ef3 quan&#8221;, t\u1ea1o th\u00eam n\u00e9t quy\u1ebfn r\u0169 \u0111\u1eb7c bi\u1ec7t v\u00e0 phong c\u00e1ch.<\/p>\n<p>\u0110\u01b0\u1ee3c trang b\u1ecb tay c\u1ea7m ch\u1eafc ch\u1eafn \u0111\u1ec3 d\u1ec5 d\u00e0ng mang theo, chi\u1ebfc t\u00fai n\u00e0y ho\u00e0n h\u1ea3o \u0111\u1ec3 s\u1eed d\u1ee5ng h\u00e0ng ng\u00e0y ho\u1eb7c nh\u01b0 m\u1ed9t tuy\u00ean b\u1ed1 th\u1eddi trang h\u1ee3p th\u1eddi trang. M\u1ed9t s\u1ef1 l\u1ef1a ch\u1ecdn l\u00fd t\u01b0\u1edfng cho nh\u1eefng ai \u0111\u00e1nh gi\u00e1 cao phong c\u00e1ch t\u00e1o b\u1ea1o v\u00e0 \u0111\u1ed9c \u0111\u00e1o.<\/p>\n","protected":false},"excerpt":{"rendered":"<p>T\u00fai PVC trong su\u1ed1t Hermes &#8220;Un Voyage au Pays des Merveilles&#8221; M\u1ed9t chi\u1ebfc t\u00fai trong su\u1ed1t \u0111\u1ed9c \u0111\u00e1o c\u1ee7a Hermes, \u0111\u01b0\u1ee3c ch\u1ebf t\u00e1c t\u1eeb ch\u1ea5t li\u1ec7u PVC b\u1ec1n v\u1edbi m\u00f3c c\u00e0i kim lo\u1ea1i thanh l\u1ecbch. D\u00f2ng ch\u1eef ngh\u1ec7 thu\u1eadt &#8220;Un Voyage au Pays des Merveilles&#8221; t\u1ea1o th\u00eam n\u00e9t phong c\u00e1ch v\u00e0 \u0111\u01b0\u01a1ng \u0111\u1ea1i. Ho\u00e0n h\u1ea3o \u0111\u1ec3 s\u1eed d\u1ee5ng h\u00e0ng ng\u00e0y ho\u1eb7c nh\u01b0 m\u1ed9t ph\u1ee5 ki\u1ec7n th\u1eddi trang n\u1ed5i b\u1eadt.<\/p>\n","protected":false},"featured_media":1907,"comment_status":"open","ping_status":"closed","template":"","meta":{"inline_featured_image":false},"product_brand":[],"product_cat":[36],"product_tag":[],"class_list":{"0":"post-3467","1":"product","2":"type-product","3":"status-publish","4":"has-post-thumbnail","6":"product_cat-tui-xach","8":"first","9":"instock","10":"shipping-taxable","11":"purchasable","12":"product-type-simple"},"acf":[],"_links":{"self":[{"href":"https:\/\/tynivintage.com\/vi\/wp-json\/wp\/v2\/product\/3467","targetHints":{"allow":["GET"]}}],"collection":[{"href":"https:\/\/tynivintage.com\/vi\/wp-json\/wp\/v2\/product"}],"about":[{"href":"https:\/\/tynivintage.com\/vi\/wp-json\/wp\/v2\/types\/product"}],"replies":[{"embeddable":true,"href":"https:\/\/tynivintage.com\/vi\/wp-json\/wp\/v2\/comments?post=3467"}],"wp:featuredmedia":[{"embeddable":true,"href":"https:\/\/tynivintage.com\/vi\/wp-json\/wp\/v2\/media\/1907"}],"wp:attachment":[{"href":"https:\/\/tynivintage.com\/vi\/wp-json\/wp\/v2\/media?parent=3467"}],"wp:term":[{"taxonomy":"product_brand","embeddable":true,"href":"https:\/\/tynivintage.com\/vi\/wp-json\/wp\/v2\/product_brand?post=3467"},{"taxonomy":"product_cat","embeddable":true,"href":"https:\/\/tynivintage.com\/vi\/wp-json\/wp\/v2\/product_cat?post=3467"},{"taxonomy":"product_tag","embeddable":true,"href":"https:\/\/tynivintage.com\/vi\/wp-json\/wp\/v2\/product_tag?post=3467"}],"curies":[{"name":"wp","href":"https:\/\/api.w.org\/{rel}","templated":true}]}}