{"id":3454,"date":"2025-01-16T15:43:27","date_gmt":"2025-03-13T14:26:44","guid":{"rendered":"https:\/\/tynivintage.com\/?post_type=product&#038;p=3454"},"modified":"2025-03-13T21:26:45","modified_gmt":"2025-03-13T14:26:45","slug":"tui-hoa-do-co-dien","status":"publish","type":"product","link":"https:\/\/tynivintage.com\/vi\/san-pham\/tui-hoa-do-co-dien\/","title":{"rendered":"T\u00fai hoa \u0111\u1ecf c\u1ed5 \u0111i\u1ec3n"},"content":{"rendered":"<p>\u0110\u00e2y l\u00e0 chi\u1ebfc t\u00fai x\u00e1ch n\u1eef phong c\u00e1ch c\u1ed5 \u0111i\u1ec3n v\u1edbi thi\u1ebft k\u1ebf n\u1ed5i b\u1eadt v\u00e0 tinh t\u1ebf. D\u01b0\u1edbi \u0111\u00e2y l\u00e0 m\u00f4 t\u1ea3 chi ti\u1ebft:<\/p>\n<p>1. Ch\u1ea5t li\u1ec7u:<\/p>\n<p>Th\u00e2n t\u00fai \u0111\u01b0\u1ee3c l\u00e0m b\u1eb1ng v\u1ea3i hoa v\u0103n m\u00e0u \u0111\u1ecf v\u00e0 v\u00e0ng, t\u1ea1o c\u1ea3m gi\u00e1c truy\u1ec1n th\u1ed1ng v\u00e0 thanh l\u1ecbch.<\/p>\n<p>Vi\u1ec1n v\u00e0 tay c\u1ea7m \u0111\u01b0\u1ee3c l\u00e0m b\u1eb1ng da \u0111en, ch\u1eafc ch\u1eafn v\u00e0 sang tr\u1ecdng.<\/p>\n<p>2. M\u00e0u s\u1eafc:<\/p>\n<p>T\u00f4ng m\u00e0u \u0111\u1ecf ch\u1ee7 \u0111\u1ea1o v\u1edbi c\u00e1c chi ti\u1ebft hoa v\u0103n nh\u1ecf m\u00e0u v\u00e0ng v\u00e0 tr\u1eafng, t\u1ea1o n\u00ean v\u1ebb ngo\u00e0i n\u1ed5i b\u1eadt nh\u01b0ng v\u1eabn h\u00e0i h\u00f2a.<\/p>\n<p>\u0110\u01b0\u1eddng vi\u1ec1n m\u00e0u \u0111en v\u00e0 khung kim lo\u1ea1i s\u00e1ng b\u00f3ng l\u00e0m n\u1ed5i b\u1eadt thi\u1ebft k\u1ebf t\u1ed5ng th\u1ec3.<\/p>\n<p>3. Chi ti\u1ebft thi\u1ebft k\u1ebf:<\/p>\n<p>H\u00ecnh d\u00e1ng t\u00fai h\u00ecnh v\u00f2m m\u1ec1m m\u1ea1i, k\u1ebft h\u1ee3p v\u1edbi khung mi\u1ec7ng kim lo\u1ea1i c\u1ed5 \u0111i\u1ec3n.<\/p>\n<p>D\u00e2y da m\u00e0u \u0111en d\u00e0i v\u1eeba ph\u1ea3i, thu\u1eadn ti\u1ec7n cho vi\u1ec7c c\u1ea7m tay ho\u1eb7c \u0111eo vai.<\/p>\n<p>4. Phong c\u00e1ch:<\/p>\n<p>T\u00fai thanh l\u1ecbch, ph\u00f9 h\u1ee3p cho nh\u1eefng d\u1ecbp \u0111\u1eb7c bi\u1ec7t, ti\u1ec7c t\u00f9ng ho\u1eb7c \u0111i ch\u01a1i khi b\u1ea1n mu\u1ed1n th\u1ec3 hi\u1ec7n gu th\u1ea9m m\u1ef9 tinh t\u1ebf c\u1ee7a m\u00ecnh.<\/p>\n<p>\u0110\u00e2y l\u00e0 chi\u1ebfc t\u00fai v\u1eeba c\u1ed5 \u0111i\u1ec3n v\u1eeba n\u1ed5i b\u1eadt, t\u1ea1o \u0111i\u1ec3m nh\u1ea5n cho b\u1ea5t k\u1ef3 trang ph\u1ee5c n\u00e0o.<\/p>\n","protected":false},"excerpt":{"rendered":"<p>\u0110\u00e2y l\u00e0 chi\u1ebfc t\u00fai x\u00e1ch n\u1eef phong c\u00e1ch c\u1ed5 \u0111i\u1ec3n v\u1edbi thi\u1ebft k\u1ebf n\u1ed5i b\u1eadt v\u00e0 tinh t\u1ebf. T\u00f4ng m\u00e0u \u0111\u1ecf ch\u1ee7 \u0111\u1ea1o v\u1edbi c\u00e1c chi ti\u1ebft hoa v\u0103n nh\u1ecf m\u00e0u v\u00e0ng v\u00e0 tr\u1eafng, t\u1ea1o \u0111i\u1ec3m nh\u1ea5n nh\u01b0ng v\u1eabn h\u00e0i h\u00f2a. \u0110\u01b0\u1eddng vi\u1ec1n m\u00e0u \u0111en v\u00e0 khung kim lo\u1ea1i s\u00e1ng b\u00f3ng l\u00e0m n\u1ed5i b\u1eadt thi\u1ebft k\u1ebf t\u1ed5ng th\u1ec3.<\/p>\n","protected":false},"featured_media":1072,"comment_status":"open","ping_status":"closed","template":"","meta":{"inline_featured_image":false},"product_brand":[],"product_cat":[36],"product_tag":[],"class_list":{"0":"post-3454","1":"product","2":"type-product","3":"status-publish","4":"has-post-thumbnail","6":"product_cat-tui-xach","8":"first","9":"outofstock","10":"shipping-taxable","11":"purchasable","12":"product-type-simple"},"acf":[],"_links":{"self":[{"href":"https:\/\/tynivintage.com\/vi\/wp-json\/wp\/v2\/product\/3454","targetHints":{"allow":["GET"]}}],"collection":[{"href":"https:\/\/tynivintage.com\/vi\/wp-json\/wp\/v2\/product"}],"about":[{"href":"https:\/\/tynivintage.com\/vi\/wp-json\/wp\/v2\/types\/product"}],"replies":[{"embeddable":true,"href":"https:\/\/tynivintage.com\/vi\/wp-json\/wp\/v2\/comments?post=3454"}],"wp:featuredmedia":[{"embeddable":true,"href":"https:\/\/tynivintage.com\/vi\/wp-json\/wp\/v2\/media\/1072"}],"wp:attachment":[{"href":"https:\/\/tynivintage.com\/vi\/wp-json\/wp\/v2\/media?parent=3454"}],"wp:term":[{"taxonomy":"product_brand","embeddable":true,"href":"https:\/\/tynivintage.com\/vi\/wp-json\/wp\/v2\/product_brand?post=3454"},{"taxonomy":"product_cat","embeddable":true,"href":"https:\/\/tynivintage.com\/vi\/wp-json\/wp\/v2\/product_cat?post=3454"},{"taxonomy":"product_tag","embeddable":true,"href":"https:\/\/tynivintage.com\/vi\/wp-json\/wp\/v2\/product_tag?post=3454"}],"curies":[{"name":"wp","href":"https:\/\/api.w.org\/{rel}","templated":true}]}}