{"id":3423,"date":"2025-01-16T23:42:04","date_gmt":"2025-03-13T14:14:36","guid":{"rendered":"https:\/\/tynivintage.com\/?post_type=product&#038;p=3423"},"modified":"2025-03-13T21:14:36","modified_gmt":"2025-03-13T14:14:36","slug":"tui-deo-cheo-coach-mau-nau","status":"publish","type":"product","link":"https:\/\/tynivintage.com\/vi\/san-pham\/tui-deo-cheo-coach-mau-nau\/","title":{"rendered":"T\u00fai \u0111eo ch\u00e9o Coach m\u00e0u n\u00e2u"},"content":{"rendered":"<p>T\u00fai \u0111\u01b0\u1ee3c trang b\u1ecb d\u00e2y \u0111eo ch\u00e9o b\u1eb1ng da c\u00f3 th\u1ec3 \u0111i\u1ec1u ch\u1ec9nh \u0111\u1ed9 d\u00e0i cho ph\u00f9 h\u1ee3p v\u1edbi ng\u01b0\u1eddi d\u00f9ng. D\u00e2y \u0111eo th\u01b0\u1eddng \u0111i k\u00e8m v\u1edbi c\u00e1c chi ti\u1ebft kim lo\u1ea1i m\u1ea1 v\u00e0ng ho\u1eb7c b\u1ea1c \u0111\u1ec3 t\u0103ng th\u00eam s\u1ef1 sang tr\u1ecdng. Chi\u1ebfc t\u00fai \u0111\u01b0\u1ee3c thi\u1ebft k\u1ebf h\u00ecnh vu\u00f4ng v\u1edbi c\u00e1c \u0111\u01b0\u1eddng n\u00e9t h\u01a1i tr\u00f2n t\u1ea1o c\u1ea3m gi\u00e1c m\u1ec1m m\u1ea1i, hi\u1ec7n \u0111\u1ea1i. Phong c\u00e1ch thi\u1ebft k\u1ebf t\u1ed1i gi\u1ea3n t\u1eadp trung v\u00e0o s\u1ef1 tinh t\u1ebf v\u00e0 ch\u1ea5t li\u1ec7u cao c\u1ea5p. M\u00e0u n\u00e2u \u0111\u1ed3ng nh\u1ea5t l\u00e0 t\u00f4ng m\u00e0u c\u1ed5 \u0111i\u1ec3n, d\u1ec5 ph\u1ed1i h\u1ee3p, ph\u00f9 h\u1ee3p v\u1edbi m\u1ecdi l\u1ee9a tu\u1ed5i.<\/p>\n","protected":false},"excerpt":{"rendered":"<p>M\u00e0u n\u00e2u \u0111\u1eb7c l\u00e0 m\u00e0u c\u1ed5 \u0111i\u1ec3n, d\u1ec5 ph\u1ed1i h\u1ee3p, ph\u00f9 h\u1ee3p v\u1edbi m\u1ecdi l\u1ee9a tu\u1ed5i v\u00e0 d\u1ecbp, t\u1eeb \u0111i l\u00e0m, \u0111i ra ngo\u00e0i \u0111\u1ebfn c\u00e1c cu\u1ed9c h\u1ecdp.<\/p>\n","protected":false},"featured_media":1172,"comment_status":"open","ping_status":"closed","template":"","meta":{"inline_featured_image":false},"product_brand":[],"product_cat":[36],"product_tag":[],"class_list":{"0":"post-3423","1":"product","2":"type-product","3":"status-publish","4":"has-post-thumbnail","6":"product_cat-tui-xach","8":"first","9":"instock","10":"shipping-taxable","11":"purchasable","12":"product-type-simple"},"acf":[],"_links":{"self":[{"href":"https:\/\/tynivintage.com\/vi\/wp-json\/wp\/v2\/product\/3423","targetHints":{"allow":["GET"]}}],"collection":[{"href":"https:\/\/tynivintage.com\/vi\/wp-json\/wp\/v2\/product"}],"about":[{"href":"https:\/\/tynivintage.com\/vi\/wp-json\/wp\/v2\/types\/product"}],"replies":[{"embeddable":true,"href":"https:\/\/tynivintage.com\/vi\/wp-json\/wp\/v2\/comments?post=3423"}],"wp:featuredmedia":[{"embeddable":true,"href":"https:\/\/tynivintage.com\/vi\/wp-json\/wp\/v2\/media\/1172"}],"wp:attachment":[{"href":"https:\/\/tynivintage.com\/vi\/wp-json\/wp\/v2\/media?parent=3423"}],"wp:term":[{"taxonomy":"product_brand","embeddable":true,"href":"https:\/\/tynivintage.com\/vi\/wp-json\/wp\/v2\/product_brand?post=3423"},{"taxonomy":"product_cat","embeddable":true,"href":"https:\/\/tynivintage.com\/vi\/wp-json\/wp\/v2\/product_cat?post=3423"},{"taxonomy":"product_tag","embeddable":true,"href":"https:\/\/tynivintage.com\/vi\/wp-json\/wp\/v2\/product_tag?post=3423"}],"curies":[{"name":"wp","href":"https:\/\/api.w.org\/{rel}","templated":true}]}}