{"id":3405,"date":"2025-01-24T00:09:03","date_gmt":"2025-03-13T14:03:29","guid":{"rendered":"https:\/\/tynivintage.com\/?post_type=product&#038;p=3405"},"modified":"2025-03-13T21:03:29","modified_gmt":"2025-03-13T14:03:29","slug":"tui-celine-macadam-mau-be","status":"publish","type":"product","link":"https:\/\/tynivintage.com\/vi\/san-pham\/tui-celine-macadam-mau-be\/","title":{"rendered":"T\u00fai Celine Macadam M\u00e0u Be"},"content":{"rendered":"<p>Chi\u1ebfc t\u00fai tote Celine c\u1ed5 \u0111i\u1ec3n n\u00e0y l\u00e0 s\u1ef1 pha tr\u1ed9n ho\u00e0n h\u1ea3o gi\u1eefa phong c\u00e1ch c\u1ed5 \u0111i\u1ec3n v\u00e0 v\u1ebb \u0111\u1eb9p hi\u1ec7n \u0111\u1ea1i. \u0110\u01b0\u1ee3c thi\u1ebft k\u1ebf v\u1edbi t\u00f4ng m\u00e0u be nh\u1ea1t tinh t\u1ebf, h\u1ecda ti\u1ebft monogram Celine \u0111\u1eb7c tr\u01b0ng l\u00e0m t\u0103ng v\u1ebb sang tr\u1ecdng v\u00e0 tinh t\u1ebf c\u1ee7a n\u00f3. C\u00e1c t\u00ednh n\u0103ng ch\u00ednh: \u2022 Ch\u1ea5t li\u1ec7u cao c\u1ea5p: \u0110\u01b0\u1ee3c l\u00e0m t\u1eeb v\u1ea3i b\u1ea1t ch\u1ea5t l\u01b0\u1ee3ng cao, chi\u1ebfc t\u00fai n\u00e0y b\u1ec1n v\u00e0 d\u1ec5 lau ch\u00f9i, \u0111\u01b0\u1ee3c b\u1ed5 sung b\u1edfi vi\u1ec1n da m\u00e0u n\u00e2u nh\u1ea1t thanh l\u1ecbch. \u2022 Thi\u1ebft k\u1ebf tinh t\u1ebf: H\u00ecnh d\u1ea1ng tote c\u00f3 c\u1ea5u tr\u00fac v\u1edbi tay c\u1ea7m t\u00edch h\u1ee3p \u0111\u1ea3m b\u1ea3o c\u1ea7m n\u1eafm ch\u1eafc ch\u1eafn, l\u00fd t\u01b0\u1edfng cho vi\u1ec7c s\u1eed d\u1ee5ng h\u00e0ng ng\u00e0y ho\u1eb7c l\u00e0m vi\u1ec7c. \u2022 Logo d\u1eadp n\u1ed5i: M\u1eb7t b\u00ean c\u00f3 th\u01b0\u01a1ng hi\u1ec7u &#8220;CELINE&#8221; d\u1eadp n\u1ed5i, t\u0103ng th\u00eam n\u00e9t sang tr\u1ecdng v\u00e0 c\u1ee7ng c\u1ed1 uy t\u00edn c\u1ee7a th\u01b0\u01a1ng hi\u1ec7u. \u2022 N\u1ed9i th\u1ea5t r\u1ed9ng r\u00e3i: Thi\u1ebft k\u1ebf tote r\u1ed9ng r\u00e3i cung c\u1ea5p kh\u00f4ng gian r\u1ed9ng r\u00e3i cho c\u00e1c v\u1eadt d\u1ee5ng c\u1ea7n thi\u1ebft nh\u01b0 m\u00e1y t\u00ednh x\u00e1ch tay, t\u00e0i li\u1ec7u, \u0111i\u1ec7n tho\u1ea1i, v\u00ed, m\u1ef9 ph\u1ea9m, v.v. \u2022 Linh ho\u1ea1t v\u00e0 phong c\u00e1ch: Ho\u00e0n to\u00e0n ph\u00f9 h\u1ee3p v\u1edbi nhi\u1ec1u phong c\u00e1ch th\u1eddi trang kh\u00e1c nhau, t\u1eeb thanh l\u1ecbch v\u00e0 n\u1eef t\u00ednh \u0111\u1ebfn hi\u1ec7n \u0111\u1ea1i v\u00e0 n\u0103ng \u0111\u1ed9ng. \u00a0 K\u00edch th\u01b0\u1edbc 30x23cm<\/p>\n","protected":false},"excerpt":{"rendered":"<p>\u0110\u00e2y l\u00e0 m\u1ed9t chi\u1ebfc t\u00fai tote c\u1ed5 \u0111i\u1ec3n Celine v\u1edbi m\u00e0u be nh\u1ea1t v\u1edbi h\u1ecda ti\u1ebft ch\u1eef l\u1ed3ng \u0111\u1eb7c tr\u01b0ng. Chi\u1ebfc t\u00fai c\u00f3 h\u00ecnh d\u00e1ng c\u00f3 c\u1ea5u tr\u00fac v\u1edbi tay c\u1ea7m t\u00edch h\u1ee3p cho v\u1ebb ngo\u00e0i hi\u1ec7n \u0111\u1ea1i nh\u01b0ng c\u1ed5 \u0111i\u1ec3n. M\u1eb7t b\u00ean b\u1eb1ng da r\u00e1m n\u1eafng \u0111\u01b0\u1ee3c d\u1eadp n\u1ed5i logo &#8220;CELINE&#8221; t\u1ea1o th\u00eam n\u00e9t sang tr\u1ecdng. R\u1ed9ng r\u00e3i v\u00e0 phong c\u00e1ch, chi\u1ebfc t\u00fai n\u00e0y ho\u00e0n h\u1ea3o \u0111\u1ec3 s\u1eed d\u1ee5ng h\u00e0ng ng\u00e0y, d\u1ec5 d\u00e0ng pha tr\u1ed9n s\u1ef1 sang tr\u1ecdng v\u00e0 thi\u1ebft th\u1ef1c.<\/p>\n","protected":false},"featured_media":1423,"comment_status":"open","ping_status":"closed","template":"","meta":{"inline_featured_image":false},"product_brand":[],"product_cat":[36],"product_tag":[],"class_list":{"0":"post-3405","1":"product","2":"type-product","3":"status-publish","4":"has-post-thumbnail","6":"product_cat-tui-xach","8":"first","9":"instock","10":"shipping-taxable","11":"purchasable","12":"product-type-simple"},"acf":[],"_links":{"self":[{"href":"https:\/\/tynivintage.com\/vi\/wp-json\/wp\/v2\/product\/3405","targetHints":{"allow":["GET"]}}],"collection":[{"href":"https:\/\/tynivintage.com\/vi\/wp-json\/wp\/v2\/product"}],"about":[{"href":"https:\/\/tynivintage.com\/vi\/wp-json\/wp\/v2\/types\/product"}],"replies":[{"embeddable":true,"href":"https:\/\/tynivintage.com\/vi\/wp-json\/wp\/v2\/comments?post=3405"}],"wp:featuredmedia":[{"embeddable":true,"href":"https:\/\/tynivintage.com\/vi\/wp-json\/wp\/v2\/media\/1423"}],"wp:attachment":[{"href":"https:\/\/tynivintage.com\/vi\/wp-json\/wp\/v2\/media?parent=3405"}],"wp:term":[{"taxonomy":"product_brand","embeddable":true,"href":"https:\/\/tynivintage.com\/vi\/wp-json\/wp\/v2\/product_brand?post=3405"},{"taxonomy":"product_cat","embeddable":true,"href":"https:\/\/tynivintage.com\/vi\/wp-json\/wp\/v2\/product_cat?post=3405"},{"taxonomy":"product_tag","embeddable":true,"href":"https:\/\/tynivintage.com\/vi\/wp-json\/wp\/v2\/product_tag?post=3405"}],"curies":[{"name":"wp","href":"https:\/\/api.w.org\/{rel}","templated":true}]}}