{"id":3404,"date":"2025-03-01T01:15:37","date_gmt":"2025-03-13T13:56:38","guid":{"rendered":"https:\/\/tynivintage.com\/?post_type=product&#038;p=3404"},"modified":"2025-03-13T20:56:38","modified_gmt":"2025-03-13T13:56:38","slug":"hoa-tai-noir-elegance","status":"publish","type":"product","link":"https:\/\/tynivintage.com\/vi\/san-pham\/hoa-tai-noir-elegance\/","title":{"rendered":"Hoa Tai Noir Elegance"},"content":{"rendered":"<p>Nh\u1eefng \u0111\u00f4i b\u00f4ng tai k\u1eb9p n\u00e0y c\u00f3 thi\u1ebft k\u1ebf h\u00ecnh b\u1ea7u d\u1ee5c thanh l\u1ecbch v\u1edbi b\u1ec1 m\u1eb7t m\u00e0u \u0111en b\u00f3ng, to\u00e1t l\u00ean c\u1ea3m gi\u00e1c b\u00ed \u1ea9n v\u00e0 tinh t\u1ebf ngay t\u1eeb c\u00e1i nh\u00ecn \u0111\u1ea7u ti\u00ean. \u0110i\u1ec1u l\u00e0m cho ch\u00fang th\u1ef1c s\u1ef1 \u0111\u1ed9c \u0111\u00e1o l\u00e0 chi ti\u1ebft hoa tinh t\u1ebf \u0111\u01b0\u1ee3c nh\u00fang trong n\u1ec1n t\u1ed1i, g\u1ee3i l\u00ean h\u00ecnh \u1ea3nh m\u1ed9t b\u00f4ng hoa n\u1edf trong \u0111\u00eam. Ch\u1ea5t li\u1ec7u \u0111\u00e1nh b\u00f3ng cao ph\u1ea3n chi\u1ebfu \u00e1nh s\u00e1ng nh\u1eb9 nh\u00e0ng, t\u0103ng th\u00eam chi\u1ec1u s\u00e2u v\u00e0 s\u1ef1 quy\u1ebfn r\u0169 m\u00ea ho\u1eb7c. Kh\u00f3a k\u1eb9p an to\u00e0n \u0111\u1ea3m b\u1ea3o s\u1ef1 tho\u1ea3i m\u00e1i v\u00e0 \u1ed5n \u0111\u1ecbnh, khi\u1ebfn ch\u00fang tr\u1edf n\u00ean ho\u00e0n h\u1ea3o cho nh\u1eefng ng\u01b0\u1eddi kh\u00f4ng b\u1ecb x\u1ecf l\u1ed7 tai v\u1eabn mu\u1ed1n \u0111eo \u0111\u1ed3 trang s\u1ee9c tinh t\u1ebf v\u00e0 b\u1eaft m\u1eaft. V\u1edbi thi\u1ebft k\u1ebf t\u1ed1i gi\u1ea3n nh\u01b0ng ngh\u1ec7 thu\u1eadt, nh\u1eefng \u0111\u00f4i b\u00f4ng tai n\u00e0y c\u00f3 th\u1ec3 d\u1ec5 d\u00e0ng k\u1ebft h\u1ee3p v\u1edbi nhi\u1ec1u phong c\u00e1ch th\u1eddi trang kh\u00e1c nhau, t\u1eeb c\u1ed5 \u0111i\u1ec3n v\u00e0 thanh l\u1ecbch \u0111\u1ebfn hi\u1ec7n \u0111\u1ea1i v\u00e0 s\u1eafc s\u1ea3o. Ch\u00fang l\u00e0 ph\u1ee5 ki\u1ec7n ho\u00e0n h\u1ea3o cho nh\u1eefng ai \u0111\u00e1nh gi\u00e1 cao s\u1ef1 tinh t\u1ebf v\u00e0 mu\u1ed1n th\u00eam n\u00e9t tinh t\u1ebf nh\u01b0ng n\u1ed5i b\u1eadt cho v\u1ebb ngo\u00e0i c\u1ee7a h\u1ecd.<\/p>\n","protected":false},"excerpt":{"rendered":"<p>B\u00f4ng tai k\u1eb9p v\u1edbi thi\u1ebft k\u1ebf h\u00ecnh b\u1ea7u d\u1ee5c b\u00f3ng b\u1ea9y m\u00e0u \u0111en b\u00f3ng b\u00ed \u1ea9n, \u0111i\u1ec3m nh\u1ea5n v\u1edbi c\u00e1c chi ti\u1ebft hoa tinh t\u1ebf b\u00ean trong, t\u1ea1o n\u00ean v\u1ebb ngo\u00e0i tinh t\u1ebf v\u00e0 quy\u1ebfn r\u0169. T\u1ed1i gi\u1ea3n nh\u01b0ng tinh t\u1ebf, ho\u00e0n h\u1ea3o cho nh\u1eefng ai \u0111\u00e1nh gi\u00e1 cao v\u1ebb \u0111\u1eb9p thanh l\u1ecbch v\u00e0 \u0111\u1ed9c \u0111\u00e1o.<\/p>\n","protected":false},"featured_media":2010,"comment_status":"open","ping_status":"closed","template":"","meta":{"inline_featured_image":false},"product_brand":[],"product_cat":[39],"product_tag":[],"class_list":{"0":"post-3404","1":"product","2":"type-product","3":"status-publish","4":"has-post-thumbnail","6":"product_cat-phu-kien-thoi-trang-khac","8":"first","9":"outofstock","10":"shipping-taxable","11":"purchasable","12":"product-type-simple"},"acf":[],"_links":{"self":[{"href":"https:\/\/tynivintage.com\/vi\/wp-json\/wp\/v2\/product\/3404","targetHints":{"allow":["GET"]}}],"collection":[{"href":"https:\/\/tynivintage.com\/vi\/wp-json\/wp\/v2\/product"}],"about":[{"href":"https:\/\/tynivintage.com\/vi\/wp-json\/wp\/v2\/types\/product"}],"replies":[{"embeddable":true,"href":"https:\/\/tynivintage.com\/vi\/wp-json\/wp\/v2\/comments?post=3404"}],"wp:featuredmedia":[{"embeddable":true,"href":"https:\/\/tynivintage.com\/vi\/wp-json\/wp\/v2\/media\/2010"}],"wp:attachment":[{"href":"https:\/\/tynivintage.com\/vi\/wp-json\/wp\/v2\/media?parent=3404"}],"wp:term":[{"taxonomy":"product_brand","embeddable":true,"href":"https:\/\/tynivintage.com\/vi\/wp-json\/wp\/v2\/product_brand?post=3404"},{"taxonomy":"product_cat","embeddable":true,"href":"https:\/\/tynivintage.com\/vi\/wp-json\/wp\/v2\/product_cat?post=3404"},{"taxonomy":"product_tag","embeddable":true,"href":"https:\/\/tynivintage.com\/vi\/wp-json\/wp\/v2\/product_tag?post=3404"}],"curies":[{"name":"wp","href":"https:\/\/api.w.org\/{rel}","templated":true}]}}