{"id":3403,"date":"2025-03-04T21:04:05","date_gmt":"2025-03-13T13:53:47","guid":{"rendered":"https:\/\/tynivintage.com\/?post_type=product&#038;p=3403"},"modified":"2025-03-13T20:53:47","modified_gmt":"2025-03-13T13:53:47","slug":"hoa-tai-twist-harmony","status":"publish","type":"product","link":"https:\/\/tynivintage.com\/vi\/san-pham\/hoa-tai-twist-harmony\/","title":{"rendered":"Hoa Tai Twist Harmony"},"content":{"rendered":"<p>Nh\u1eefng \u0111\u00f4i b\u00f4ng tai n\u00e0y c\u00f3 thi\u1ebft k\u1ebf tinh t\u1ebf v\u1edbi h\u00ecnh d\u1ea1ng n\u1eeda v\u1ecf, \u0111\u01b0\u1ee3c l\u00e0m n\u1ed5i b\u1eadt b\u1edfi nh\u1eefng \u0111\u01b0\u1eddng n\u00e9t xo\u1eafn trang nh\u00e3 tr\u00f4i ch\u1ea3y m\u1ed9t c\u00e1ch ngh\u1ec7 thu\u1eadt. S\u1ef1 k\u1ebft h\u1ee3p h\u00e0i h\u00f2a gi\u1eefa t\u00f4ng m\u00e0u v\u00e0ng v\u00e0 b\u1ea1c kh\u00f4ng ch\u1ec9 t\u1ea1o n\u00ean t\u00ednh th\u1ea9m m\u1ef9 \u0111\u1ed9c \u0111\u00e1o m\u00e0 c\u00f2n c\u00e2n b\u1eb1ng gi\u1eefa c\u00e1c y\u1ebfu t\u1ed1 c\u1ed5 \u0111i\u1ec3n v\u00e0 hi\u1ec7n \u0111\u1ea1i. L\u1edbp ho\u00e0n thi\u1ec7n b\u1eb1ng kim lo\u1ea1i \u0111\u01b0\u1ee3c \u0111\u00e1nh b\u00f3ng l\u00e0m t\u0103ng s\u1ee9c h\u1ea5p d\u1eabn sang tr\u1ecdng c\u1ee7a ch\u00fang, l\u00e0m cho ch\u00fang ph\u00f9 h\u1ee3p v\u1edbi nhi\u1ec1u phong c\u00e1ch th\u1eddi trang kh\u00e1c nhau, t\u1eeb thanh l\u1ecbch v\u00e0 tinh t\u1ebf \u0111\u1ebfn t\u00e1o b\u1ea1o v\u00e0 h\u1ee3p th\u1eddi trang. V\u1edbi s\u1ef1 kh\u00e9o l\u00e9o tinh x\u1ea3o, nh\u1eefng \u0111\u00f4i b\u00f4ng tai n\u00e0y l\u00e0 s\u1ef1 l\u1ef1a ch\u1ecdn ho\u00e0n h\u1ea3o \u0111\u1ec3 l\u00e0m n\u1ed5i b\u1eadt s\u1ef1 duy\u00ean d\u00e1ng v\u00e0 quy\u1ebfn r\u0169 c\u1ee7a ng\u01b0\u1eddi \u0111eo.<\/p>\n","protected":false},"excerpt":{"rendered":"<p>Nh\u1eefng \u0111\u00f4i b\u00f4ng tai n\u00e0y c\u00f3 thi\u1ebft k\u1ebf n\u1eeda v\u1ecf v\u1edbi c\u00e1c \u0111\u01b0\u1eddng xo\u1eafn thanh l\u1ecbch, k\u1ebft h\u1ee3p h\u00e0i h\u00f2a gi\u1eefa t\u00f4ng m\u00e0u v\u00e0ng v\u00e0 b\u1ea1c. L\u1edbp ho\u00e0n thi\u1ec7n b\u1eb1ng kim lo\u1ea1i \u0111\u01b0\u1ee3c \u0111\u00e1nh b\u00f3ng t\u1ea1o th\u00eam n\u00e9t sang tr\u1ecdng v\u00e0 tinh t\u1ebf, khi\u1ebfn ch\u00fang ph\u00f9 h\u1ee3p v\u1edbi nhi\u1ec1u phong c\u00e1ch th\u1eddi trang kh\u00e1c nhau.<\/p>\n","protected":false},"featured_media":2007,"comment_status":"open","ping_status":"closed","template":"","meta":{"inline_featured_image":false},"product_brand":[],"product_cat":[39],"product_tag":[],"class_list":{"0":"post-3403","1":"product","2":"type-product","3":"status-publish","4":"has-post-thumbnail","6":"product_cat-phu-kien-thoi-trang-khac","8":"first","9":"outofstock","10":"shipping-taxable","11":"purchasable","12":"product-type-simple"},"acf":[],"_links":{"self":[{"href":"https:\/\/tynivintage.com\/vi\/wp-json\/wp\/v2\/product\/3403","targetHints":{"allow":["GET"]}}],"collection":[{"href":"https:\/\/tynivintage.com\/vi\/wp-json\/wp\/v2\/product"}],"about":[{"href":"https:\/\/tynivintage.com\/vi\/wp-json\/wp\/v2\/types\/product"}],"replies":[{"embeddable":true,"href":"https:\/\/tynivintage.com\/vi\/wp-json\/wp\/v2\/comments?post=3403"}],"wp:featuredmedia":[{"embeddable":true,"href":"https:\/\/tynivintage.com\/vi\/wp-json\/wp\/v2\/media\/2007"}],"wp:attachment":[{"href":"https:\/\/tynivintage.com\/vi\/wp-json\/wp\/v2\/media?parent=3403"}],"wp:term":[{"taxonomy":"product_brand","embeddable":true,"href":"https:\/\/tynivintage.com\/vi\/wp-json\/wp\/v2\/product_brand?post=3403"},{"taxonomy":"product_cat","embeddable":true,"href":"https:\/\/tynivintage.com\/vi\/wp-json\/wp\/v2\/product_cat?post=3403"},{"taxonomy":"product_tag","embeddable":true,"href":"https:\/\/tynivintage.com\/vi\/wp-json\/wp\/v2\/product_tag?post=3403"}],"curies":[{"name":"wp","href":"https:\/\/api.w.org\/{rel}","templated":true}]}}