{"id":3387,"date":"2025-03-04T21:20:12","date_gmt":"2025-03-13T13:41:23","guid":{"rendered":"https:\/\/tynivintage.com\/?post_type=product&#038;p=3387"},"modified":"2025-03-13T20:41:23","modified_gmt":"2025-03-13T13:41:23","slug":"hoa-tai-golden-orbit","status":"publish","type":"product","link":"https:\/\/tynivintage.com\/vi\/san-pham\/hoa-tai-golden-orbit\/","title":{"rendered":"Hoa Tai Golden Orbit"},"content":{"rendered":"<p>Nh\u1eefng \u0111\u00f4i b\u00f4ng tai k\u1eb9p m\u1ea1 v\u00e0ng n\u00e0y c\u00f3 thi\u1ebft k\u1ebf ph\u1ee9c t\u1ea1p v\u00e0 b\u1eaft m\u1eaft v\u1edbi nhi\u1ec1u v\u00f2ng tr\u00f2n l\u1ed3ng v\u00e0o nhau, t\u1ea1o hi\u1ec7u \u1ee9ng m\u1ec1m m\u1ea1i, n\u0103ng \u0111\u1ed9ng. C\u00e1c v\u00f2ng kim lo\u1ea1i \u0111\u01b0\u1ee3c ch\u1ebf t\u00e1c c\u1ea9n th\u1eadn, \u0111\u00e1nh b\u00f3ng cao t\u1ea1o th\u00eam n\u00e9t sang tr\u1ecdng v\u00e0 hi\u1ec7n \u0111\u1ea1i trong khi v\u1eabn gi\u1eef \u0111\u01b0\u1ee3c s\u1ef1 sang tr\u1ecdng c\u1ed5 \u0111i\u1ec3n, v\u01b0\u1ee3t th\u1eddi gian.<\/p>\n<p>Hoa tai c\u00f3 n\u1eafp v\u1eb7n ch\u1eafc ch\u1eafn, l\u00fd t\u01b0\u1edfng cho nh\u1eefng ng\u01b0\u1eddi kh\u00f4ng x\u1ecf tai v\u1eabn mu\u1ed1n t\u1ea1o ra tuy\u00ean b\u1ed1 v\u1edbi c\u00e1c ph\u1ee5 ki\u1ec7n th\u1eddi trang. Thi\u1ebft k\u1ebf c\u1ee7a h\u1ecd kh\u00f4ng ch\u1ec9 t\u00f4n l\u00ean c\u00e1c \u0111\u1eb7c \u0111i\u1ec3m tr\u00ean khu\u00f4n m\u1eb7t m\u00e0 c\u00f2n d\u1ec5 d\u00e0ng k\u1ebft h\u1ee3p v\u1edbi nhi\u1ec1u phong c\u00e1ch th\u1eddi trang kh\u00e1c nhau, t\u1eeb thanh l\u1ecbch v\u00e0 t\u1ed1i gi\u1ea3n \u0111\u1ebfn t\u00e1o b\u1ea1o v\u00e0 s\u1eafc s\u1ea3o.<\/p>\n<p>Kim lo\u1ea1i m\u1ea1 v\u00e0ng c\u00f3 \u0111\u1ed9 s\u00e1ng b\u00f3ng cao \u0111\u1ea3m b\u1ea3o v\u1ebb ngo\u00e0i cao c\u1ea5p \u0111\u1ed3ng th\u1eddi mang l\u1ea1i \u0111\u1ed9 b\u1ec1n theo th\u1eddi gian. Nh\u1eefng b\u00f4ng tai n\u00e0y l\u00e0 s\u1ef1 l\u1ef1a ch\u1ecdn ho\u00e0n h\u1ea3o cho nh\u1eefng ai \u0111\u00e1nh gi\u00e1 cao \u0111\u1ed3 trang s\u1ee9c n\u1ed5i b\u1eadt v\u1edbi n\u00e9t tinh t\u1ebf, cho ph\u00e9p h\u1ecd th\u1ec3 hi\u1ec7n th\u1ea9m m\u1ef9 \u0111\u1ed9c \u0111\u00e1o v\u00e0 gu th\u1eddi trang \u0111\u1eb7c bi\u1ec7t c\u1ee7a m\u00ecnh.<\/p>\n","protected":false},"excerpt":{"rendered":"<p>B\u00f4ng tai k\u1eb9p m\u1ea1 v\u00e0ng v\u1edbi thi\u1ebft k\u1ebf \u0111\u1ed9c \u0111\u00e1o c\u00f3 c\u00e1c v\u00f2ng tr\u00f2n l\u1ed3ng v\u00e0o nhau, t\u1ea1o hi\u1ec7u \u1ee9ng xo\u1eafn \u1ed1c b\u1eaft m\u1eaft. Vi\u1ec7c \u0111\u00f3ng v\u1eb7n tr\u1edf l\u1ea1i \u0111\u1ea3m b\u1ea3o v\u1eeba v\u1eb7n an to\u00e0n, khi\u1ebfn ch\u00fang tr\u1edf n\u00ean l\u00fd t\u01b0\u1edfng cho \u0111\u00f4i tai kh\u00f4ng x\u1ecf khuy\u00ean. Thanh l\u1ecbch v\u00e0 t\u00e1o b\u1ea1o, ch\u00fang c\u00f3 th\u1ec3 d\u1ec5 d\u00e0ng k\u1ebft h\u1ee3p v\u1edbi nhi\u1ec1u phong c\u00e1ch th\u1eddi trang kh\u00e1c nhau.<\/p>\n","protected":false},"featured_media":2013,"comment_status":"open","ping_status":"closed","template":"","meta":{"inline_featured_image":false},"product_brand":[],"product_cat":[39],"product_tag":[],"class_list":{"0":"post-3387","1":"product","2":"type-product","3":"status-publish","4":"has-post-thumbnail","6":"product_cat-phu-kien-thoi-trang-khac","8":"first","9":"outofstock","10":"shipping-taxable","11":"purchasable","12":"product-type-simple"},"acf":[],"_links":{"self":[{"href":"https:\/\/tynivintage.com\/vi\/wp-json\/wp\/v2\/product\/3387","targetHints":{"allow":["GET"]}}],"collection":[{"href":"https:\/\/tynivintage.com\/vi\/wp-json\/wp\/v2\/product"}],"about":[{"href":"https:\/\/tynivintage.com\/vi\/wp-json\/wp\/v2\/types\/product"}],"replies":[{"embeddable":true,"href":"https:\/\/tynivintage.com\/vi\/wp-json\/wp\/v2\/comments?post=3387"}],"wp:featuredmedia":[{"embeddable":true,"href":"https:\/\/tynivintage.com\/vi\/wp-json\/wp\/v2\/media\/2013"}],"wp:attachment":[{"href":"https:\/\/tynivintage.com\/vi\/wp-json\/wp\/v2\/media?parent=3387"}],"wp:term":[{"taxonomy":"product_brand","embeddable":true,"href":"https:\/\/tynivintage.com\/vi\/wp-json\/wp\/v2\/product_brand?post=3387"},{"taxonomy":"product_cat","embeddable":true,"href":"https:\/\/tynivintage.com\/vi\/wp-json\/wp\/v2\/product_cat?post=3387"},{"taxonomy":"product_tag","embeddable":true,"href":"https:\/\/tynivintage.com\/vi\/wp-json\/wp\/v2\/product_tag?post=3387"}],"curies":[{"name":"wp","href":"https:\/\/api.w.org\/{rel}","templated":true}]}}