{"id":3328,"date":"2025-03-06T00:24:49","date_gmt":"2025-03-13T12:58:28","guid":{"rendered":"https:\/\/tynivintage.com\/?post_type=product&#038;p=3328"},"modified":"2025-03-13T19:58:29","modified_gmt":"2025-03-13T12:58:29","slug":"tui-coach-signature","status":"publish","type":"product","link":"https:\/\/tynivintage.com\/vi\/san-pham\/tui-coach-signature\/","title":{"rendered":"T\u00fai Coach Signature"},"content":{"rendered":"<p>&#x2728; M\u00f4 t\u1ea3 S\u1ea3n ph\u1ea9m: Coach Signature Satchel pha tr\u1ed9n ho\u00e0n h\u1ea3o gi\u1eefa phong c\u00e1ch c\u1ed5 \u0111i\u1ec3n v\u00e0 hi\u1ec7n \u0111\u1ea1i, n\u1ed5i b\u1eadt v\u1edbi v\u1ea3i b\u1ea1t monogram mang t\u00ednh bi\u1ec3u t\u01b0\u1ee3ng c\u1ee7a th\u01b0\u01a1ng hi\u1ec7u v\u1edbi c\u00e1c \u0111i\u1ec3m nh\u1ea5n da m\u00e0u n\u00e2u s\u1eabm phong ph\u00fa. Nh\u1ecf g\u1ecdn nh\u01b0ng r\u1ed9ng r\u00e3i, chi\u1ebfc t\u00fai n\u00e0y l\u00fd t\u01b0\u1edfng cho nhi\u1ec1u d\u1ecbp kh\u00e1c nhau.<\/p>\n<p>&#x1f539; Ch\u1ea5t li\u1ec7u: V\u1ea3i monogram cao c\u1ea5p k\u1ebft h\u1ee3p v\u1edbi da &#x1f539; th\u1eadt b\u1ec1n M\u00e0u s\u1eafc: M\u00e0u n\u00e2u v\u00e0 be thanh l\u1ecbch, d\u1ec5 d\u00e0ng k\u1ebft h\u1ee3p v\u1edbi b\u1ea5t k\u1ef3 trang ph\u1ee5c n\u00e0o<\/p>\n<p>&#x1f539;\u00a0 Thi\u1ebft k\u1ebf:<\/p>\n<p>&#x2714;&#xfe0f; H\u00ecnh d\u1ea1ng t\u00fai c\u00f3 c\u1ea5u tr\u00fac, nh\u1ecf g\u1ecdn v\u1edbi kh\u1ea3 n\u0103ng gi\u1eef d\u00e1ng tuy\u1ec7t \u0111\u1ed1i<\/p>\n<p>&#x2714;&#xfe0f; Tay c\u1ea7m k\u00e9p ch\u1eafc ch\u1eafn v\u1edbi d\u00e2y \u0111eo ch\u00e9o c\u00f3 th\u1ec3 th\u00e1o r\u1eddi cho t\u00ednh linh ho\u1ea1t<\/p>\n<p>&#x2714;&#xfe0f; Logo kim lo\u1ea1i \u0111\u01b0\u1ee3c \u0111\u00e1nh b\u00f3ng cho c\u1ea3m gi\u00e1c tinh t\u1ebf<\/p>\n<p>&#x2714;&#xfe0f;\u00a0 Bao g\u1ed3m b\u00f9a tua da sang tr\u1ecdng \u0111\u1ec3 t\u0103ng th\u00eam s\u1ef1 sang tr\u1ecdng<\/p>\n<p>&#x1f539; L\u01b0u tr\u1eef: N\u1ed9i th\u1ea5t r\u1ed9ng r\u00e3i v\u1edbi nhi\u1ec1u ng\u0103n \u0111\u1ef1ng c\u00e1c v\u1eadt d\u1ee5ng\u00a0 c\u1ea7n thi\u1ebft cho t\u1ed5 ch\u1ee9c<\/p>\n<p>&#x1f539; T\u00ecnh tr\u1ea1ng: H\u00ecnh d\u00e1ng tuy\u1ec7t v\u1eddi, \u0111\u01b0\u1ee3c duy tr\u00ec t\u1ed1t &#8211; ho\u00e0n h\u1ea3o cho c\u00f4ng vi\u1ec7c, \u0111i ch\u01a1i b\u00ecnh th\u01b0\u1eddng ho\u1eb7c \u0111i du l\u1ecbch K\u00edch th\u01b0\u1edbc: 21x24x6<\/p>\n<p>&#x1f380; T\u00fai Coach Signature l\u00e0 th\u1ee9 kh\u00f4ng th\u1ec3 b\u1ecf qua cho nh\u1eefng ai \u0111\u00e1nh gi\u00e1 cao s\u1ef1 tinh t\u1ebf, sang tr\u1ecdng v\u00e0 ch\u1ee9c n\u0103ng.<\/p>\n","protected":false},"excerpt":{"rendered":"<p>Chi\u1ebfc t\u00fai Coach n\u00e0y c\u00f3 v\u1ea3i b\u1ea1t monogram mang t\u00ednh bi\u1ec3u t\u01b0\u1ee3ng k\u1ebft h\u1ee3p v\u1edbi c\u00e1c \u0111i\u1ec3m nh\u1ea5n da n\u00e2u s\u1eabm sang tr\u1ecdng. Nh\u1ecf g\u1ecdn nh\u01b0ng r\u1ed9ng r\u00e3i, n\u00f3 \u0111i k\u00e8m v\u1edbi c\u1ea3 tay c\u1ea7m tr\u00ean c\u00f9ng v\u00e0 d\u00e2y \u0111eo ch\u00e9o c\u00f3 th\u1ec3 th\u00e1o r\u1eddi \u0111\u1ec3 \u0111eo linh ho\u1ea1t. \u0110\u01b0\u1ee3c ho\u00e0n thi\u1ec7n v\u1edbi logo kim lo\u1ea1i \u0111\u00e1nh b\u00f3ng v\u00e0 b\u00f9a tua da sang tr\u1ecdng. Ho\u00e0n h\u1ea3o cho c\u00f4ng vi\u1ec7c ho\u1eb7c \u0111i ch\u01a1i b\u00ecnh th\u01b0\u1eddng!<\/p>\n","protected":false},"featured_media":2283,"comment_status":"open","ping_status":"closed","template":"","meta":{"inline_featured_image":false},"product_brand":[],"product_cat":[36],"product_tag":[],"class_list":{"0":"post-3328","1":"product","2":"type-product","3":"status-publish","4":"has-post-thumbnail","6":"product_cat-tui-xach","8":"first","9":"outofstock","10":"shipping-taxable","11":"purchasable","12":"product-type-simple"},"acf":[],"_links":{"self":[{"href":"https:\/\/tynivintage.com\/vi\/wp-json\/wp\/v2\/product\/3328","targetHints":{"allow":["GET"]}}],"collection":[{"href":"https:\/\/tynivintage.com\/vi\/wp-json\/wp\/v2\/product"}],"about":[{"href":"https:\/\/tynivintage.com\/vi\/wp-json\/wp\/v2\/types\/product"}],"replies":[{"embeddable":true,"href":"https:\/\/tynivintage.com\/vi\/wp-json\/wp\/v2\/comments?post=3328"}],"wp:featuredmedia":[{"embeddable":true,"href":"https:\/\/tynivintage.com\/vi\/wp-json\/wp\/v2\/media\/2283"}],"wp:attachment":[{"href":"https:\/\/tynivintage.com\/vi\/wp-json\/wp\/v2\/media?parent=3328"}],"wp:term":[{"taxonomy":"product_brand","embeddable":true,"href":"https:\/\/tynivintage.com\/vi\/wp-json\/wp\/v2\/product_brand?post=3328"},{"taxonomy":"product_cat","embeddable":true,"href":"https:\/\/tynivintage.com\/vi\/wp-json\/wp\/v2\/product_cat?post=3328"},{"taxonomy":"product_tag","embeddable":true,"href":"https:\/\/tynivintage.com\/vi\/wp-json\/wp\/v2\/product_tag?post=3328"}],"curies":[{"name":"wp","href":"https:\/\/api.w.org\/{rel}","templated":true}]}}