{"id":3325,"date":"2025-03-06T00:29:16","date_gmt":"2025-03-13T12:54:12","guid":{"rendered":"https:\/\/tynivintage.com\/?post_type=product&#038;p=3325"},"modified":"2025-03-13T19:54:12","modified_gmt":"2025-03-13T12:54:12","slug":"tui-da-michael-kors","status":"publish","type":"product","link":"https:\/\/tynivintage.com\/vi\/san-pham\/tui-da-michael-kors\/","title":{"rendered":"T\u00fai da Michael Kors"},"content":{"rendered":"<p>&#x2728; M\u00f4 t\u1ea3 S\u1ea3n ph\u1ea9m:<br \/>\nMichael Kors Leather Tote \u0111\u01b0\u1ee3c l\u00e0m t\u1eeb da th\u1eadt cao c\u1ea5p, d\u1ebbo dai v\u1edbi m\u00e0u caramel thanh l\u1ecbch. V\u1edbi thi\u1ebft k\u1ebf tote r\u1ed9ng r\u00e3i v\u00e0 t\u00ednh th\u1ea9m m\u1ef9 t\u1ed1i gi\u1ea3n nh\u01b0ng tinh t\u1ebf, chi\u1ebfc t\u00fai n\u00e0y ho\u00e0n h\u1ea3o cho nh\u1eefng ai \u0111\u00e1nh gi\u00e1 cao phong c\u00e1ch hi\u1ec7n \u0111\u1ea1i v\u00e0 t\u00ednh thi\u1ebft th\u1ef1c.<\/p>\n<p>&#x1f539; Ch\u1ea5t li\u1ec7u: Da th\u1eadt cao c\u1ea5p, m\u1ec1m m\u1ea1i v\u00e0 b\u1ec1n theo th\u1eddi gian<br \/>\n&#x1f539; M\u00e0u s\u1eafc: Caramel thanh l\u1ecbch, linh ho\u1ea1t cho m\u1ecdi trang ph\u1ee5c<br \/>\n&#x1f539; Thi\u1ebft k\u1ebf:<br \/>\n&#x2714;&#xfe0f; H\u00ecnh d\u00e1ng tote r\u1ed9ng r\u00e3i v\u1edbi kh\u1ea3 n\u0103ng gi\u1eef c\u1ea5u tr\u00fac tuy\u1ec7t v\u1eddi<br \/>\n&#x2714;&#xfe0f; D\u00e2y \u0111eo vai c\u00f3 th\u1ec3 \u0111i\u1ec1u ch\u1ec9nh \u0111\u1ec3 m\u1eb7c linh ho\u1ea1t<br \/>\n&#x2714;&#xfe0f; Logo kim lo\u1ea1i &#8220;Michael Kors&#8221; ki\u1ec3u d\u00e1ng \u0111\u1eb9p cho c\u1ea3m gi\u00e1c tinh t\u1ebf<br \/>\n&#x2714;&#xfe0f; Ph\u1ea7n c\u1ee9ng t\u00f4ng m\u00e0u v\u00e0ng th\u00eam \u0111i\u1ec3m nh\u1ea5n sang tr\u1ecdng<br \/>\n&#x1f539; L\u01b0u tr\u1eef: Ng\u0103n ch\u00ednh l\u1edbn v\u1edbi nhi\u1ec1u t\u00fai, l\u00fd t\u01b0\u1edfng \u0111\u1ec3 mang theo m\u00e1y t\u00ednh x\u00e1ch tay, t\u00e0i li\u1ec7u, v\u00ed, \u0111i\u1ec7n tho\u1ea1i, v.v.<br \/>\n&#x1f539; T\u00ecnh tr\u1ea1ng: H\u00ecnh d\u00e1ng tuy\u1ec7t v\u1eddi, \u0111\u01b0\u1ee3c duy tr\u00ec t\u1ed1t &#8211; ho\u00e0n h\u1ea3o cho c\u00f4ng vi\u1ec7c, \u0111i ch\u01a1i b\u00ecnh th\u01b0\u1eddng ho\u1eb7c \u0111i du l\u1ecbch<\/p>\n<p>&#x1f380; Michael Kors Leather Tote l\u00e0 s\u1ef1 pha tr\u1ed9n ho\u00e0n h\u1ea3o gi\u1eefa s\u1ef1 sang tr\u1ecdng v\u00e0 ch\u1ee9c n\u0103ng, khi\u1ebfn n\u00f3 tr\u1edf th\u00e0nh s\u1ef1 l\u1ef1a ch\u1ecdn linh ho\u1ea1t cho b\u1ea5t k\u1ef3 d\u1ecbp n\u00e0o.<\/p>\n","protected":false},"excerpt":{"rendered":"<p>\u0110\u01b0\u1ee3c ch\u1ebf t\u00e1c t\u1eeb da th\u1eadt d\u1ebbo dai v\u1edbi t\u00f4ng m\u00e0u caramel tinh t\u1ebf, chi\u1ebfc t\u00fai tote Michael Kors n\u00e0y c\u00f3 thi\u1ebft k\u1ebf t\u1ed1i gi\u1ea3n nh\u01b0ng tinh t\u1ebf. D\u00e2y \u0111eo vai c\u00f3 th\u1ec3 \u0111i\u1ec1u ch\u1ec9nh, logo kim lo\u1ea1i b\u00f3ng b\u1ea9y v\u00e0 n\u1ed9i th\u1ea5t r\u1ed9ng r\u00e3i khi\u1ebfn n\u00f3 tr\u1edf n\u00ean ho\u00e0n h\u1ea3o cho c\u00f4ng vi\u1ec7c v\u00e0 \u0111i ch\u01a1i b\u00ecnh th\u01b0\u1eddng. M\u1ed9t th\u1ee9 ph\u1ea3i c\u00f3 \u0111\u1ec3 c\u00f3 m\u1ed9t c\u00e1i nh\u00ecn hi\u1ec7n \u0111\u1ea1i, phong c\u00e1ch!<\/p>\n","protected":false},"featured_media":2298,"comment_status":"open","ping_status":"closed","template":"","meta":{"inline_featured_image":false},"product_brand":[],"product_cat":[36],"product_tag":[],"class_list":{"0":"post-3325","1":"product","2":"type-product","3":"status-publish","4":"has-post-thumbnail","6":"product_cat-tui-xach","8":"first","9":"instock","10":"shipping-taxable","11":"purchasable","12":"product-type-simple"},"acf":[],"_links":{"self":[{"href":"https:\/\/tynivintage.com\/vi\/wp-json\/wp\/v2\/product\/3325","targetHints":{"allow":["GET"]}}],"collection":[{"href":"https:\/\/tynivintage.com\/vi\/wp-json\/wp\/v2\/product"}],"about":[{"href":"https:\/\/tynivintage.com\/vi\/wp-json\/wp\/v2\/types\/product"}],"replies":[{"embeddable":true,"href":"https:\/\/tynivintage.com\/vi\/wp-json\/wp\/v2\/comments?post=3325"}],"wp:featuredmedia":[{"embeddable":true,"href":"https:\/\/tynivintage.com\/vi\/wp-json\/wp\/v2\/media\/2298"}],"wp:attachment":[{"href":"https:\/\/tynivintage.com\/vi\/wp-json\/wp\/v2\/media?parent=3325"}],"wp:term":[{"taxonomy":"product_brand","embeddable":true,"href":"https:\/\/tynivintage.com\/vi\/wp-json\/wp\/v2\/product_brand?post=3325"},{"taxonomy":"product_cat","embeddable":true,"href":"https:\/\/tynivintage.com\/vi\/wp-json\/wp\/v2\/product_cat?post=3325"},{"taxonomy":"product_tag","embeddable":true,"href":"https:\/\/tynivintage.com\/vi\/wp-json\/wp\/v2\/product_tag?post=3325"}],"curies":[{"name":"wp","href":"https:\/\/api.w.org\/{rel}","templated":true}]}}