{"id":3318,"date":"2025-03-10T15:53:54","date_gmt":"2025-03-13T12:11:37","guid":{"rendered":"https:\/\/tynivintage.com\/?post_type=product&#038;p=3318"},"modified":"2025-03-13T19:11:37","modified_gmt":"2025-03-13T12:11:37","slug":"vi-cam-tay-dunhill","status":"publish","type":"product","link":"https:\/\/tynivintage.com\/vi\/san-pham\/vi-cam-tay-dunhill\/","title":{"rendered":"V\u00ed c\u1ea7m tay DUNHILL"},"content":{"rendered":"<p>V\u00ed c\u1ea7m tay Dunhill d\u00e0nh cho nam gi\u1edbi \u2013 Thi\u1ebft k\u1ebf thanh l\u1ecbch v\u00e0 thi\u1ebft th\u1ef1c<\/p>\n<p>Clutch Dunhill l\u00e0 s\u1ef1 l\u1ef1a ch\u1ecdn ho\u00e0n h\u1ea3o cho nh\u1eefng qu\u00fd \u00f4ng \u0111\u00e1nh gi\u00e1 cao phong c\u00e1ch t\u1ed1i gi\u1ea3n nh\u01b0ng nam t\u00ednh v\u00e0 tinh t\u1ebf. V\u1edbi thi\u1ebft k\u1ebf nh\u1ecf g\u1ecdn, ch\u1ea5t li\u1ec7u cao c\u1ea5p v\u00e0 \u0111\u01b0\u1eddng kh\u00e2u t\u1ec9 m\u1ec9, chi\u1ebfc t\u00fai n\u00e0y kh\u00f4ng ch\u1ec9 l\u00e0 ph\u1ee5 ki\u1ec7n th\u1eddi trang m\u00e0 c\u00f2n l\u00e0 m\u1ed9t m\u00f3n \u0111\u1ed3 c\u00f3 t\u00ednh ch\u1ee9c n\u0103ng cao \u0111\u1ec3 s\u1eed d\u1ee5ng h\u00e0ng ng\u00e0y.<\/p>\n<p>C\u00e1c t\u00ednh n\u0103ng ch\u00ednh:<br \/>\n\u2022 Ch\u1ea5t li\u1ec7u: V\u1ea3i canvas b\u1ec1n k\u1ebft h\u1ee3p v\u1edbi trang tr\u00ed da cao c\u1ea5p, mang l\u1ea1i \u0111\u1ed9 b\u1ec1n tuy\u1ec7t v\u1eddi v\u00e0 kh\u1ea3 n\u0103ng ch\u1ed1ng b\u1ee5i b\u1ea9n.<br \/>\n\u2022 M\u00e0u s\u1eafc: M\u00e0u \u0111en thanh l\u1ecbch, d\u1ec5 d\u00e0ng k\u1ebft h\u1ee3p v\u1edbi nhi\u1ec1u phong c\u00e1ch th\u1eddi trang kh\u00e1c nhau.<br \/>\n\u2022 Kh\u00e2u: C\u00e1c m\u0169i kh\u00e2u m\u00e0u v\u00e0ng t\u01b0\u01a1ng ph\u1ea3n t\u1ea1o th\u00eam n\u00e9t tinh t\u1ebf.<br \/>\n\u2022 Thi\u1ebft k\u1ebf: \u0110\u00f3ng n\u1eafp v\u1edbi m\u00f3c c\u00e0i kim lo\u1ea1i ch\u1eafc ch\u1eafn c\u00f3 logo &#8220;dunh.&#8221; cho v\u1ebb ngo\u00e0i cao c\u1ea5p.<br \/>\n\u2022 L\u01b0u tr\u1eef: Nhi\u1ec1u ng\u0103n cung c\u1ea5p kh\u00f4ng gian r\u1ed9ng r\u00e3i cho c\u00e1c v\u1eadt d\u1ee5ng c\u1ea7n thi\u1ebft nh\u01b0 \u0111i\u1ec7n tho\u1ea1i, v\u00ed, ch\u00eca kh\u00f3a v\u00e0 c\u00e1c v\u1eadt d\u1ee5ng c\u00e1 nh\u00e2n kh\u00e1c.<\/p>\n","protected":false},"excerpt":{"rendered":"<p>V\u00ed l\u00e0 m\u1ed9t chi\u1ebfc t\u00fai m\u00e0u \u0111en nh\u1ecf g\u1ecdn l\u00e0m b\u1eb1ng v\u1ea3i b\u1ea1t v\u1edbi vi\u1ec1n da \u0111en v\u00e0 \u0111\u01b0\u1eddng kh\u00e2u m\u00e0u v\u00e0ng t\u01b0\u01a1ng ph\u1ea3n. M\u1eb7t tr\u01b0\u1edbc c\u00f3 n\u1eafp v\u1edbi m\u00f3c c\u00e0i kim lo\u1ea1i c\u00f3 logo &#8220;dunh&#8221;. Thi\u1ebft k\u1ebf \u0111\u01a1n gi\u1ea3n, nam t\u00ednh v\u00e0 thi\u1ebft th\u1ef1c.<\/p>\n","protected":false},"featured_media":2591,"comment_status":"open","ping_status":"closed","template":"","meta":{"inline_featured_image":false},"product_brand":[],"product_cat":[48],"product_tag":[],"class_list":{"0":"post-3318","1":"product","2":"type-product","3":"status-publish","4":"has-post-thumbnail","6":"product_cat-vi","8":"first","9":"instock","10":"shipping-taxable","11":"purchasable","12":"product-type-simple"},"acf":[],"_links":{"self":[{"href":"https:\/\/tynivintage.com\/vi\/wp-json\/wp\/v2\/product\/3318","targetHints":{"allow":["GET"]}}],"collection":[{"href":"https:\/\/tynivintage.com\/vi\/wp-json\/wp\/v2\/product"}],"about":[{"href":"https:\/\/tynivintage.com\/vi\/wp-json\/wp\/v2\/types\/product"}],"replies":[{"embeddable":true,"href":"https:\/\/tynivintage.com\/vi\/wp-json\/wp\/v2\/comments?post=3318"}],"wp:featuredmedia":[{"embeddable":true,"href":"https:\/\/tynivintage.com\/vi\/wp-json\/wp\/v2\/media\/2591"}],"wp:attachment":[{"href":"https:\/\/tynivintage.com\/vi\/wp-json\/wp\/v2\/media?parent=3318"}],"wp:term":[{"taxonomy":"product_brand","embeddable":true,"href":"https:\/\/tynivintage.com\/vi\/wp-json\/wp\/v2\/product_brand?post=3318"},{"taxonomy":"product_cat","embeddable":true,"href":"https:\/\/tynivintage.com\/vi\/wp-json\/wp\/v2\/product_cat?post=3318"},{"taxonomy":"product_tag","embeddable":true,"href":"https:\/\/tynivintage.com\/vi\/wp-json\/wp\/v2\/product_tag?post=3318"}],"curies":[{"name":"wp","href":"https:\/\/api.w.org\/{rel}","templated":true}]}}