{"id":3315,"date":"2025-03-10T15:56:47","date_gmt":"2025-03-13T12:08:17","guid":{"rendered":"https:\/\/tynivintage.com\/?post_type=product&#038;p=3315"},"modified":"2025-03-13T19:08:17","modified_gmt":"2025-03-13T12:08:17","slug":"clutch-da-polo-ralph-lauren","status":"publish","type":"product","link":"https:\/\/tynivintage.com\/vi\/san-pham\/clutch-da-polo-ralph-lauren\/","title":{"rendered":"Clutch da POLO RALPH LAUREN"},"content":{"rendered":"<p>Clutch da n\u00e2u th\u1eadt \u2013 Thanh l\u1ecbch v\u00e0 tinh t\u1ebf Clutch da n\u00e2u th\u1eadt l\u00e0 s\u1ef1 l\u1ef1a ch\u1ecdn ho\u00e0n h\u1ea3o cho nh\u1eefng ai \u0111\u00e1nh gi\u00e1 cao phong c\u00e1ch t\u1ed1i gi\u1ea3n nh\u01b0ng sang tr\u1ecdng. \u0110\u01b0\u1ee3c ch\u1ebf t\u00e1c t\u1eeb da cao c\u1ea5p v\u1edbi b\u1ec1 m\u1eb7t k\u1ebft c\u1ea5u t\u1ef1 nhi\u00ean, chi\u1ebfc t\u00fai n\u00e0y to\u00e1t l\u00ean s\u1ef1 sang tr\u1ecdng v\u00e0 \u0111\u1ed9 b\u1ec1n. Thi\u1ebft k\u1ebf nh\u1ecf g\u1ecdn v\u00e0 thi\u1ebft th\u1ef1c c\u1ee7a n\u00f3 cho ph\u00e9p b\u1ea1n mang theo c\u00e1c v\u1eadt d\u1ee5ng thi\u1ebft y\u1ebfu m\u1ed9t c\u00e1ch d\u1ec5 d\u00e0ng trong b\u1ea5t k\u1ef3 d\u1ecbp n\u00e0o. C\u00e1c t\u00ednh n\u0103ng ch\u00ednh: \u2022 Ch\u1ea5t li\u1ec7u: Da th\u1eadt cao c\u1ea5p v\u1edbi k\u1ebft c\u1ea5u v\u00e2n t\u1ef1 nhi\u00ean, mang l\u1ea1i c\u1ea3 \u0111\u1ed9 m\u1ec1m m\u1ea1i v\u00e0 \u0111\u1ed9 b\u1ec1n v\u01b0\u1ee3t tr\u1ed9i. \u2022 M\u00e0u s\u1eafc: M\u00e0u n\u00e2u c\u1ed5 \u0111i\u1ec3n, linh ho\u1ea1t v\u00e0 d\u1ec5 k\u1ebft h\u1ee3p v\u1edbi nhi\u1ec1u phong c\u00e1ch th\u1eddi trang kh\u00e1c nhau. \u2022 Thi\u1ebft k\u1ebf: V\u1ebb ngo\u00e0i \u0111\u01a1n gi\u1ea3n nh\u01b0ng tinh t\u1ebf, ph\u00f9 h\u1ee3p v\u1edbi c\u1ea3 nam v\u00e0 n\u1eef. \u2022 Kh\u00f3a k\u00e9o: Kh\u00f3a k\u00e9o kim lo\u1ea1i an to\u00e0n v\u1edbi m\u1ea5u k\u00e9o b\u1eb1ng da ph\u00f9 h\u1ee3p \u0111\u1ec3 c\u00f3 thi\u1ebft k\u1ebf g\u1eafn k\u1ebft. \u2022 Logo: Logo d\u1eadp n\u1ed5i tinh t\u1ebf tr\u00ean b\u1ec1 m\u1eb7t da, t\u0103ng th\u00eam n\u00e9t tinh t\u1ebf m\u00e0 kh\u00f4ng qu\u00e1 h\u00e0o nho\u00e1ng. \u2022 Kh\u00f4ng gian l\u01b0u tr\u1eef: \u0110\u1ee7 r\u1ed9ng r\u00e3i \u0111\u1ec3 \u0111\u1ef1ng v\u00ed, \u0111i\u1ec7n tho\u1ea1i, ch\u00eca kh\u00f3a v\u00e0 c\u00e1c v\u1eadt d\u1ee5ng c\u1ea7n thi\u1ebft c\u00e1 nh\u00e2n kh\u00e1c.<\/p>\n","protected":false},"excerpt":{"rendered":"<p>M\u1ed9t chi\u1ebfc t\u00fai clutch da m\u00e0u n\u00e2u v\u1edbi b\u1ec1 m\u1eb7t k\u1ebft c\u1ea5u t\u1ef1 nhi\u00ean, to\u00e1t l\u00ean s\u1ef1 sang tr\u1ecdng v\u00e0 tinh t\u1ebf. Thi\u1ebft k\u1ebf t\u1ed1i gi\u1ea3n c\u1ee7a n\u00f3 c\u00f3 kh\u00f3a k\u00e9o an to\u00e0n v\u1edbi m\u1ed9t m\u1ea5u k\u00e9o b\u1eb1ng da ph\u00f9 h\u1ee3p. Logo d\u1eadp n\u1ed5i tinh t\u1ebf t\u1ea1o th\u00eam n\u00e9t tinh t\u1ebf. Ho\u00e0n h\u1ea3o \u0111\u1ec3 mang theo v\u00ed, \u0111i\u1ec7n tho\u1ea1i v\u00e0 v\u1eadt d\u1ee5ng c\u00e1 nh\u00e2n cho c\u00f4ng vi\u1ec7c ho\u1eb7c nh\u1eefng d\u1ecbp \u0111\u1eb7c bi\u1ec7t.<\/p>\n","protected":false},"featured_media":2594,"comment_status":"open","ping_status":"closed","template":"","meta":{"inline_featured_image":false},"product_brand":[],"product_cat":[48],"product_tag":[],"class_list":{"0":"post-3315","1":"product","2":"type-product","3":"status-publish","4":"has-post-thumbnail","6":"product_cat-vi","8":"first","9":"instock","10":"shipping-taxable","11":"purchasable","12":"product-type-simple"},"acf":[],"_links":{"self":[{"href":"https:\/\/tynivintage.com\/vi\/wp-json\/wp\/v2\/product\/3315","targetHints":{"allow":["GET"]}}],"collection":[{"href":"https:\/\/tynivintage.com\/vi\/wp-json\/wp\/v2\/product"}],"about":[{"href":"https:\/\/tynivintage.com\/vi\/wp-json\/wp\/v2\/types\/product"}],"replies":[{"embeddable":true,"href":"https:\/\/tynivintage.com\/vi\/wp-json\/wp\/v2\/comments?post=3315"}],"wp:featuredmedia":[{"embeddable":true,"href":"https:\/\/tynivintage.com\/vi\/wp-json\/wp\/v2\/media\/2594"}],"wp:attachment":[{"href":"https:\/\/tynivintage.com\/vi\/wp-json\/wp\/v2\/media?parent=3315"}],"wp:term":[{"taxonomy":"product_brand","embeddable":true,"href":"https:\/\/tynivintage.com\/vi\/wp-json\/wp\/v2\/product_brand?post=3315"},{"taxonomy":"product_cat","embeddable":true,"href":"https:\/\/tynivintage.com\/vi\/wp-json\/wp\/v2\/product_cat?post=3315"},{"taxonomy":"product_tag","embeddable":true,"href":"https:\/\/tynivintage.com\/vi\/wp-json\/wp\/v2\/product_tag?post=3315"}],"curies":[{"name":"wp","href":"https:\/\/api.w.org\/{rel}","templated":true}]}}