{"id":3308,"date":"2025-03-10T16:31:39","date_gmt":"2025-03-13T11:56:39","guid":{"rendered":"https:\/\/tynivintage.com\/?post_type=product&#038;p=3308"},"modified":"2025-03-13T23:45:39","modified_gmt":"2025-03-13T16:45:39","slug":"tui-deo-vai-da-il-bisonte","status":"publish","type":"product","link":"https:\/\/tynivintage.com\/vi\/san-pham\/tui-deo-vai-da-il-bisonte\/","title":{"rendered":"T\u00fai \u0111eo vai da IL BISONTE"},"content":{"rendered":"<p>TChi\u1ebfc t\u00fai \u0111eo vai c\u1ee7a anh \u1ea5y \u0111\u01b0\u1ee3c l\u00e0m t\u1eeb da th\u1eadt cao c\u1ea5p v\u1edbi t\u00f4ng m\u00e0u n\u00e2u \u1ea5m \u00e1p, to\u00e1t l\u00ean v\u1ebb quy\u1ebfn r\u0169 c\u1ed5 \u0111i\u1ec3n quy\u1ebfn r\u0169. Thi\u1ebft k\u1ebf \u0111\u01a1n gi\u1ea3n nh\u01b0ng tinh t\u1ebf c\u1ee7a n\u00f3 k\u1ebft h\u1ee3p s\u1ef1 m\u1ec1m m\u1ea1i c\u1ee7a da t\u1ef1 nhi\u00ean v\u1edbi c\u00e1c chi ti\u1ebft kim lo\u1ea1i c\u1ed5 \u0111i\u1ec3n, gi\u00fap b\u1ea1n d\u1ec5 d\u00e0ng k\u1ebft h\u1ee3p v\u1edbi nhi\u1ec1u phong c\u00e1ch kh\u00e1c nhau. C\u00e1c t\u00ednh n\u0103ng ch\u00ednh: \u2022 Ch\u1ea5t li\u1ec7u: Da th\u1eadt cao c\u1ea5p v\u1edbi k\u1ebft c\u1ea5u v\u00e2n t\u1ef1 nhi\u00ean, m\u1ec1m m\u1ea1i nh\u01b0ng b\u1ec1n. \u2022 M\u00e0u s\u1eafc: M\u00e0u n\u00e2u c\u1ed5 \u0111i\u1ec3n thanh l\u1ecbch, d\u1ec5 tr\u1ed9n v\u00e0 k\u1ebft h\u1ee3p. \u2022 Thi\u1ebft k\u1ebf: T\u00fai n\u1eafp c\u1ed5 \u0111i\u1ec3n v\u1edbi m\u00f3c c\u00e0i kim lo\u1ea1i t\u1ea1o \u0111i\u1ec3m nh\u1ea5n phong c\u00e1ch. \u2022 Logo d\u1eadp n\u1ed5i: Th\u01b0\u01a1ng hi\u1ec7u d\u1eadp n\u1ed5i tinh t\u1ebf tr\u00ean b\u1ec1 m\u1eb7t da. \u2022 D\u00e2y \u0111eo: D\u00e2y \u0111eo da c\u00f3 th\u1ec3 \u0111i\u1ec1u ch\u1ec9nh, th\u00edch h\u1ee3p \u0111\u1ec3 \u0111eo vai ho\u1eb7c \u0111eo ch\u00e9o. \u2022 L\u01b0u tr\u1eef: N\u1ed9i th\u1ea5t r\u1ed9ng r\u00e3i, ho\u00e0n h\u1ea3o \u0111\u1ec3 mang theo \u0111i\u1ec7n tho\u1ea1i, v\u00ed, m\u1ef9 ph\u1ea9m v\u00e0 c\u00e1c v\u1eadt d\u1ee5ng c\u1ea7n thi\u1ebft kh\u00e1c. \u2022 T\u00ednh linh ho\u1ea1t: L\u00fd t\u01b0\u1edfng cho vi\u1ec7c s\u1eed d\u1ee5ng h\u00e0ng ng\u00e0y, l\u00e0m vi\u1ec7c ho\u1eb7c \u0111i ch\u01a1i b\u00ecnh th\u01b0\u1eddng.<\/p>\n","protected":false},"excerpt":{"rendered":"<p>M\u1ed9t chi\u1ebfc t\u00fai \u0111eo vai v\u01b0\u1ee3t th\u1eddi gian \u0111\u01b0\u1ee3c l\u00e0m t\u1eeb da th\u1eadt cao c\u1ea5p v\u1edbi k\u1ebft c\u1ea5u v\u00e2n m\u1ec1m m\u1ea1i, t\u1ef1 nhi\u00ean. V\u1edbi thi\u1ebft k\u1ebf n\u1eafp c\u1ed5 \u0111i\u1ec3n v\u1edbi m\u00f3c c\u00e0i kim lo\u1ea1i, d\u00e2y \u0111eo b\u1eb1ng da c\u00f3 th\u1ec3 \u0111i\u1ec1u ch\u1ec9nh v\u00e0 n\u1ed9i th\u1ea5t r\u1ed9ng r\u00e3i, chi\u1ebfc t\u00fai m\u00e0u n\u00e2u c\u1ed5 \u0111i\u1ec3n n\u00e0y v\u1eeba phong c\u00e1ch v\u1eeba thi\u1ebft th\u1ef1c. Ho\u00e0n h\u1ea3o cho vi\u1ec7c s\u1eed d\u1ee5ng h\u00e0ng ng\u00e0y, l\u00e0m vi\u1ec7c ho\u1eb7c \u0111i ch\u01a1i b\u00ecnh th\u01b0\u1eddng.<\/p>\n","protected":false},"featured_media":2666,"comment_status":"open","ping_status":"closed","template":"","meta":{"inline_featured_image":false},"product_brand":[],"product_cat":[36],"product_tag":[],"class_list":{"0":"post-3308","1":"product","2":"type-product","3":"status-publish","4":"has-post-thumbnail","6":"product_cat-tui-xach","8":"first","9":"instock","10":"sale","11":"shipping-taxable","12":"purchasable","13":"product-type-simple"},"acf":[],"_links":{"self":[{"href":"https:\/\/tynivintage.com\/vi\/wp-json\/wp\/v2\/product\/3308","targetHints":{"allow":["GET"]}}],"collection":[{"href":"https:\/\/tynivintage.com\/vi\/wp-json\/wp\/v2\/product"}],"about":[{"href":"https:\/\/tynivintage.com\/vi\/wp-json\/wp\/v2\/types\/product"}],"replies":[{"embeddable":true,"href":"https:\/\/tynivintage.com\/vi\/wp-json\/wp\/v2\/comments?post=3308"}],"wp:featuredmedia":[{"embeddable":true,"href":"https:\/\/tynivintage.com\/vi\/wp-json\/wp\/v2\/media\/2666"}],"wp:attachment":[{"href":"https:\/\/tynivintage.com\/vi\/wp-json\/wp\/v2\/media?parent=3308"}],"wp:term":[{"taxonomy":"product_brand","embeddable":true,"href":"https:\/\/tynivintage.com\/vi\/wp-json\/wp\/v2\/product_brand?post=3308"},{"taxonomy":"product_cat","embeddable":true,"href":"https:\/\/tynivintage.com\/vi\/wp-json\/wp\/v2\/product_cat?post=3308"},{"taxonomy":"product_tag","embeddable":true,"href":"https:\/\/tynivintage.com\/vi\/wp-json\/wp\/v2\/product_tag?post=3308"}],"curies":[{"name":"wp","href":"https:\/\/api.w.org\/{rel}","templated":true}]}}