{"id":3306,"date":"2025-03-10T16:48:06","date_gmt":"2025-03-13T11:50:20","guid":{"rendered":"https:\/\/tynivintage.com\/?post_type=product&#038;p=3306"},"modified":"2025-03-13T20:21:08","modified_gmt":"2025-03-13T13:21:08","slug":"tui-xach-dinh-da-da-nau-phong-cach-co-dien","status":"publish","type":"product","link":"https:\/\/tynivintage.com\/vi\/san-pham\/tui-xach-dinh-da-da-nau-phong-cach-co-dien\/","title":{"rendered":"T\u00fai x\u00e1ch \u0111\u00ednh \u0111\u00e1 da n\u00e2u phong c\u00e1ch c\u1ed5 \u0111i\u1ec3n"},"content":{"rendered":"<p>T\u00fai x\u00e1ch da m\u00e0u n\u00e2u v\u1edbi c\u00e1c chi ti\u1ebft \u0111\u00ednh \u0111\u00e1 &#8211; Thanh l\u1ecbch v\u00e0 phong c\u00e1ch<\/p>\n<p>N\u00e2ng c\u1ea5p b\u1ed9 s\u01b0u t\u1eadp ph\u1ee5 ki\u1ec7n c\u1ee7a b\u1ea1n v\u1edbi chi\u1ebfc t\u00fai x\u00e1ch da m\u00e0u n\u00e2u tinh t\u1ebf n\u00e0y, \u0111\u01b0\u1ee3c thi\u1ebft k\u1ebf cho c\u1ea3 ki\u1ec3u d\u00e1ng v\u00e0 ch\u1ee9c n\u0103ng. \u0110\u01b0\u1ee3c l\u00e0m t\u1eeb da th\u1eadt ch\u1ea5t l\u01b0\u1ee3ng cao, chi\u1ebfc t\u00fai c\u00f3 k\u1ebft c\u1ea5u m\u1ec1m m\u1ea1i, d\u1ebbo dai to\u00e1t l\u00ean v\u1ebb sang tr\u1ecdng.<\/p>\n<p>C\u00e1c t\u00ednh n\u0103ng ch\u00ednh:<br \/>\n\u2022 Ch\u1ea5t li\u1ec7u da cao c\u1ea5p: \u0110\u01b0\u1ee3c l\u00e0m t\u1eeb da ch\u1ea5t l\u01b0\u1ee3ng h\u00e0ng \u0111\u1ea7u v\u1edbi v\u00e2n t\u1ef1 nhi\u00ean, \u0111\u1ea3m b\u1ea3o \u0111\u1ed9 b\u1ec1n v\u00e0 v\u1ebb ngo\u00e0i v\u01b0\u1ee3t th\u1eddi gian.<br \/>\n\u2022 N\u1ed9i th\u1ea5t r\u1ed9ng r\u00e3i: Ng\u0103n ch\u00ednh l\u1edbn v\u1edbi kh\u00f4ng gian r\u1ed9ng r\u00e3i cho c\u00e1c nhu y\u1ebfu ph\u1ea9m h\u00e0ng ng\u00e0y nh\u01b0 v\u00ed, \u0111i\u1ec7n tho\u1ea1i, \u0111\u1ed3 trang \u0111i\u1ec3m, v.v.<br \/>\n\u2022 \u0110\u00f3ng an to\u00e0n: C\u00f3 kh\u00f3a k\u00e9o tr\u01a1n tru v\u00e0 ch\u1eafc ch\u1eafn \u0111\u1ec3 gi\u1eef an to\u00e0n cho \u0111\u1ed3 \u0111\u1ea1c c\u1ee7a b\u1ea1n.<br \/>\n\u2022 \u0110i\u1ec3m nh\u1ea5n \u0111\u00ednh \u0111\u00e1 phong c\u00e1ch: C\u00e1c chi ti\u1ebft \u0111inh t\u00e1n kim lo\u1ea1i \u1edf c\u1ea3 hai b\u00ean t\u1ea1o th\u00eam n\u00e9t s\u1eafc s\u1ea3o v\u00e0 tinh t\u1ebf.<br \/>\n\u2022 Thi\u1ebft k\u1ebf tay c\u1ea7m \u0111\u00f4i: Tay c\u1ea7m b\u1eb1ng da tho\u1ea3i m\u00e1i v\u00e0 ch\u1eafc ch\u1eafn gi\u00fap b\u1ea1n d\u1ec5 d\u00e0ng mang theo b\u1eb1ng tay ho\u1eb7c tr\u00ean vai.<br \/>\n\u2022 S\u1eed d\u1ee5ng linh ho\u1ea1t: Ho\u00e0n h\u1ea3o cho c\u00f4ng vi\u1ec7c, \u0111i ch\u01a1i b\u00ecnh th\u01b0\u1eddng ho\u1eb7c nh\u1eefng d\u1ecbp \u0111\u1eb7c bi\u1ec7t, b\u1ed5 sung cho c\u1ea3 trang ph\u1ee5c trang tr\u1ecdng v\u00e0 gi\u1ea3n d\u1ecb.<br \/>\nK\u00edch th\u01b0\u1edbc: 44&#215;20<\/p>\n","protected":false},"excerpt":{"rendered":"<p>M\u1ed9t chi\u1ebfc t\u00fai x\u00e1ch da m\u00e0u n\u00e2u v\u1edbi thi\u1ebft k\u1ebf m\u1ec1m m\u1ea1i v\u00e0 sang tr\u1ecdng. \u0110i\u1ec3m n\u1ed5i b\u1eadt l\u00e0 c\u00e1c chi ti\u1ebft \u0111inh t\u00e1n kim lo\u1ea1i \u1edf c\u1ea3 hai b\u00ean, th\u00eam n\u00e9t t\u00e1o b\u1ea1o. R\u1ed9ng r\u00e3i v\u00e0 thi\u1ebft th\u1ef1c v\u1edbi tay c\u1ea7m ch\u1eafc ch\u1eafn, ph\u00f9 h\u1ee3p cho c\u1ea3 c\u00f4ng vi\u1ec7c v\u00e0 \u0111i ch\u01a1i b\u00ecnh th\u01b0\u1eddng.<\/p>\n","protected":false},"featured_media":2684,"comment_status":"open","ping_status":"closed","template":"","meta":{"inline_featured_image":false},"product_brand":[],"product_cat":[36],"product_tag":[],"class_list":{"0":"post-3306","1":"product","2":"type-product","3":"status-publish","4":"has-post-thumbnail","6":"product_cat-tui-xach","8":"first","9":"instock","10":"sale","11":"shipping-taxable","12":"purchasable","13":"product-type-simple"},"acf":[],"_links":{"self":[{"href":"https:\/\/tynivintage.com\/vi\/wp-json\/wp\/v2\/product\/3306","targetHints":{"allow":["GET"]}}],"collection":[{"href":"https:\/\/tynivintage.com\/vi\/wp-json\/wp\/v2\/product"}],"about":[{"href":"https:\/\/tynivintage.com\/vi\/wp-json\/wp\/v2\/types\/product"}],"replies":[{"embeddable":true,"href":"https:\/\/tynivintage.com\/vi\/wp-json\/wp\/v2\/comments?post=3306"}],"wp:featuredmedia":[{"embeddable":true,"href":"https:\/\/tynivintage.com\/vi\/wp-json\/wp\/v2\/media\/2684"}],"wp:attachment":[{"href":"https:\/\/tynivintage.com\/vi\/wp-json\/wp\/v2\/media?parent=3306"}],"wp:term":[{"taxonomy":"product_brand","embeddable":true,"href":"https:\/\/tynivintage.com\/vi\/wp-json\/wp\/v2\/product_brand?post=3306"},{"taxonomy":"product_cat","embeddable":true,"href":"https:\/\/tynivintage.com\/vi\/wp-json\/wp\/v2\/product_cat?post=3306"},{"taxonomy":"product_tag","embeddable":true,"href":"https:\/\/tynivintage.com\/vi\/wp-json\/wp\/v2\/product_tag?post=3306"}],"curies":[{"name":"wp","href":"https:\/\/api.w.org\/{rel}","templated":true}]}}