{"id":3304,"date":"2025-03-12T17:37:34","date_gmt":"2025-03-13T11:40:33","guid":{"rendered":"https:\/\/tynivintage.com\/?post_type=product&#038;p=3304"},"modified":"2025-03-13T18:40:33","modified_gmt":"2025-03-13T11:40:33","slug":"khan-lua-sang-trong-voi-royal-patterwzasxss","status":"publish","type":"product","link":"https:\/\/tynivintage.com\/vi\/san-pham\/khan-lua-sang-trong-voi-royal-patterwzasxss\/","title":{"rendered":"Kh\u0103n l\u1ee5a sang tr\u1ecdng v\u1edbi Royal Patter"},"content":{"rendered":"<p>N\u00e2ng cao s\u1ef1 sang tr\u1ecdng c\u1ee7a b\u1ea1n v\u1edbi chi\u1ebfc kh\u0103n l\u1ee5a cao c\u1ea5p n\u00e0y c\u00f3 thi\u1ebft k\u1ebf tuy\u1ec7t \u0111\u1eb9p l\u1ea5y c\u1ea3m h\u1ee9ng t\u1eeb ho\u00e0ng gia. N\u1ec1n xanh r\u1ef1c r\u1ee1 \u0111\u01b0\u1ee3c trang tr\u00ed b\u1eb1ng c\u00e1c h\u1ecda ti\u1ebft baroque v\u00e0ng ph\u1ee9c t\u1ea1p, \u0111\u01b0\u1ee3c b\u1ed5 sung b\u1edfi c\u00e1c \u0111i\u1ec3m nh\u1ea5n m\u00e0u \u0111en v\u00e0 c\u00e1c chi ti\u1ebft hoa \u0111\u1ea7y m\u00e0u s\u1eafc.<br \/>\n\u2022 Ch\u1ea5t li\u1ec7u: L\u1ee5a m\u1ec1m, nh\u1eb9 cho c\u1ea3m gi\u00e1c tho\u1ea3i m\u00e1i.<br \/>\n\u2022 Thi\u1ebft k\u1ebf: C\u00e1c h\u1ecda ti\u1ebft baroque c\u1ed5 \u0111i\u1ec3n v\u1edbi huy ch\u01b0\u01a1ng trung t\u00e2m n\u1ed5i b\u1eadt v\u00e0 c\u00e1c y\u1ebfu t\u1ed1 hoa s\u1ed1ng \u0111\u1ed9ng.<br \/>\n\u2022 K\u1ebft th\u00fac: C\u00e1c c\u1ea1nh \u0111\u01b0\u1ee3c kh\u00e2u g\u1ecdn g\u00e0ng v\u1edbi vi\u1ec1n m\u00e0u xanh l\u00e1 c\u00e2y \u0111\u1ec3 t\u1ea1o c\u1ea3m gi\u00e1c thanh l\u1ecbch. K\u1ebft c\u1ea5u x\u1ebfp ly t\u0103ng th\u00eam \u0111\u1ed9 b\u1ed3ng b\u1ec1nh v\u00e0 s\u1ef1 tinh t\u1ebf.<br \/>\n\u2022 K\u00edch th\u01b0\u1edbc: 125&#215;45 cm \u2013 ho\u00e0n h\u1ea3o nh\u01b0 m\u1ed9t chi\u1ebfc kh\u0103n qu\u00e0ng c\u1ed5, ph\u1ee5 ki\u1ec7n t\u00fai x\u00e1ch ho\u1eb7c \u0111i\u1ec3m nh\u1ea5n trang ph\u1ee5c s\u00e0nh \u0111i\u1ec7u.<\/p>\n","protected":false},"excerpt":{"rendered":"<p><span class=\"  tta_align\" data-bm=\"166\">Kh\u0103n<\/span> <span class=\" \" data-bm=\"168\">l\u1ee5a<\/span> <span class=\"\" data-bm=\"170\">thanh<\/span> <span class=\"\" data-bm=\"172\">l\u1ecbch<\/span> <span class=\"\" data-bm=\"174\">v\u1edbi<\/span> <span class=\"\" data-bm=\"176\">n\u1ec1n<\/span> <span class=\"\" data-bm=\"178\">xanh<\/span> <span class=\"\" data-bm=\"180\">r\u1ef1c<\/span> <span class=\"\" data-bm=\"182\">r\u1ee1<\/span><span class=\"\" data-bm=\"183\">,<\/span> <span class=\"\" data-bm=\"185\">\u0111\u01b0\u1ee3c<\/span> trang tr\u00ed <span class=\"\" data-bm=\"187\">b\u1eb1ng<\/span> <span class=\"\" data-bm=\"189\">hoa<\/span> <span class=\"\" data-bm=\"191\">v\u0103n<\/span> <span class=\"\" data-bm=\"193\">baroque<\/span> <span class=\"\" data-bm=\"195\">v\u00e0ng<\/span> <span class=\"\" data-bm=\"197\">v\u00e0<\/span> <span class=\"\" data-bm=\"199\">c\u00e1c<\/span> <span class=\"\" data-bm=\"201\">chi<\/span> <span class=\"\" data-bm=\"203\">ti\u1ebft<\/span> <span class=\"\" data-bm=\"205\">hoa<\/span> <span class=\"\" data-bm=\"207\">\u0111\u1ea7y<\/span> <span class=\"\" data-bm=\"209\">m\u00e0u<\/span> <span class=\"\" data-bm=\"211\">s\u1eafc<\/span><span class=\"\" data-bm=\"212\">.<\/span> <span class=\"\" data-bm=\"214\">V\u1edbi<\/span> <span class=\"\" data-bm=\"216\">k\u1ebft<\/span> <span class=\"\" data-bm=\"218\">c\u1ea5u<\/span> <span class=\"\" data-bm=\"220\">x\u1ebfp<\/span> ly <span class=\"\" data-bm=\"222\">v\u00e0<\/span> <span class=\"\" data-bm=\"224\">\u0111\u01b0\u1eddng<\/span> vi\u1ec1n <span class=\"\" data-bm=\"226\">m\u00e0u<\/span> <span class=\"\" data-bm=\"228\">xanh<\/span> <span class=\"\" data-bm=\"230\">l\u00e1<\/span> <span class=\"\" data-bm=\"232\">c\u00e2y<\/span> <span class=\"\" data-bm=\"234\">\u0111\u01b0\u1ee3c<\/span> <span class=\"\" data-bm=\"236\">kh\u00e2u<\/span> <span class=\"\" data-bm=\"238\">g\u1ecdn<\/span> <span class=\"\" data-bm=\"240\">g\u00e0ng<\/span><span class=\"\" data-bm=\"241\">,<\/span> <span class=\"\" data-bm=\"243\">n\u00f3<\/span> <span class=\"\" data-bm=\"245\">t\u0103ng<\/span> <span class=\"\" data-bm=\"247\">th\u00eam<\/span> <span class=\"\" data-bm=\"249\">s\u1ef1<\/span> <span class=\"\" data-bm=\"251\">tinh<\/span> t\u1ebf <span class=\"\" data-bm=\"253\">cho<\/span> <span class=\"\" data-bm=\"255\">b\u1ea5t<\/span> <span class=\"\" data-bm=\"257\">k\u1ef3<\/span> <span class=\"\" data-bm=\"259\">trang<\/span> <span class=\"\" data-bm=\"261\">ph\u1ee5c<\/span> <span class=\"\" data-bm=\"263\">n\u00e0o<\/span><span class=\"\" data-bm=\"264\">.<\/span> <span class=\"\" data-bm=\"266\">Ho\u00e0n<\/span> h\u1ea3o <span class=\"\" data-bm=\"268\">nh\u01b0<\/span> <span class=\"\" data-bm=\"270\">m\u1ed9t<\/span> <span class=\"\" data-bm=\"272\">chi\u1ebfc<\/span> <span class=\"\" data-bm=\"274\">kh\u0103n<\/span> <span class=\"\" data-bm=\"276\">c\u1ed5<\/span><span class=\"\" data-bm=\"277\">,<\/span> <span class=\"\" data-bm=\"279\">ph\u1ee5<\/span> <span class=\"\" data-bm=\"281\">ki\u1ec7n<\/span> <span class=\"\" data-bm=\"283\">t\u00fai<\/span> <span class=\"\" data-bm=\"285\">x\u00e1ch<\/span> <span class=\"\" data-bm=\"287\">ho\u1eb7c<\/span> <span class=\"\" data-bm=\"289\">m\u00f3n<\/span> <span class=\"\" data-bm=\"291\">\u0111\u1ed3<\/span> <span class=\"\" data-bm=\"293\">t\u1ea1o<\/span> <span class=\"\" data-bm=\"295\">\u0111i\u1ec3m<\/span> <span class=\"\" data-bm=\"297\">nh\u1ea5n<\/span> <span class=\"\" data-bm=\"299\">s\u00e0nh<\/span> <span class=\"\" data-bm=\"301\">\u0111i\u1ec7u<\/span><span class=\"\" data-bm=\"302\">.<\/span><\/p>\n","protected":false},"featured_media":3045,"comment_status":"open","ping_status":"closed","template":"","meta":{"inline_featured_image":false},"product_brand":[],"product_cat":[39],"product_tag":[],"class_list":{"0":"post-3304","1":"product","2":"type-product","3":"status-publish","4":"has-post-thumbnail","6":"product_cat-phu-kien-thoi-trang-khac","8":"first","9":"instock","10":"shipping-taxable","11":"purchasable","12":"product-type-simple"},"acf":[],"_links":{"self":[{"href":"https:\/\/tynivintage.com\/vi\/wp-json\/wp\/v2\/product\/3304","targetHints":{"allow":["GET"]}}],"collection":[{"href":"https:\/\/tynivintage.com\/vi\/wp-json\/wp\/v2\/product"}],"about":[{"href":"https:\/\/tynivintage.com\/vi\/wp-json\/wp\/v2\/types\/product"}],"replies":[{"embeddable":true,"href":"https:\/\/tynivintage.com\/vi\/wp-json\/wp\/v2\/comments?post=3304"}],"wp:featuredmedia":[{"embeddable":true,"href":"https:\/\/tynivintage.com\/vi\/wp-json\/wp\/v2\/media\/3045"}],"wp:attachment":[{"href":"https:\/\/tynivintage.com\/vi\/wp-json\/wp\/v2\/media?parent=3304"}],"wp:term":[{"taxonomy":"product_brand","embeddable":true,"href":"https:\/\/tynivintage.com\/vi\/wp-json\/wp\/v2\/product_brand?post=3304"},{"taxonomy":"product_cat","embeddable":true,"href":"https:\/\/tynivintage.com\/vi\/wp-json\/wp\/v2\/product_cat?post=3304"},{"taxonomy":"product_tag","embeddable":true,"href":"https:\/\/tynivintage.com\/vi\/wp-json\/wp\/v2\/product_tag?post=3304"}],"curies":[{"name":"wp","href":"https:\/\/api.w.org\/{rel}","templated":true}]}}