{"id":3303,"date":"2025-03-13T00:02:33","date_gmt":"2025-03-13T11:36:37","guid":{"rendered":"https:\/\/tynivintage.com\/?post_type=product&#038;p=3303"},"modified":"2025-03-13T18:36:37","modified_gmt":"2025-03-13T11:36:37","slug":"khan-trang-tri-hoa-tiet-hinh-hoc-xanh-duong","status":"publish","type":"product","link":"https:\/\/tynivintage.com\/vi\/san-pham\/khan-trang-tri-hoa-tiet-hinh-hoc-xanh-duong\/","title":{"rendered":"Kh\u0103n trang tr\u00ed h\u1ecda ti\u1ebft h\u00ecnh h\u1ecdc xanh d\u01b0\u01a1ng"},"content":{"rendered":"<div>Mang \u0111\u1ebfn s\u1ef1 tinh t\u1ebf v\u00e0 hi\u1ec7n \u0111\u1ea1i, chi\u1ebfc kh\u0103n trang tr\u00ed n\u00e0y n\u1ed5i b\u1eadt v\u1edbi h\u1ecda ti\u1ebft h\u00ecnh h\u1ecdc \u0111\u1ed9c \u0111\u00e1o, k\u1ebft h\u1ee3p h\u00e0i h\u00f2a gi\u1eefa c\u00e1c s\u1eafc \u0111\u1ed9 xanh d\u01b0\u01a1ng, tr\u1eafng v\u00e0 \u0111en. Thi\u1ebft k\u1ebf g\u1ed3m c\u00e1c d\u1ea3i m\u00e0u chuy\u1ec3n s\u1eafc tinh t\u1ebf, t\u1ea1o hi\u1ec7u \u1ee9ng th\u1ecb gi\u00e1c \u0111\u1eb9p m\u1eaft v\u00e0 sang tr\u1ecdng.<\/div>\n<div><\/div>\n<div>\u0110\u1eb7c \u0111i\u1ec3m s\u1ea3n ph\u1ea9m:<\/div>\n<div>\u00a0\u2022 Ch\u1ea5t li\u1ec7u: V\u1ea3i m\u1ec1m m\u1ea1i, b\u1ec1n \u0111\u1eb9p, mang l\u1ea1i c\u1ea3m gi\u00e1c d\u1ec5 ch\u1ecbu khi s\u1eed d\u1ee5ng.<\/div>\n<div>\u00a0\u2022 K\u00edch th\u01b0\u1edbc: Ph\u00f9 h\u1ee3p \u0111\u1ec3 trang tr\u00ed b\u00e0n, gh\u1ebf, ho\u1eb7c l\u00e0m ph\u1ee5 ki\u1ec7n th\u1eddi trang.<\/div>\n<div>\u00a0\u2022 Thi\u1ebft k\u1ebf: H\u1ecda ti\u1ebft h\u00ecnh h\u1ecdc hi\u1ec7n \u0111\u1ea1i, d\u1ec5 ph\u1ed1i h\u1ee3p v\u1edbi nhi\u1ec1u phong c\u00e1ch n\u1ed9i th\u1ea5t ho\u1eb7c trang ph\u1ee5c.<\/div>\n<div>\u00a0\u2022 \u1ee8ng d\u1ee5ng: Th\u00edch h\u1ee3p l\u00e0m kh\u0103n tr\u1ea3i b\u00e0n, trang tr\u00ed ph\u00f2ng kh\u00e1ch, studio, ho\u1eb7c l\u00e0m \u0111i\u1ec3m nh\u1ea5n trong c\u00e1c kh\u00f4ng gian ngh\u1ec7 thu\u1eadt.<\/div>\n<div><\/div>\n<div>Chi\u1ebfc kh\u0103n n\u00e0y kh\u00f4ng ch\u1ec9 l\u00e0 m\u1ed9t m\u00f3n \u0111\u1ed3 trang tr\u00ed m\u00e0 c\u00f2n th\u1ec3 hi\u1ec7n gu th\u1ea9m m\u1ef9 tinh t\u1ebf c\u1ee7a ng\u01b0\u1eddi s\u1edf h\u1eefu. V\u1edbi gam m\u00e0u xanh d\u01b0\u01a1ng ch\u1ee7 \u0111\u1ea1o, s\u1ea3n ph\u1ea9m t\u1ea1o c\u1ea3m gi\u00e1c th\u01b0 th\u00e1i, d\u1ec5 ch\u1ecbu, \u0111\u1ed3ng th\u1eddi n\u1ed5i b\u1eadt tr\u00ean n\u1ec1n kh\u00f4ng gian xung quanh.<\/div>\n","protected":false},"excerpt":{"rendered":"<p>Chi\u1ebfc kh\u0103n c\u00f3 h\u1ecda ti\u1ebft h\u00ecnh h\u1ecdc v\u1edbi c\u00e1c t\u00f4ng m\u00e0u xanh d\u01b0\u01a1ng, tr\u1eafng v\u00e0 \u0111en, t\u1ea1o th\u00e0nh c\u00e1c d\u1ea3i m\u00e0u chuy\u1ec3n s\u1eafc. Kh\u0103n \u0111\u01b0\u1ee3c tr\u1ea3i tr\u00ean m\u1ed9t b\u1ec1 m\u1eb7t, c\u00f3 n\u1ebfp g\u1ea5p nh\u1eb9. N\u1ec1n ph\u00eda sau l\u00e0 r\u00e8m \u0111\u1ecf, t\u1ea1o s\u1ef1 t\u01b0\u01a1ng ph\u1ea3n n\u1ed5i b\u1eadt.<\/p>\n","protected":false},"featured_media":3214,"comment_status":"open","ping_status":"closed","template":"","meta":{"inline_featured_image":false},"product_brand":[],"product_cat":[39],"product_tag":[],"class_list":{"0":"post-3303","1":"product","2":"type-product","3":"status-publish","4":"has-post-thumbnail","6":"product_cat-phu-kien-thoi-trang-khac","8":"first","9":"outofstock","10":"shipping-taxable","11":"purchasable","12":"product-type-simple"},"acf":[],"_links":{"self":[{"href":"https:\/\/tynivintage.com\/vi\/wp-json\/wp\/v2\/product\/3303","targetHints":{"allow":["GET"]}}],"collection":[{"href":"https:\/\/tynivintage.com\/vi\/wp-json\/wp\/v2\/product"}],"about":[{"href":"https:\/\/tynivintage.com\/vi\/wp-json\/wp\/v2\/types\/product"}],"replies":[{"embeddable":true,"href":"https:\/\/tynivintage.com\/vi\/wp-json\/wp\/v2\/comments?post=3303"}],"wp:featuredmedia":[{"embeddable":true,"href":"https:\/\/tynivintage.com\/vi\/wp-json\/wp\/v2\/media\/3214"}],"wp:attachment":[{"href":"https:\/\/tynivintage.com\/vi\/wp-json\/wp\/v2\/media?parent=3303"}],"wp:term":[{"taxonomy":"product_brand","embeddable":true,"href":"https:\/\/tynivintage.com\/vi\/wp-json\/wp\/v2\/product_brand?post=3303"},{"taxonomy":"product_cat","embeddable":true,"href":"https:\/\/tynivintage.com\/vi\/wp-json\/wp\/v2\/product_cat?post=3303"},{"taxonomy":"product_tag","embeddable":true,"href":"https:\/\/tynivintage.com\/vi\/wp-json\/wp\/v2\/product_tag?post=3303"}],"curies":[{"name":"wp","href":"https:\/\/api.w.org\/{rel}","templated":true}]}}