{"id":3302,"date":"2025-03-13T00:04:43","date_gmt":"2025-03-13T11:35:08","guid":{"rendered":"https:\/\/tynivintage.com\/?post_type=product&#038;p=3302"},"modified":"2025-03-13T18:35:08","modified_gmt":"2025-03-13T11:35:08","slug":"khan-trang-tri-elegant-ivor","status":"publish","type":"product","link":"https:\/\/tynivintage.com\/vi\/san-pham\/khan-trang-tri-elegant-ivor\/","title":{"rendered":"Kh\u0103n Trang Tr\u00ed Elegant Ivor"},"content":{"rendered":"<div>Mang phong c\u00e1ch thanh l\u1ecbch v\u00e0 tinh t\u1ebf, chi\u1ebfc kh\u0103n trang tr\u00ed Elegant Ivory s\u1edf h\u1eefu t\u00f4ng m\u00e0u kem nh\u1eb9 nh\u00e0ng k\u1ebft h\u1ee3p v\u1edbi h\u1ecda ti\u1ebft nh\u1ecf m\u00e0u \u0111en \u0111\u01b0\u1ee3c s\u1eafp x\u1ebfp \u0111\u1ec1u \u0111\u1eb7n. Nh\u1eefng bi\u1ec3u t\u01b0\u1ee3ng h\u00ecnh khi\u00ean v\u00e0 d\u1ea5u c\u1ed9ng t\u1ea1o \u0111i\u1ec3m nh\u1ea5n \u0111\u1ed9c \u0111\u00e1o, gi\u00fap chi\u1ebfc kh\u0103n tr\u1edf n\u00ean thu h\u00fat m\u00e0 v\u1eabn gi\u1eef \u0111\u01b0\u1ee3c v\u1ebb sang tr\u1ecdng.<\/div>\n<div><\/div>\n<div>\u0110\u1eb7c \u0111i\u1ec3m s\u1ea3n ph\u1ea9m:<\/div>\n<div>\u00a0\u2022 Ch\u1ea5t li\u1ec7u: V\u1ea3i m\u1ec1m m\u1ea1i, c\u00f3 \u0111\u1ed9 b\u00f3ng nh\u1eb9, t\u1ea1o c\u1ea3m gi\u00e1c cao c\u1ea5p v\u00e0 d\u1ec5 ch\u1ecbu khi s\u1eed d\u1ee5ng.<\/div>\n<div>\u00a0\u2022 M\u00e0u s\u1eafc: T\u00f4ng kem trang nh\u00e3, d\u1ec5 ph\u1ed1i h\u1ee3p v\u1edbi nhi\u1ec1u kh\u00f4ng gian v\u00e0 phong c\u00e1ch n\u1ed9i th\u1ea5t kh\u00e1c nhau.<\/div>\n<div>\u00a0\u2022 H\u1ecda ti\u1ebft: Thi\u1ebft k\u1ebf h\u1ecda ti\u1ebft nh\u1ecf tinh t\u1ebf, mang l\u1ea1i v\u1ebb \u0111\u1eb9p v\u1eeba c\u1ed5 \u0111i\u1ec3n v\u1eeba hi\u1ec7n \u0111\u1ea1i.<\/div>\n<div>\u00a0\u2022 K\u00edch th\u01b0\u1edbc: Ph\u00f9 h\u1ee3p \u0111\u1ec3 s\u1eed d\u1ee5ng l\u00e0m kh\u0103n tr\u1ea3i b\u00e0n, trang tr\u00ed gh\u1ebf, l\u00e0m n\u1ec1n ch\u1ee5p \u1ea3nh, ho\u1eb7c l\u00e0m ph\u1ee5 ki\u1ec7n th\u1eddi trang.<\/div>\n<div>\u00a0\u2022 \u1ee8ng d\u1ee5ng: Th\u00edch h\u1ee3p cho ph\u00f2ng kh\u00e1ch, ph\u00f2ng ng\u1ee7, studio ch\u1ee5p \u1ea3nh ho\u1eb7c l\u00e0m qu\u00e0 t\u1eb7ng tinh t\u1ebf.<\/div>\n<div><\/div>\n<div>V\u1edbi thi\u1ebft k\u1ebf trang nh\u00e3 v\u00e0 ch\u1ea5t li\u1ec7u cao c\u1ea5p, Elegant Ivory kh\u00f4ng ch\u1ec9 l\u00e0 m\u1ed9t chi\u1ebfc kh\u0103n trang tr\u00ed m\u00e0 c\u00f2n l\u00e0 \u0111i\u1ec3m nh\u1ea5n tinh t\u1ebf gi\u00fap kh\u00f4ng gian th\u00eam ph\u1ea7n sang tr\u1ecdng v\u00e0 \u1ea5m c\u00fang.<\/div>\n","protected":false},"excerpt":{"rendered":"<p>Chi\u1ebfc kh\u0103n c\u00f3 m\u00e0u kem v\u1edbi h\u1ecda ti\u1ebft nh\u1ecf m\u00e0u \u0111en \u0111\u01b0\u1ee3c s\u1eafp x\u1ebfp \u0111\u1ec1u \u0111\u1eb7n, g\u1ed3m c\u00e1c bi\u1ec3u t\u01b0\u1ee3ng h\u00ecnh khi\u00ean v\u00e0 d\u1ea5u c\u1ed9ng. Ch\u1ea5t li\u1ec7u v\u1ea3i m\u1ec1m m\u1ea1i, c\u00f3 \u0111\u1ed9 b\u00f3ng nh\u1eb9, t\u1ea1o c\u1ea3m gi\u00e1c sang tr\u1ecdng. Kh\u0103n \u0111\u01b0\u1ee3c ph\u1ee7 tr\u00ean m\u1ed9t b\u1ec1 m\u1eb7t, v\u1edbi ph\u00f4ng n\u1ec1n l\u00e0 r\u00e8m \u0111\u1ecf n\u1ed5i b\u1eadt.<\/p>\n","protected":false},"featured_media":3217,"comment_status":"open","ping_status":"closed","template":"","meta":{"inline_featured_image":false},"product_brand":[],"product_cat":[39],"product_tag":[],"class_list":{"0":"post-3302","1":"product","2":"type-product","3":"status-publish","4":"has-post-thumbnail","6":"product_cat-phu-kien-thoi-trang-khac","8":"first","9":"outofstock","10":"shipping-taxable","11":"purchasable","12":"product-type-simple"},"acf":[],"_links":{"self":[{"href":"https:\/\/tynivintage.com\/vi\/wp-json\/wp\/v2\/product\/3302","targetHints":{"allow":["GET"]}}],"collection":[{"href":"https:\/\/tynivintage.com\/vi\/wp-json\/wp\/v2\/product"}],"about":[{"href":"https:\/\/tynivintage.com\/vi\/wp-json\/wp\/v2\/types\/product"}],"replies":[{"embeddable":true,"href":"https:\/\/tynivintage.com\/vi\/wp-json\/wp\/v2\/comments?post=3302"}],"wp:featuredmedia":[{"embeddable":true,"href":"https:\/\/tynivintage.com\/vi\/wp-json\/wp\/v2\/media\/3217"}],"wp:attachment":[{"href":"https:\/\/tynivintage.com\/vi\/wp-json\/wp\/v2\/media?parent=3302"}],"wp:term":[{"taxonomy":"product_brand","embeddable":true,"href":"https:\/\/tynivintage.com\/vi\/wp-json\/wp\/v2\/product_brand?post=3302"},{"taxonomy":"product_cat","embeddable":true,"href":"https:\/\/tynivintage.com\/vi\/wp-json\/wp\/v2\/product_cat?post=3302"},{"taxonomy":"product_tag","embeddable":true,"href":"https:\/\/tynivintage.com\/vi\/wp-json\/wp\/v2\/product_tag?post=3302"}],"curies":[{"name":"wp","href":"https:\/\/api.w.org\/{rel}","templated":true}]}}