{"id":3300,"date":"2025-03-13T00:06:24","date_gmt":"2025-03-13T11:33:11","guid":{"rendered":"https:\/\/tynivintage.com\/?post_type=product&#038;p=3300"},"modified":"2025-03-13T18:33:11","modified_gmt":"2025-03-13T11:33:11","slug":"khan-lua-equestrian-elegance","status":"publish","type":"product","link":"https:\/\/tynivintage.com\/vi\/san-pham\/khan-lua-equestrian-elegance\/","title":{"rendered":"Kh\u0103n L\u1ee5a Equestrian Elegance"},"content":{"rendered":"<div>\n<div>L\u1ea5y c\u1ea3m h\u1ee9ng t\u1eeb ngh\u1ec7 thu\u1eadt c\u01b0\u1ee1i ng\u1ef1a qu\u00fd t\u1ed9c, Equestrian Elegance l\u00e0 chi\u1ebfc kh\u0103n vu\u00f4ng sang tr\u1ecdng v\u1edbi h\u1ecda ti\u1ebft y\u00ean c\u01b0\u01a1ng tinh x\u1ea3o, k\u1ebft h\u1ee3p c\u00e1c chi ti\u1ebft d\u00e2y da, kim lo\u1ea1i v\u00e0 hoa v\u0103n c\u1ed5 \u0111i\u1ec3n. S\u1ef1 ph\u1ed1i h\u1ee3p gi\u1eefa c\u00e1c gam m\u00e0u xanh \u0111\u1eadm, tr\u1eafng, t\u00edm v\u00e0 \u0111\u1ecf t\u1ea1o n\u00ean t\u1ed5ng th\u1ec3 thanh l\u1ecbch, qu\u00fd ph\u00e1i nh\u01b0ng v\u1eabn \u0111\u1ea7y c\u00e1 t\u00ednh.<\/div>\n<div><\/div>\n<div>\u0110\u1eb7c \u0111i\u1ec3m s\u1ea3n ph\u1ea9m:<\/div>\n<div>\u00a0\u2022 Ch\u1ea5t li\u1ec7u: L\u1ee5a m\u1ec1m m\u1ea1i, c\u00f3 \u0111\u1ed9 b\u00f3ng nh\u1eb9, mang l\u1ea1i c\u1ea3m gi\u00e1c sang tr\u1ecdng v\u00e0 \u00eam \u00e1i khi s\u1eed d\u1ee5ng.<\/div>\n<div>\u00a0\u2022 K\u00edch th\u01b0\u1edbc: 85&#215;85 cm, ph\u00f9 h\u1ee3p l\u00e0m ph\u1ee5 ki\u1ec7n th\u1eddi trang ho\u1eb7c trang tr\u00ed.<\/div>\n<div>\u00a0\u2022 H\u1ecda ti\u1ebft: Thi\u1ebft k\u1ebf y\u00ean c\u01b0\u01a1ng ng\u1ef1a \u0111\u1ed9c \u0111\u00e1o, tinh t\u1ebf, g\u1ee3i nh\u1edb \u0111\u1ebfn phong c\u00e1ch ho\u00e0ng gia v\u00e0 gi\u1edbi qu\u00fd t\u1ed9c.<\/div>\n<div>\u00a0\u2022 M\u00e0u s\u1eafc: S\u1ef1 k\u1ebft h\u1ee3p h\u00e0i h\u00f2a gi\u1eefa xanh \u0111\u1eadm, tr\u1eafng, t\u00edm v\u00e0 \u0111\u1ecf gi\u00fap d\u1ec5 d\u00e0ng ph\u1ed1i \u0111\u1ed3 ho\u1eb7c l\u00e0m \u0111i\u1ec3m nh\u1ea5n cho kh\u00f4ng gian.<\/div>\n<div>\u00a0\u2022 \u1ee8ng d\u1ee5ng: D\u00f9ng l\u00e0m kh\u0103n cho\u00e0ng c\u1ed5, ph\u1ee5 ki\u1ec7n t\u00fai x\u00e1ch, b\u0103ng \u0111\u00f4, ho\u1eb7c kh\u0103n tr\u1ea3i trang tr\u00ed b\u00e0n, gh\u1ebf theo phong c\u00e1ch sang tr\u1ecdng.<\/div>\n<div><\/div>\n<div>V\u1edbi thi\u1ebft k\u1ebf \u0111\u1eb3ng c\u1ea5p v\u00e0 ch\u1ea5t li\u1ec7u cao c\u1ea5p, Equestrian Elegance kh\u00f4ng ch\u1ec9 l\u00e0 m\u1ed9t chi\u1ebfc kh\u0103n m\u00e0 c\u00f2n l\u00e0 tuy\u00ean ng\u00f4n th\u1eddi trang, th\u1ec3 hi\u1ec7n gu th\u1ea9m m\u1ef9 tinh t\u1ebf v\u00e0 \u0111\u1eb3ng c\u1ea5p c\u1ee7a ng\u01b0\u1eddi s\u1edf h\u1eefu.<\/div>\n<\/div>\n","protected":false},"excerpt":{"rendered":"<p>Chi\u1ebfc kh\u0103n vu\u00f4ng k\u00edch th\u01b0\u1edbc 85&#215;85 cm c\u00f3 h\u1ecda ti\u1ebft sang tr\u1ecdng l\u1ea5y c\u1ea3m h\u1ee9ng t\u1eeb y\u00ean c\u01b0\u01a1ng ng\u1ef1a, v\u1edbi c\u00e1c chi ti\u1ebft d\u00e2y da, kim lo\u1ea1i v\u00e0 hoa v\u0103n c\u1ed5 \u0111i\u1ec3n. M\u00e0u s\u1eafc ch\u1ee7 \u0111\u1ea1o l\u00e0 xanh \u0111\u1eadm, tr\u1eafng, t\u00edm v\u00e0 \u0111\u1ecf, t\u1ea1o n\u00ean v\u1ebb \u0111\u1eb9p qu\u00fd ph\u00e1i v\u00e0 tinh t\u1ebf. Ch\u1ea5t li\u1ec7u m\u1ec1m m\u1ea1i, c\u00f3 \u0111\u1ed9 b\u00f3ng nh\u1eb9, th\u00edch h\u1ee3p l\u00e0m ph\u1ee5 ki\u1ec7n th\u1eddi trang ho\u1eb7c trang tr\u00ed.<\/p>\n","protected":false},"featured_media":3220,"comment_status":"open","ping_status":"closed","template":"","meta":{"inline_featured_image":false},"product_brand":[],"product_cat":[39],"product_tag":[],"class_list":{"0":"post-3300","1":"product","2":"type-product","3":"status-publish","4":"has-post-thumbnail","6":"product_cat-phu-kien-thoi-trang-khac","8":"first","9":"instock","10":"shipping-taxable","11":"purchasable","12":"product-type-simple"},"acf":[],"_links":{"self":[{"href":"https:\/\/tynivintage.com\/vi\/wp-json\/wp\/v2\/product\/3300","targetHints":{"allow":["GET"]}}],"collection":[{"href":"https:\/\/tynivintage.com\/vi\/wp-json\/wp\/v2\/product"}],"about":[{"href":"https:\/\/tynivintage.com\/vi\/wp-json\/wp\/v2\/types\/product"}],"replies":[{"embeddable":true,"href":"https:\/\/tynivintage.com\/vi\/wp-json\/wp\/v2\/comments?post=3300"}],"wp:featuredmedia":[{"embeddable":true,"href":"https:\/\/tynivintage.com\/vi\/wp-json\/wp\/v2\/media\/3220"}],"wp:attachment":[{"href":"https:\/\/tynivintage.com\/vi\/wp-json\/wp\/v2\/media?parent=3300"}],"wp:term":[{"taxonomy":"product_brand","embeddable":true,"href":"https:\/\/tynivintage.com\/vi\/wp-json\/wp\/v2\/product_brand?post=3300"},{"taxonomy":"product_cat","embeddable":true,"href":"https:\/\/tynivintage.com\/vi\/wp-json\/wp\/v2\/product_cat?post=3300"},{"taxonomy":"product_tag","embeddable":true,"href":"https:\/\/tynivintage.com\/vi\/wp-json\/wp\/v2\/product_tag?post=3300"}],"curies":[{"name":"wp","href":"https:\/\/api.w.org\/{rel}","templated":true}]}}