{"id":3297,"date":"2025-03-13T00:08:01","date_gmt":"2025-03-13T09:44:44","guid":{"rendered":"https:\/\/tynivintage.com\/?post_type=product&#038;p=3297"},"modified":"2025-03-13T16:44:44","modified_gmt":"2025-03-13T09:44:44","slug":"khan-lua-vuong-floral-elegance","status":"publish","type":"product","link":"https:\/\/tynivintage.com\/vi\/san-pham\/khan-lua-vuong-floral-elegance\/","title":{"rendered":"Kh\u0103n l\u1ee5a vu\u00f4ng Floral Elegance"},"content":{"rendered":"<div>T\u00f4n vinh v\u1ebb \u0111\u1eb9p thi\u00ean nhi\u00ean, Floral Elegance l\u00e0 chi\u1ebfc kh\u0103n l\u1ee5a vu\u00f4ng 60&#215;60 cm v\u1edbi h\u1ecda ti\u1ebft hoa l\u00e1 r\u1ef1c r\u1ee1, mang l\u1ea1i s\u1ef1 t\u01b0\u01a1i m\u1edbi v\u00e0 \u0111\u1ea7y s\u1ee9c s\u1ed1ng. N\u1ec1n tr\u1eafng tinh t\u1ebf k\u1ebft h\u1ee3p v\u1edbi vi\u1ec1n h\u1ed3ng n\u1ed5i b\u1eadt t\u1ea1o n\u00ean t\u1ed5ng th\u1ec3 h\u00e0i h\u00f2a, n\u1eef t\u00ednh nh\u01b0ng kh\u00f4ng k\u00e9m ph\u1ea7n sang tr\u1ecdng.<\/div>\n<div><\/div>\n<div>\u0110\u1eb7c \u0111i\u1ec3m s\u1ea3n ph\u1ea9m:<\/div>\n<div>\u00a0\u2022 Ch\u1ea5t li\u1ec7u: L\u1ee5a m\u1ec1m m\u1ea1i, nh\u1eb9 nh\u00e0ng, c\u00f3 \u0111\u1ed9 b\u00f3ng nh\u1eb9, t\u1ea1o c\u1ea3m gi\u00e1c tho\u1ea3i m\u00e1i khi s\u1eed d\u1ee5ng.<\/div>\n<div>\u00a0\u2022 K\u00edch th\u01b0\u1edbc: 60&#215;60 cm, nh\u1ecf g\u1ecdn, d\u1ec5 d\u00e0ng bi\u1ebfn t\u1ea5u th\u00e0nh nhi\u1ec1u phong c\u00e1ch kh\u00e1c nhau.<\/div>\n<div>\u00a0\u2022 H\u1ecda ti\u1ebft: Hoa l\u00e1 \u0111\u1ea7y m\u00e0u s\u1eafc, mang \u0111\u1ebfn v\u1ebb \u0111\u1eb9p t\u01b0\u01a1i tr\u1ebb, thanh l\u1ecbch.<\/div>\n<div>\u00a0\u2022 M\u00e0u s\u1eafc: N\u1ec1n tr\u1eafng k\u1ebft h\u1ee3p v\u1edbi vi\u1ec1n h\u1ed3ng n\u1ed5i b\u1eadt, d\u1ec5 d\u00e0ng ph\u1ed1i h\u1ee3p v\u1edbi nhi\u1ec1u trang ph\u1ee5c.<\/div>\n<div>\u00a0\u2022 C\u00f4ng d\u1ee5ng: C\u00f3 th\u1ec3 d\u00f9ng l\u00e0m kh\u0103n qu\u00e0ng c\u1ed5, ph\u1ee5 ki\u1ec7n t\u00fai x\u00e1ch, b\u0103ng \u0111\u00f4, ho\u1eb7c kh\u0103n trang tr\u00ed.<\/div>\n<div><\/div>\n<div>V\u1edbi thi\u1ebft k\u1ebf tinh t\u1ebf v\u00e0 ch\u1ea5t li\u1ec7u cao c\u1ea5p, Floral Elegance kh\u00f4ng ch\u1ec9 l\u00e0 m\u1ed9t m\u00f3n ph\u1ee5 ki\u1ec7n th\u1eddi trang m\u00e0 c\u00f2n l\u00e0 \u0111i\u1ec3m nh\u1ea5n th\u1ec3 hi\u1ec7n phong c\u00e1ch v\u00e0 gu th\u1ea9m m\u1ef9 c\u1ee7a b\u1ea1n<\/div>\n","protected":false},"excerpt":{"rendered":"<p>Kh\u0103n l\u1ee5a vu\u00f4ng 60&#215;60 cm v\u1edbi h\u1ecda ti\u1ebft hoa l\u00e1 r\u1ef1c r\u1ee1 tr\u00ean n\u1ec1n tr\u1eafng, k\u1ebft h\u1ee3p vi\u1ec1n h\u1ed3ng n\u1ed5i b\u1eadt. Ch\u1ea5t li\u1ec7u l\u1ee5a m\u1ec1m m\u1ea1i, nh\u1eb9 nh\u00e0ng, mang \u0111\u1ebfn v\u1ebb n\u1eef t\u00ednh, thanh l\u1ecbch. Ph\u00f9 h\u1ee3p l\u00e0m ph\u1ee5 ki\u1ec7n th\u1eddi trang ho\u1eb7c trang tr\u00ed.<\/p>\n","protected":false},"featured_media":3223,"comment_status":"open","ping_status":"closed","template":"","meta":{"inline_featured_image":false},"product_brand":[],"product_cat":[39],"product_tag":[],"class_list":{"0":"post-3297","1":"product","2":"type-product","3":"status-publish","4":"has-post-thumbnail","6":"product_cat-phu-kien-thoi-trang-khac","8":"first","9":"instock","10":"shipping-taxable","11":"purchasable","12":"product-type-simple"},"acf":[],"_links":{"self":[{"href":"https:\/\/tynivintage.com\/vi\/wp-json\/wp\/v2\/product\/3297","targetHints":{"allow":["GET"]}}],"collection":[{"href":"https:\/\/tynivintage.com\/vi\/wp-json\/wp\/v2\/product"}],"about":[{"href":"https:\/\/tynivintage.com\/vi\/wp-json\/wp\/v2\/types\/product"}],"replies":[{"embeddable":true,"href":"https:\/\/tynivintage.com\/vi\/wp-json\/wp\/v2\/comments?post=3297"}],"wp:featuredmedia":[{"embeddable":true,"href":"https:\/\/tynivintage.com\/vi\/wp-json\/wp\/v2\/media\/3223"}],"wp:attachment":[{"href":"https:\/\/tynivintage.com\/vi\/wp-json\/wp\/v2\/media?parent=3297"}],"wp:term":[{"taxonomy":"product_brand","embeddable":true,"href":"https:\/\/tynivintage.com\/vi\/wp-json\/wp\/v2\/product_brand?post=3297"},{"taxonomy":"product_cat","embeddable":true,"href":"https:\/\/tynivintage.com\/vi\/wp-json\/wp\/v2\/product_cat?post=3297"},{"taxonomy":"product_tag","embeddable":true,"href":"https:\/\/tynivintage.com\/vi\/wp-json\/wp\/v2\/product_tag?post=3297"}],"curies":[{"name":"wp","href":"https:\/\/api.w.org\/{rel}","templated":true}]}}