{"id":3296,"date":"2025-03-13T00:09:50","date_gmt":"2025-03-13T09:43:30","guid":{"rendered":"https:\/\/tynivintage.com\/?post_type=product&#038;p=3296"},"modified":"2025-03-13T16:43:30","modified_gmt":"2025-03-13T09:43:30","slug":"khan-lua-ke-soc-xanh-pastel","status":"publish","type":"product","link":"https:\/\/tynivintage.com\/vi\/san-pham\/khan-lua-ke-soc-xanh-pastel\/","title":{"rendered":"Kh\u0103n L\u1ee5a K\u1ebb S\u1ecdc Xanh Pastel"},"content":{"rendered":"<div>M\u00f4 t\u1ea3:<\/div>\n<div>T\u1ea1o \u0111i\u1ec3m nh\u1ea5n tinh t\u1ebf cho phong c\u00e1ch c\u1ee7a b\u1ea1n v\u1edbi kh\u0103n l\u1ee5a k\u1ebb s\u1ecdc xanh pastel thanh l\u1ecbch. V\u1edbi k\u00edch th\u01b0\u1edbc 55&#215;55 cm, chi\u1ebfc kh\u0103n vu\u00f4ng n\u00e0y c\u00f3 thi\u1ebft k\u1ebf s\u1ecdc v\u00e0ng v\u00e0 tr\u1eafng tr\u00ean n\u1ec1n xanh pastel m\u1ec1m m\u1ea1i, t\u1ea1o n\u00ean v\u1ebb \u0111\u1eb9p c\u1ed5 \u0111i\u1ec3n v\u00e0 d\u1ec5 d\u00e0ng ph\u1ed1i h\u1ee3p v\u1edbi nhi\u1ec1u trang ph\u1ee5c.<\/div>\n<div><\/div>\n<div>Ch\u1ea5t li\u1ec7u &amp; Ch\u1ea5t l\u01b0\u1ee3ng:<\/div>\n<div>\u00a0\u2022 \u0110\u01b0\u1ee3c l\u00e0m t\u1eeb l\u1ee5a cao c\u1ea5p, mang l\u1ea1i c\u1ea3m gi\u00e1c m\u1ec1m m\u1ea1i, nh\u1eb9 nh\u00e0ng v\u00e0 tho\u00e1ng kh\u00ed.<\/div>\n<div>\u00a0\u2022 B\u1ec1 m\u1eb7t v\u1ea3i c\u00f3 \u0111\u1ed9 b\u00f3ng sang tr\u1ecdng, gi\u00fap t\u0103ng th\u00eam v\u1ebb tinh t\u1ebf cho ng\u01b0\u1eddi d\u00f9ng.<\/div>\n<div><\/div>\n<div>C\u00e1ch ph\u1ed1i \u0111a d\u1ea1ng:<\/div>\n<div>\u00a0\u2022 C\u00f3 th\u1ec3 qu\u00e0ng c\u1ed5 \u0111\u1ec3 t\u1ea1o phong c\u00e1ch thanh l\u1ecbch v\u00e0 sang tr\u1ecdng.<\/div>\n<div>\u00a0\u2022 D\u00f9ng l\u00e0m ph\u1ee5 ki\u1ec7n t\u00f3c, bu\u1ed9c l\u00e0m b\u0103ng \u0111\u00f4 ho\u1eb7c qu\u1ea5n quanh t\u00f3c \u0111u\u00f4i ng\u1ef1a.<\/div>\n<div>\u00a0\u2022 Qu\u1ea5n quanh c\u1ed5 tay ho\u1eb7c th\u1eaft v\u00e0o t\u00fai x\u00e1ch \u0111\u1ec3 t\u0103ng th\u00eam n\u00e9t c\u00e1 t\u00ednh.<\/div>\n","protected":false},"excerpt":{"rendered":"<p>Kh\u0103n vu\u00f4ng 55&#215;55 cm v\u1edbi t\u00f4ng m\u00e0u xanh pastel d\u1ecbu nh\u1eb9, k\u1ebft h\u1ee3p h\u1ecda ti\u1ebft k\u1ebb s\u1ecdc v\u00e0ng v\u00e0 tr\u1eafng thanh l\u1ecbch. Ch\u1ea5t li\u1ec7u m\u1ec1m m\u1ea1i, nh\u1eb9 nh\u00e0ng, ph\u00f9 h\u1ee3p \u0111\u1ec3 qu\u00e0ng c\u1ed5, c\u1ed9t t\u00f3c ho\u1eb7c l\u00e0m ph\u1ee5 ki\u1ec7n trang tr\u00ed t\u00fai x\u00e1ch.<\/p>\n","protected":false},"featured_media":3226,"comment_status":"open","ping_status":"closed","template":"","meta":{"inline_featured_image":false},"product_brand":[],"product_cat":[39],"product_tag":[],"class_list":{"0":"post-3296","1":"product","2":"type-product","3":"status-publish","4":"has-post-thumbnail","6":"product_cat-phu-kien-thoi-trang-khac","8":"first","9":"instock","10":"shipping-taxable","11":"purchasable","12":"product-type-simple"},"acf":[],"_links":{"self":[{"href":"https:\/\/tynivintage.com\/vi\/wp-json\/wp\/v2\/product\/3296","targetHints":{"allow":["GET"]}}],"collection":[{"href":"https:\/\/tynivintage.com\/vi\/wp-json\/wp\/v2\/product"}],"about":[{"href":"https:\/\/tynivintage.com\/vi\/wp-json\/wp\/v2\/types\/product"}],"replies":[{"embeddable":true,"href":"https:\/\/tynivintage.com\/vi\/wp-json\/wp\/v2\/comments?post=3296"}],"wp:featuredmedia":[{"embeddable":true,"href":"https:\/\/tynivintage.com\/vi\/wp-json\/wp\/v2\/media\/3226"}],"wp:attachment":[{"href":"https:\/\/tynivintage.com\/vi\/wp-json\/wp\/v2\/media?parent=3296"}],"wp:term":[{"taxonomy":"product_brand","embeddable":true,"href":"https:\/\/tynivintage.com\/vi\/wp-json\/wp\/v2\/product_brand?post=3296"},{"taxonomy":"product_cat","embeddable":true,"href":"https:\/\/tynivintage.com\/vi\/wp-json\/wp\/v2\/product_cat?post=3296"},{"taxonomy":"product_tag","embeddable":true,"href":"https:\/\/tynivintage.com\/vi\/wp-json\/wp\/v2\/product_tag?post=3296"}],"curies":[{"name":"wp","href":"https:\/\/api.w.org\/{rel}","templated":true}]}}