{"id":3295,"date":"2025-03-13T00:11:36","date_gmt":"2025-03-13T09:42:09","guid":{"rendered":"https:\/\/tynivintage.com\/?post_type=product&#038;p=3295"},"modified":"2025-03-13T16:42:09","modified_gmt":"2025-03-13T09:42:09","slug":"khan-vuong-thanh-lich","status":"publish","type":"product","link":"https:\/\/tynivintage.com\/vi\/san-pham\/khan-vuong-thanh-lich\/","title":{"rendered":"Kh\u0103n Vu\u00f4ng Thanh L\u1ecbch"},"content":{"rendered":"<div>N\u00e2ng t\u1ea7m phong c\u00e1ch c\u1ee7a b\u1ea1n v\u1edbi chi\u1ebfc kh\u0103n l\u1ee5a 65&#215;65 cm tinh t\u1ebf, \u0111\u01b0\u1ee3c thi\u1ebft k\u1ebf v\u1edbi h\u1ecda ti\u1ebft hoa sang tr\u1ecdng t\u00f4ng \u0111en v\u00e0 n\u00e2u tr\u00ean n\u1ec1n be m\u1ec1m m\u1ea1i. H\u1ecda ti\u1ebft hoa h\u1ed3ng \u0111\u01b0\u1ee3c s\u1eafp x\u1ebfp tinh t\u1ebf, t\u1ea1o n\u00ean v\u1ebb \u0111\u1eb9p h\u00e0i h\u00f2a v\u00e0 v\u01b0\u1ee3t th\u1eddi gian.<\/div>\n<div><\/div>\n<div>Chi ti\u1ebft s\u1ea3n ph\u1ea9m:<\/div>\n<div>\u00a0\u2022 Ch\u1ea5t li\u1ec7u: L\u1ee5a cao c\u1ea5p, m\u1ec1m m\u1ea1i v\u00e0 sang tr\u1ecdng.<\/div>\n<div>\u00a0\u2022 Thi\u1ebft k\u1ebf: H\u1ecda ti\u1ebft hoa tinh x\u1ea3o v\u1edbi nh\u1eefng b\u00f4ng h\u1ed3ng chi ti\u1ebft t\u00f4ng m\u00e0u \u0111en v\u00e0 n\u00e2u, mang \u0111\u1ebfn v\u1ebb \u0111\u1eb9p c\u1ed5 \u0111i\u1ec3n thanh l\u1ecbch.<\/div>\n<div>\u00a0\u2022 Vi\u1ec1n kh\u0103n: \u0110\u01b0\u1ee3c bo vi\u1ec1n \u0111en tinh t\u1ebf, t\u1ea1o \u0111i\u1ec3m nh\u1ea5n sang tr\u1ecdng v\u00e0 ho\u00e0n thi\u1ec7n t\u1ed5ng th\u1ec3 kh\u0103n.<\/div>\n<div>\u00a0\u2022 K\u00edch th\u01b0\u1edbc: 65&#215;65 cm \u2013 k\u00edch th\u01b0\u1edbc l\u00fd t\u01b0\u1edfng \u0111\u1ec3 s\u1eed d\u1ee5ng linh ho\u1ea1t, c\u00f3 th\u1ec3 qu\u1ea5n c\u1ed5, l\u00e0m ph\u1ee5 ki\u1ec7n t\u00f3c ho\u1eb7c trang tr\u00ed t\u00fai x\u00e1ch.<\/div>\n<div>\u00a0\u2022 C\u00f4ng d\u1ee5ng: Ph\u00f9 h\u1ee3p v\u1edbi c\u1ea3 trang ph\u1ee5c th\u01b0\u1eddng ng\u00e0y l\u1eabn trang ph\u1ee5c d\u1ef1 ti\u1ec7c, gi\u00fap t\u00f4n l\u00ean phong c\u00e1ch thanh l\u1ecbch v\u00e0 tinh t\u1ebf.<\/div>\n<div>Chi\u1ebfc kh\u0103n l\u1ee5a h\u1ecda ti\u1ebft hoa n\u00e0y l\u00e0 ph\u1ee5 ki\u1ec7n kh\u00f4ng th\u1ec3 thi\u1ebfu d\u00e0nh cho nh\u1eefng ai y\u00eau th\u00edch s\u1ef1 sang tr\u1ecdng v\u00e0 th\u1eddi trang v\u01b0\u1ee3t th\u1eddi gian. Ch\u1ea5t li\u1ec7u nh\u1eb9, tho\u00e1ng kh\u00ed mang l\u1ea1i c\u1ea3m gi\u00e1c tho\u1ea3i m\u00e1i m\u00e0 v\u1eabn gi\u1eef \u0111\u01b0\u1ee3c v\u1ebb ngo\u00e0i cao c\u1ea5p.<\/div>\n","protected":false},"excerpt":{"rendered":"<p>Kh\u0103n l\u1ee5a vu\u00f4ng 65&#215;65 cm v\u1edbi h\u1ecda ti\u1ebft hoa h\u1ed3ng \u0111en v\u00e0 n\u00e2u sang tr\u1ecdng tr\u00ean n\u1ec1n tr\u1eafng kem. Vi\u1ec1n kh\u0103n m\u00e0u \u0111en tinh t\u1ebf, t\u1ea1o \u0111i\u1ec3m nh\u1ea5n thanh l\u1ecbch v\u00e0 d\u1ec5 d\u00e0ng ph\u1ed1i h\u1ee3p v\u1edbi nhi\u1ec1u phong c\u00e1ch th\u1eddi trang. Ch\u1ea5t li\u1ec7u l\u1ee5a m\u1ec1m m\u1ea1i, mang l\u1ea1i c\u1ea3m gi\u00e1c nh\u1eb9 nh\u00e0ng v\u00e0 tho\u1ea3i m\u00e1i khi s\u1eed d\u1ee5ng.<\/p>\n","protected":false},"featured_media":3229,"comment_status":"open","ping_status":"closed","template":"","meta":{"inline_featured_image":false},"product_brand":[],"product_cat":[39],"product_tag":[],"class_list":{"0":"post-3295","1":"product","2":"type-product","3":"status-publish","4":"has-post-thumbnail","6":"product_cat-phu-kien-thoi-trang-khac","8":"first","9":"outofstock","10":"shipping-taxable","11":"purchasable","12":"product-type-simple"},"acf":[],"_links":{"self":[{"href":"https:\/\/tynivintage.com\/vi\/wp-json\/wp\/v2\/product\/3295","targetHints":{"allow":["GET"]}}],"collection":[{"href":"https:\/\/tynivintage.com\/vi\/wp-json\/wp\/v2\/product"}],"about":[{"href":"https:\/\/tynivintage.com\/vi\/wp-json\/wp\/v2\/types\/product"}],"replies":[{"embeddable":true,"href":"https:\/\/tynivintage.com\/vi\/wp-json\/wp\/v2\/comments?post=3295"}],"wp:featuredmedia":[{"embeddable":true,"href":"https:\/\/tynivintage.com\/vi\/wp-json\/wp\/v2\/media\/3229"}],"wp:attachment":[{"href":"https:\/\/tynivintage.com\/vi\/wp-json\/wp\/v2\/media?parent=3295"}],"wp:term":[{"taxonomy":"product_brand","embeddable":true,"href":"https:\/\/tynivintage.com\/vi\/wp-json\/wp\/v2\/product_brand?post=3295"},{"taxonomy":"product_cat","embeddable":true,"href":"https:\/\/tynivintage.com\/vi\/wp-json\/wp\/v2\/product_cat?post=3295"},{"taxonomy":"product_tag","embeddable":true,"href":"https:\/\/tynivintage.com\/vi\/wp-json\/wp\/v2\/product_tag?post=3295"}],"curies":[{"name":"wp","href":"https:\/\/api.w.org\/{rel}","templated":true}]}}