{"id":3294,"date":"2025-03-13T00:13:59","date_gmt":"2025-03-13T09:40:52","guid":{"rendered":"https:\/\/tynivintage.com\/?post_type=product&#038;p=3294"},"modified":"2025-03-13T16:40:52","modified_gmt":"2025-03-13T09:40:52","slug":"khan-lua-vuong-hoa-tiet-ke-soc-bac-sang-trong","status":"publish","type":"product","link":"https:\/\/tynivintage.com\/vi\/san-pham\/khan-lua-vuong-hoa-tiet-ke-soc-bac-sang-trong\/","title":{"rendered":"Kh\u0103n l\u1ee5a vu\u00f4ng h\u1ecda ti\u1ebft k\u1ebb s\u1ecdc b\u1ea1c sang tr\u1ecdng"},"content":{"rendered":"<div>Chi\u1ebfc kh\u0103n l\u1ee5a vu\u00f4ng k\u00edch th\u01b0\u1edbc 85&#215;85 cm mang \u0111\u1ebfn v\u1ebb \u0111\u1eb9p thanh l\u1ecbch v\u1edbi gam m\u00e0u b\u1ea1c \u2013 tr\u1eafng tinh t\u1ebf. H\u1ecda ti\u1ebft k\u1ebb s\u1ecdc \u0111\u01a1n gi\u1ea3n nh\u01b0ng \u0111\u1ea7y phong c\u00e1ch, t\u1ea1o \u0111i\u1ec3m nh\u1ea5n nh\u1eb9 nh\u00e0ng m\u00e0 kh\u00f4ng k\u00e9m ph\u1ea7n sang tr\u1ecdng.<\/div>\n<div><\/div>\n<div>Ch\u1ea5t li\u1ec7u l\u1ee5a m\u1ec1m m\u1ea1i, nh\u1eb9 nh\u00e0ng gi\u00fap chi\u1ebfc kh\u0103n kh\u00f4ng ch\u1ec9 \u0111\u1eb9p m\u1eaft m\u00e0 c\u00f2n mang l\u1ea1i c\u1ea3m gi\u00e1c tho\u1ea3i m\u00e1i khi s\u1eed d\u1ee5ng. B\u1ea1n c\u00f3 th\u1ec3 d\u1ec5 d\u00e0ng bi\u1ebfn t\u1ea5u v\u1edbi nhi\u1ec1u ki\u1ec3u th\u1eaft kh\u00e1c nhau, ph\u00f9 h\u1ee3p \u0111\u1ec3 qu\u00e0ng c\u1ed5, bu\u1ed9c t\u00fai x\u00e1ch ho\u1eb7c l\u00e0m ph\u1ee5 ki\u1ec7n th\u1eddi trang \u0111\u1ea7y phong c\u00e1ch.<\/div>\n","protected":false},"excerpt":{"rendered":"<p>Kh\u0103n l\u1ee5a vu\u00f4ng 85&#215;85 cm v\u1edbi t\u00f4ng m\u00e0u tr\u1eafng b\u1ea1c sang tr\u1ecdng, h\u1ecda ti\u1ebft k\u1ebb s\u1ecdc \u0111\u01a1n gi\u1ea3n nh\u01b0ng tinh t\u1ebf. Ch\u1ea5t li\u1ec7u m\u1ec1m m\u1ea1i, nh\u1eb9 nh\u00e0ng, mang \u0111\u1ebfn v\u1ebb \u0111\u1eb9p thanh l\u1ecbch v\u00e0 d\u1ec5 d\u00e0ng ph\u1ed1i h\u1ee3p v\u1edbi nhi\u1ec1u phong c\u00e1ch th\u1eddi trang.<\/p>\n","protected":false},"featured_media":3232,"comment_status":"open","ping_status":"closed","template":"","meta":{"inline_featured_image":false},"product_brand":[],"product_cat":[39],"product_tag":[],"class_list":{"0":"post-3294","1":"product","2":"type-product","3":"status-publish","4":"has-post-thumbnail","6":"product_cat-phu-kien-thoi-trang-khac","8":"first","9":"outofstock","10":"shipping-taxable","11":"purchasable","12":"product-type-simple"},"acf":[],"_links":{"self":[{"href":"https:\/\/tynivintage.com\/vi\/wp-json\/wp\/v2\/product\/3294","targetHints":{"allow":["GET"]}}],"collection":[{"href":"https:\/\/tynivintage.com\/vi\/wp-json\/wp\/v2\/product"}],"about":[{"href":"https:\/\/tynivintage.com\/vi\/wp-json\/wp\/v2\/types\/product"}],"replies":[{"embeddable":true,"href":"https:\/\/tynivintage.com\/vi\/wp-json\/wp\/v2\/comments?post=3294"}],"wp:featuredmedia":[{"embeddable":true,"href":"https:\/\/tynivintage.com\/vi\/wp-json\/wp\/v2\/media\/3232"}],"wp:attachment":[{"href":"https:\/\/tynivintage.com\/vi\/wp-json\/wp\/v2\/media?parent=3294"}],"wp:term":[{"taxonomy":"product_brand","embeddable":true,"href":"https:\/\/tynivintage.com\/vi\/wp-json\/wp\/v2\/product_brand?post=3294"},{"taxonomy":"product_cat","embeddable":true,"href":"https:\/\/tynivintage.com\/vi\/wp-json\/wp\/v2\/product_cat?post=3294"},{"taxonomy":"product_tag","embeddable":true,"href":"https:\/\/tynivintage.com\/vi\/wp-json\/wp\/v2\/product_tag?post=3294"}],"curies":[{"name":"wp","href":"https:\/\/api.w.org\/{rel}","templated":true}]}}