{"id":3293,"date":"2025-03-13T00:15:36","date_gmt":"2025-03-13T09:39:30","guid":{"rendered":"https:\/\/tynivintage.com\/?post_type=product&#038;p=3293"},"modified":"2025-03-13T16:39:30","modified_gmt":"2025-03-13T09:39:30","slug":"khan-choang-thiet-ke-pino-lancetti","status":"publish","type":"product","link":"https:\/\/tynivintage.com\/vi\/san-pham\/khan-choang-thiet-ke-pino-lancetti\/","title":{"rendered":"Kh\u0103n cho\u00e0ng thi\u1ebft k\u1ebf PINO LANCETTI"},"content":{"rendered":"<p>\u2022 Ch\u1ea5t li\u1ec7u: V\u1ea3i m\u1ec1m m\u1ea1i, cao c\u1ea5p, mang l\u1ea1i c\u1ea3m gi\u00e1c tho\u1ea3i m\u00e1i khi s\u1eed d\u1ee5ng.<br \/>\n\u2022 K\u00edch th\u01b0\u1edbc: Vu\u00f4ng 55&#215;55 cm, ph\u00f9 h\u1ee3p \u0111\u1ec3 qu\u00e0ng c\u1ed5, bu\u1ed9c t\u00f3c, th\u1eaft n\u01a1 t\u00fai x\u00e1ch ho\u1eb7c l\u00e0m ph\u1ee5 ki\u1ec7n th\u1eddi trang \u0111\u1ed9c \u0111\u00e1o.<br \/>\n\u2022 Thi\u1ebft k\u1ebf: H\u1ecda ti\u1ebft c\u00e1o sang tr\u1ecdng v\u1edbi h\u00ecnh \u1ea3nh nh\u1eefng ch\u00fa c\u00e1o s\u1eafc n\u00e9t tr\u00ean n\u1ec1n \u0111en huy\u1ec1n b\u00ed. Vi\u1ec1n kh\u0103n \u0111\u01b0\u1ee3c trang tr\u00ed v\u1edbi h\u1ecda ti\u1ebft da th\u00fa v\u00e0 v\u00f2ng nguy\u1ec7t qu\u1ebf, t\u1ea1o n\u00ean phong c\u00e1ch c\u00e1 t\u00ednh, qu\u00fd ph\u00e1i.<br \/>\n\u2022 Th\u01b0\u01a1ng hi\u1ec7u: PINO LANCETTI \u2013 Bi\u1ec3u t\u01b0\u1ee3ng c\u1ee7a s\u1ef1 tinh t\u1ebf v\u00e0 \u0111\u1eb3ng c\u1ea5p.<br \/>\n\u2022 C\u00f4ng d\u1ee5ng: Ph\u00f9 h\u1ee3p v\u1edbi nhi\u1ec1u phong c\u00e1ch kh\u00e1c nhau, t\u1eeb c\u1ed5 \u0111i\u1ec3n \u0111\u1ebfn hi\u1ec7n \u0111\u1ea1i, d\u1ec5 d\u00e0ng k\u1ebft h\u1ee3p v\u1edbi c\u00e1c trang ph\u1ee5c h\u00e0ng ng\u00e0y ho\u1eb7c s\u1ef1 ki\u1ec7n \u0111\u1eb7c bi\u1ec7t.<\/p>\n","protected":false},"excerpt":{"rendered":"<p>Kh\u0103n vu\u00f4ng 55&#215;55 cm mang phong c\u00e1ch sang tr\u1ecdng v\u1edbi h\u00ecnh \u1ea3nh nh\u1eefng ch\u00fa c\u00e1o s\u1eafc n\u00e9t tr\u00ean n\u1ec1n \u0111en huy\u1ec1n b\u00ed. Vi\u1ec1n kh\u0103n \u0111\u01b0\u1ee3c trang tr\u00ed h\u1ecda ti\u1ebft da th\u00fa v\u00e0 v\u00f2ng nguy\u1ec7t qu\u1ebf, t\u1ea1o n\u00ean v\u1ebb ngo\u00e0i \u0111\u1ed9c \u0111\u00e1o v\u00e0 c\u00e1 t\u00ednh. Ch\u1ea5t li\u1ec7u m\u1ec1m m\u1ea1i, th\u00edch h\u1ee3p l\u00e0m ph\u1ee5 ki\u1ec7n th\u1eddi trang \u0111a d\u1ee5ng.<\/p>\n","protected":false},"featured_media":3235,"comment_status":"open","ping_status":"closed","template":"","meta":{"inline_featured_image":false},"product_brand":[],"product_cat":[39],"product_tag":[],"class_list":{"0":"post-3293","1":"product","2":"type-product","3":"status-publish","4":"has-post-thumbnail","6":"product_cat-phu-kien-thoi-trang-khac","8":"first","9":"instock","10":"shipping-taxable","11":"purchasable","12":"product-type-simple"},"acf":[],"_links":{"self":[{"href":"https:\/\/tynivintage.com\/vi\/wp-json\/wp\/v2\/product\/3293","targetHints":{"allow":["GET"]}}],"collection":[{"href":"https:\/\/tynivintage.com\/vi\/wp-json\/wp\/v2\/product"}],"about":[{"href":"https:\/\/tynivintage.com\/vi\/wp-json\/wp\/v2\/types\/product"}],"replies":[{"embeddable":true,"href":"https:\/\/tynivintage.com\/vi\/wp-json\/wp\/v2\/comments?post=3293"}],"wp:featuredmedia":[{"embeddable":true,"href":"https:\/\/tynivintage.com\/vi\/wp-json\/wp\/v2\/media\/3235"}],"wp:attachment":[{"href":"https:\/\/tynivintage.com\/vi\/wp-json\/wp\/v2\/media?parent=3293"}],"wp:term":[{"taxonomy":"product_brand","embeddable":true,"href":"https:\/\/tynivintage.com\/vi\/wp-json\/wp\/v2\/product_brand?post=3293"},{"taxonomy":"product_cat","embeddable":true,"href":"https:\/\/tynivintage.com\/vi\/wp-json\/wp\/v2\/product_cat?post=3293"},{"taxonomy":"product_tag","embeddable":true,"href":"https:\/\/tynivintage.com\/vi\/wp-json\/wp\/v2\/product_tag?post=3293"}],"curies":[{"name":"wp","href":"https:\/\/api.w.org\/{rel}","templated":true}]}}