{"id":3292,"date":"2025-03-13T00:17:10","date_gmt":"2025-03-13T09:38:02","guid":{"rendered":"https:\/\/tynivintage.com\/?post_type=product&#038;p=3292"},"modified":"2025-03-13T16:38:02","modified_gmt":"2025-03-13T09:38:02","slug":"khan-lua-cao-cap-2","status":"publish","type":"product","link":"https:\/\/tynivintage.com\/vi\/san-pham\/khan-lua-cao-cap-2\/","title":{"rendered":"Kh\u0103n l\u1ee5a cao c\u1ea5p"},"content":{"rendered":"<div>Th\u00eam n\u00e9t sang tr\u1ecdng cho trang ph\u1ee5c c\u1ee7a b\u1ea1n v\u1edbi chi\u1ebfc kh\u0103n l\u1ee5a cao c\u1ea5p n\u00e0y, n\u1ed5i b\u1eadt v\u1edbi s\u1ef1 k\u1ebft h\u1ee3p tinh t\u1ebf gi\u1eefa t\u00f4ng m\u00e0u \u0111\u1ecf v\u00e0 xanh navy, c\u00f9ng h\u1ecda ti\u1ebft d\u00e2y x\u00edch v\u00e0 y\u00ean c\u01b0\u01a1ng m\u1ea1 v\u00e0ng \u0111\u1ea7y \u1ea5n t\u01b0\u1ee3ng. Thi\u1ebft k\u1ebf tinh x\u1ea3o mang \u0111\u1ebfn v\u1ebb \u0111\u1eb9p qu\u00fd ph\u00e1i, c\u1ed5 \u0111i\u1ec3n, ph\u00f9 h\u1ee3p \u0111\u1ec3 t\u1ea1o \u0111i\u1ec3m nh\u1ea5n cho m\u1ecdi phong c\u00e1ch.<\/div>\n<div><\/div>\n<div>Chi ti\u1ebft s\u1ea3n ph\u1ea9m:<\/div>\n<div>\u00a0\u2022 Ch\u1ea5t li\u1ec7u: L\u1ee5a cao c\u1ea5p, m\u1ec1m m\u1ea1i, m\u01b0\u1ee3t m\u00e0 v\u1edbi \u0111\u1ed9 b\u00f3ng nh\u1eb9.<\/div>\n<div>\u00a0\u2022 K\u00edch th\u01b0\u1edbc: L\u00fd t\u01b0\u1edfng \u0111\u1ec3 bi\u1ebfn t\u1ea5u nhi\u1ec1u phong c\u00e1ch\u2014qu\u00e0ng c\u1ed5, l\u00e0m kh\u0103n tr\u00f9m \u0111\u1ea7u ho\u1eb7c bu\u1ed9c v\u00e0o t\u00fai x\u00e1ch \u0111\u1ec3 t\u1ea1o \u0111i\u1ec3m nh\u1ea5n sang tr\u1ecdng.<\/div>\n<div>\u00a0\u2022 Thi\u1ebft k\u1ebf: L\u1ea5y c\u1ea3m h\u1ee9ng t\u1eeb ch\u1ee7 \u0111\u1ec1 c\u01b0\u1ee1i ng\u1ef1a c\u1ed5 \u0111i\u1ec3n, h\u1ecda ti\u1ebft m\u1ea1 v\u00e0ng tr\u00ean n\u1ec1n m\u00e0u \u0111\u1eadm mang \u0111\u1ebfn v\u1ebb \u0111\u1eb9p \u0111\u1eb3ng c\u1ea5p v\u00e0 tinh t\u1ebf.<\/div>\n<div>\u00a0\u2022 C\u00f4ng d\u1ee5ng: Ph\u00f9 h\u1ee3p cho c\u00e1c s\u1ef1 ki\u1ec7n trang tr\u1ecdng, phong c\u00e1ch th\u01b0\u1eddng ng\u00e0y ho\u1eb7c l\u00e0m qu\u00e0 t\u1eb7ng \u00fd ngh\u0129a cho nh\u1eefng ai y\u00eau th\u00edch ph\u1ee5 ki\u1ec7n th\u1eddi trang cao c\u1ea5p.<\/div>\n","protected":false},"excerpt":{"rendered":"<p>Chi\u1ebfc kh\u0103n l\u1ee5a vu\u00f4ng v\u1edbi t\u00f4ng m\u00e0u \u0111\u1ecf v\u00e0 xanh navy sang tr\u1ecdng, k\u1ebft h\u1ee3p c\u00f9ng h\u1ecda ti\u1ebft d\u00e2y x\u00edch v\u00e0 y\u00ean c\u01b0\u01a1ng v\u00e0ng tinh x\u1ea3o, mang phong c\u00e1ch ho\u00e0ng gia c\u1ed5 \u0111i\u1ec3n. Ch\u1ea5t li\u1ec7u m\u1ec1m m\u1ea1i, b\u00f3ng nh\u1eb9 gi\u00fap t\u1ea1o \u0111i\u1ec3m nh\u1ea5n thanh l\u1ecbch v\u00e0 qu\u00fd ph\u00e1i cho m\u1ecdi trang ph\u1ee5c.<\/p>\n","protected":false},"featured_media":3238,"comment_status":"open","ping_status":"closed","template":"","meta":{"inline_featured_image":false},"product_brand":[],"product_cat":[39],"product_tag":[],"class_list":{"0":"post-3292","1":"product","2":"type-product","3":"status-publish","4":"has-post-thumbnail","6":"product_cat-phu-kien-thoi-trang-khac","8":"first","9":"instock","10":"shipping-taxable","11":"purchasable","12":"product-type-simple"},"acf":[],"_links":{"self":[{"href":"https:\/\/tynivintage.com\/vi\/wp-json\/wp\/v2\/product\/3292","targetHints":{"allow":["GET"]}}],"collection":[{"href":"https:\/\/tynivintage.com\/vi\/wp-json\/wp\/v2\/product"}],"about":[{"href":"https:\/\/tynivintage.com\/vi\/wp-json\/wp\/v2\/types\/product"}],"replies":[{"embeddable":true,"href":"https:\/\/tynivintage.com\/vi\/wp-json\/wp\/v2\/comments?post=3292"}],"wp:featuredmedia":[{"embeddable":true,"href":"https:\/\/tynivintage.com\/vi\/wp-json\/wp\/v2\/media\/3238"}],"wp:attachment":[{"href":"https:\/\/tynivintage.com\/vi\/wp-json\/wp\/v2\/media?parent=3292"}],"wp:term":[{"taxonomy":"product_brand","embeddable":true,"href":"https:\/\/tynivintage.com\/vi\/wp-json\/wp\/v2\/product_brand?post=3292"},{"taxonomy":"product_cat","embeddable":true,"href":"https:\/\/tynivintage.com\/vi\/wp-json\/wp\/v2\/product_cat?post=3292"},{"taxonomy":"product_tag","embeddable":true,"href":"https:\/\/tynivintage.com\/vi\/wp-json\/wp\/v2\/product_tag?post=3292"}],"curies":[{"name":"wp","href":"https:\/\/api.w.org\/{rel}","templated":true}]}}