{"id":3291,"date":"2025-03-13T00:18:39","date_gmt":"2025-03-13T09:36:37","guid":{"rendered":"https:\/\/tynivintage.com\/?post_type=product&#038;p=3291"},"modified":"2025-03-13T16:36:37","modified_gmt":"2025-03-13T09:36:37","slug":"khan-lua-hoa-tiet-hoa-buom","status":"publish","type":"product","link":"https:\/\/tynivintage.com\/vi\/san-pham\/khan-lua-hoa-tiet-hoa-buom\/","title":{"rendered":"Kh\u0103n L\u1ee5a H\u1ecda Ti\u1ebft Hoa &#038; B\u01b0\u1edbm"},"content":{"rendered":"<div>T\u00f4n l\u00ean phong c\u00e1ch c\u1ee7a b\u1ea1n v\u1edbi kh\u0103n l\u1ee5a cao c\u1ea5p, \u0111\u01b0\u1ee3c thi\u1ebft k\u1ebf v\u1edbi h\u1ecda ti\u1ebft hoa v\u00e0 b\u01b0\u1edbm tinh t\u1ebf tr\u00ean n\u1ec1n m\u00e0u pastel nh\u1eb9 nh\u00e0ng. \u0110\u01b0\u1ee3c l\u00e0m t\u1eeb l\u1ee5a ch\u1ea5t l\u01b0\u1ee3ng cao, chi\u1ebfc kh\u0103n n\u00e0y m\u1ecfng nh\u1eb9, tho\u00e1ng kh\u00ed v\u00e0 m\u1ec1m m\u1ea1i, mang l\u1ea1i c\u1ea3m gi\u00e1c tho\u1ea3i m\u00e1i su\u1ed1t c\u1ea3 ng\u00e0y.<\/div>\n<div><\/div>\n<div>Chi ti\u1ebft s\u1ea3n ph\u1ea9m:<\/div>\n<div>\u00a0\u2022 Ch\u1ea5t li\u1ec7u: L\u1ee5a cao c\u1ea5p, m\u1ec1m m\u1ea1i v\u00e0 nh\u1eb9 nh\u00e0ng<\/div>\n<div>\u00a0\u2022 Thi\u1ebft k\u1ebf: H\u1ecda ti\u1ebft hoa v\u00e0 b\u01b0\u1edbm thanh l\u1ecbch, t\u00f4n l\u00ean v\u1ebb \u0111\u1eb9p n\u1eef t\u00ednh<\/div>\n<div>\u00a0\u2022 K\u00edch th\u01b0\u1edbc: Ph\u00f9 h\u1ee3p v\u1edbi nhi\u1ec1u ki\u1ec3u bi\u1ebfn t\u1ea5u th\u1eddi trang<\/div>\n<div>\u00a0\u2022 M\u00e0u s\u1eafc: T\u00f4ng m\u00e0u pastel nh\u1eb9 nh\u00e0ng, sang tr\u1ecdng<\/div>\n<div>\u00a0\u2022 C\u00f4ng d\u1ee5ng: C\u00f3 th\u1ec3 d\u00f9ng \u0111\u1ec3 qu\u00e0ng c\u1ed5, l\u00e0m ph\u1ee5 ki\u1ec7n t\u00f3c, bu\u1ed9c v\u00e0o t\u00fai x\u00e1ch ho\u1eb7c s\u00e1ng t\u1ea1o nhi\u1ec1u ki\u1ec3u kh\u00e1c nhau \u0111\u1ec3 l\u00e0m n\u1ed5i b\u1eadt trang ph\u1ee5c<\/div>\n","protected":false},"excerpt":{"rendered":"<p>Chi\u1ebfc kh\u0103n l\u1ee5a cao c\u1ea5p v\u1edbi t\u00f4ng m\u00e0u pastel nh\u1eb9 nh\u00e0ng, h\u1ecda ti\u1ebft hoa l\u00e1 v\u00e0 b\u01b0\u1edbm tinh t\u1ebf mang l\u1ea1i v\u1ebb \u0111\u1eb9p thanh l\u1ecbch, n\u1eef t\u00ednh. Ch\u1ea5t li\u1ec7u m\u1ec1m m\u1ea1i, tho\u00e1ng nh\u1eb9, ph\u00f9 h\u1ee3p \u0111\u1ec3 qu\u00e0ng c\u1ed5, l\u00e0m ph\u1ee5 ki\u1ec7n t\u00f3c ho\u1eb7c trang tr\u00ed t\u00fai x\u00e1ch, t\u1ea1o \u0111i\u1ec3m nh\u1ea5n d\u1ecbu d\u00e0ng v\u00e0 sang tr\u1ecdng cho trang ph\u1ee5c.<\/p>\n","protected":false},"featured_media":3241,"comment_status":"open","ping_status":"closed","template":"","meta":{"inline_featured_image":false},"product_brand":[],"product_cat":[39],"product_tag":[],"class_list":{"0":"post-3291","1":"product","2":"type-product","3":"status-publish","4":"has-post-thumbnail","6":"product_cat-phu-kien-thoi-trang-khac","8":"first","9":"instock","10":"shipping-taxable","11":"purchasable","12":"product-type-simple"},"acf":[],"_links":{"self":[{"href":"https:\/\/tynivintage.com\/vi\/wp-json\/wp\/v2\/product\/3291","targetHints":{"allow":["GET"]}}],"collection":[{"href":"https:\/\/tynivintage.com\/vi\/wp-json\/wp\/v2\/product"}],"about":[{"href":"https:\/\/tynivintage.com\/vi\/wp-json\/wp\/v2\/types\/product"}],"replies":[{"embeddable":true,"href":"https:\/\/tynivintage.com\/vi\/wp-json\/wp\/v2\/comments?post=3291"}],"wp:featuredmedia":[{"embeddable":true,"href":"https:\/\/tynivintage.com\/vi\/wp-json\/wp\/v2\/media\/3241"}],"wp:attachment":[{"href":"https:\/\/tynivintage.com\/vi\/wp-json\/wp\/v2\/media?parent=3291"}],"wp:term":[{"taxonomy":"product_brand","embeddable":true,"href":"https:\/\/tynivintage.com\/vi\/wp-json\/wp\/v2\/product_brand?post=3291"},{"taxonomy":"product_cat","embeddable":true,"href":"https:\/\/tynivintage.com\/vi\/wp-json\/wp\/v2\/product_cat?post=3291"},{"taxonomy":"product_tag","embeddable":true,"href":"https:\/\/tynivintage.com\/vi\/wp-json\/wp\/v2\/product_tag?post=3291"}],"curies":[{"name":"wp","href":"https:\/\/api.w.org\/{rel}","templated":true}]}}