{"id":3289,"date":"2025-03-13T00:20:41","date_gmt":"2025-03-13T09:29:31","guid":{"rendered":"https:\/\/tynivintage.com\/?post_type=product&#038;p=3289"},"modified":"2025-03-13T16:33:04","modified_gmt":"2025-03-13T09:33:04","slug":"khan-lua-hoa-tiet-nghe-thuat-sang-trong","status":"publish","type":"product","link":"https:\/\/tynivintage.com\/vi\/san-pham\/khan-lua-hoa-tiet-nghe-thuat-sang-trong\/","title":{"rendered":"Kh\u0103n l\u1ee5a h\u1ecda ti\u1ebft ngh\u1ec7 thu\u1eadt sang tr\u1ecdng"},"content":{"rendered":"<div>Chi\u1ebfc kh\u0103n l\u1ee5a cao c\u1ea5p n\u00e0y mang \u0111\u1eadm phong c\u00e1ch ngh\u1ec7 thu\u1eadt v\u1edbi h\u1ecda ti\u1ebft l\u1ea5y c\u1ea3m h\u1ee9ng t\u1eeb n\u1ec1n v\u0103n h\u00f3a c\u1ed5 \u0111\u1ea1i. C\u00e1c h\u00ecnh \u1ea3nh tinh x\u1ea3o v\u1ec1 voi, s\u01b0 t\u1eed v\u00e0 hoa v\u0103n trang tr\u00ed \u0111\u01b0\u1ee3c s\u1eafp x\u1ebfp h\u00e0i h\u00f2a, t\u1ea1o n\u00ean m\u1ed9t t\u1ed5ng th\u1ec3 sang tr\u1ecdng v\u00e0 \u0111\u1ed9c \u0111\u00e1o.<\/div>\n<div><\/div>\n<div>\u0110\u1eb7c \u0111i\u1ec3m n\u1ed5i b\u1eadt:<\/div>\n<div>\u00a0\u2022 Ch\u1ea5t li\u1ec7u: L\u1ee5a m\u1ec1m m\u1ea1i, nh\u1eb9 nh\u00e0ng, mang l\u1ea1i c\u1ea3m gi\u00e1c tho\u1ea3i m\u00e1i khi s\u1eed d\u1ee5ng.<\/div>\n<div>\u00a0\u2022 H\u1ecda ti\u1ebft: C\u00e1c h\u00ecnh \u1ea3nh mang \u0111\u1eadm d\u1ea5u \u1ea5n ngh\u1ec7 thu\u1eadt c\u1ed5 \u0111\u1ea1i, k\u1ebft h\u1ee3p gi\u1eefa c\u00e1c gam m\u00e0u be, \u0111\u1ecf v\u00e0 xanh, t\u1ea1o n\u00ean v\u1ebb \u0111\u1eb9p c\u1ed5 \u0111i\u1ec3n nh\u01b0ng v\u1eabn r\u1ea5t th\u1eddi trang.<\/div>\n<div>\u00a0\u2022 K\u00edch th\u01b0\u1edbc: \u0110\u1ee7 l\u1edbn \u0111\u1ec3 c\u00f3 th\u1ec3 bi\u1ebfn t\u1ea5u theo nhi\u1ec1u phong c\u00e1ch kh\u00e1c nhau, t\u1eeb qu\u00e0ng c\u1ed5, bu\u1ed9c t\u00fai x\u00e1ch \u0111\u1ebfn l\u00e0m ph\u1ee5 ki\u1ec7n trang ph\u1ee5c.<\/div>\n<div>\u00a0\u2022 \u1ee8ng d\u1ee5ng: Th\u00edch h\u1ee3p \u0111\u1ec3 s\u1eed d\u1ee5ng h\u00e0ng ng\u00e0y ho\u1eb7c l\u00e0m \u0111i\u1ec3m nh\u1ea5n trong c\u00e1c b\u1ed9 trang ph\u1ee5c sang tr\u1ecdng.<\/div>\n","protected":false},"excerpt":{"rendered":"<div><\/div>\n<div><\/div>\n<div>Chi\u1ebfc kh\u0103n l\u1ee5a n\u00e0y n\u1ed5i b\u1eadt v\u1edbi h\u1ecda ti\u1ebft ngh\u1ec7 thu\u1eadt l\u1ea5y c\u1ea3m h\u1ee9ng t\u1eeb v\u0103n h\u00f3a c\u1ed5 \u0111\u1ea1i, k\u1ebft h\u1ee3p h\u00ecnh \u1ea3nh voi, s\u01b0 t\u1eed v\u00e0 hoa v\u0103n trang tr\u00ed tinh x\u1ea3o. T\u00f4ng m\u00e0u be, \u0111\u1ecf v\u00e0 xanh t\u1ea1o n\u00ean v\u1ebb \u0111\u1eb9p c\u1ed5 \u0111i\u1ec3n, sang tr\u1ecdng. Ch\u1ea5t li\u1ec7u l\u1ee5a m\u1ec1m m\u1ea1i, nh\u1eb9 nh\u00e0ng mang l\u1ea1i c\u1ea3m gi\u00e1c tho\u1ea3i m\u00e1i khi s\u1eed d\u1ee5ng. Ph\u00f9 h\u1ee3p \u0111\u1ec3 qu\u00e0ng c\u1ed5, l\u00e0m ph\u1ee5 ki\u1ec7n t\u00fai x\u00e1ch ho\u1eb7c s\u00e1ng t\u1ea1o nhi\u1ec1u phong c\u00e1ch th\u1eddi trang kh\u00e1c nhau.<\/div>\n","protected":false},"featured_media":3244,"comment_status":"open","ping_status":"closed","template":"","meta":{"inline_featured_image":false},"product_brand":[],"product_cat":[39],"product_tag":[],"class_list":{"0":"post-3289","1":"product","2":"type-product","3":"status-publish","4":"has-post-thumbnail","6":"product_cat-phu-kien-thoi-trang-khac","8":"first","9":"instock","10":"shipping-taxable","11":"purchasable","12":"product-type-simple"},"acf":[],"_links":{"self":[{"href":"https:\/\/tynivintage.com\/vi\/wp-json\/wp\/v2\/product\/3289","targetHints":{"allow":["GET"]}}],"collection":[{"href":"https:\/\/tynivintage.com\/vi\/wp-json\/wp\/v2\/product"}],"about":[{"href":"https:\/\/tynivintage.com\/vi\/wp-json\/wp\/v2\/types\/product"}],"replies":[{"embeddable":true,"href":"https:\/\/tynivintage.com\/vi\/wp-json\/wp\/v2\/comments?post=3289"}],"wp:featuredmedia":[{"embeddable":true,"href":"https:\/\/tynivintage.com\/vi\/wp-json\/wp\/v2\/media\/3244"}],"wp:attachment":[{"href":"https:\/\/tynivintage.com\/vi\/wp-json\/wp\/v2\/media?parent=3289"}],"wp:term":[{"taxonomy":"product_brand","embeddable":true,"href":"https:\/\/tynivintage.com\/vi\/wp-json\/wp\/v2\/product_brand?post=3289"},{"taxonomy":"product_cat","embeddable":true,"href":"https:\/\/tynivintage.com\/vi\/wp-json\/wp\/v2\/product_cat?post=3289"},{"taxonomy":"product_tag","embeddable":true,"href":"https:\/\/tynivintage.com\/vi\/wp-json\/wp\/v2\/product_tag?post=3289"}],"curies":[{"name":"wp","href":"https:\/\/api.w.org\/{rel}","templated":true}]}}