{"id":3288,"date":"2025-03-13T00:22:14","date_gmt":"2025-03-13T09:27:10","guid":{"rendered":"https:\/\/tynivintage.com\/?post_type=product&#038;p=3288"},"modified":"2025-03-13T16:27:10","modified_gmt":"2025-03-13T09:27:10","slug":"khan-lua-hoa-pastel-thanh-lich","status":"publish","type":"product","link":"https:\/\/tynivintage.com\/vi\/san-pham\/khan-lua-hoa-pastel-thanh-lich\/","title":{"rendered":"Kh\u0103n L\u1ee5a Hoa Pastel Thanh L\u1ecbch"},"content":{"rendered":"<div>N\u00e2ng t\u1ea7m phong c\u00e1ch c\u1ee7a b\u1ea1n v\u1edbi chi\u1ebfc kh\u0103n l\u1ee5a tinh t\u1ebf n\u00e0y, featuring h\u1ecda ti\u1ebft hoa nh\u1eb9 nh\u00e0ng tr\u00ean n\u1ec1n m\u00e0u pastel d\u1ecbu nh\u1eb9. \u0110\u01b0\u1ee3c l\u00e0m t\u1eeb l\u1ee5a cao c\u1ea5p, chi\u1ebfc kh\u0103n mang l\u1ea1i c\u1ea3m gi\u00e1c m\u1ec1m m\u1ea1i, nh\u1eb9 nh\u00e0ng v\u00e0 tho\u00e1ng kh\u00ed, \u0111\u1ea3m b\u1ea3o s\u1ef1 tho\u1ea3i m\u00e1i su\u1ed1t c\u1ea3 ng\u00e0y.<\/div>\n<div><\/div>\n<div>\u0110\u1eb7c \u0111i\u1ec3m:<\/div>\n<div>\u00a0\u2022 Ch\u1ea5t li\u1ec7u: L\u1ee5a cao c\u1ea5p v\u1edbi k\u1ebft c\u1ea5u m\u1ec1m m\u01b0\u1ee3t<\/div>\n<div>\u00a0\u2022 Thi\u1ebft k\u1ebf: H\u1ecda ti\u1ebft hoa thanh l\u1ecbch v\u1edbi gam m\u00e0u pastel tinh t\u1ebf, t\u1ea1o v\u1ebb ngo\u00e0i n\u1eef t\u00ednh v\u00e0 sang tr\u1ecdng<\/div>\n<div>\u00a0\u2022 K\u00edch th\u01b0\u1edbc: K\u00edch th\u01b0\u1edbc l\u00fd t\u01b0\u1edfng cho nhi\u1ec1u c\u00e1ch bi\u1ebfn t\u1ea5u\u2014c\u00f3 th\u1ec3 d\u00f9ng l\u00e0m kh\u0103n qu\u00e0ng c\u1ed5, kh\u0103n cho\u00e0ng ho\u1eb7c ph\u1ee5 ki\u1ec7n t\u00f3c<\/div>\n<div>\u00a0\u2022 Ph\u00f9 h\u1ee3p v\u1edbi m\u1ecdi d\u1ecbp: Ho\u00e0n h\u1ea3o cho c\u00e1c bu\u1ed5i \u0111i ch\u01a1i, s\u1ef1 ki\u1ec7n sang tr\u1ecdng ho\u1eb7c l\u00e0m qu\u00e0 t\u1eb7ng \u00fd ngh\u0129a cho ng\u01b0\u1eddi th\u00e2n y\u00eau<\/div>\n","protected":false},"excerpt":{"rendered":"<p>Chi\u1ebfc kh\u0103n l\u1ee5a m\u1ec1m m\u1ea1i v\u1edbi h\u1ecda ti\u1ebft hoa nh\u1eb9 nh\u00e0ng tr\u00ean n\u1ec1n m\u00e0u pastel tinh t\u1ebf. Thi\u1ebft k\u1ebf thanh l\u1ecbch, nh\u1eb9 nh\u00e0ng, ph\u00f9 h\u1ee3p \u0111\u1ec3 ph\u1ed1i v\u1edbi nhi\u1ec1u phong c\u00e1ch th\u1eddi trang, t\u1ea1o \u0111i\u1ec3m nh\u1ea5n n\u1eef t\u00ednh v\u00e0 duy\u00ean d\u00e1ng.<\/p>\n","protected":false},"featured_media":3247,"comment_status":"open","ping_status":"closed","template":"","meta":{"inline_featured_image":false},"product_brand":[],"product_cat":[39],"product_tag":[],"class_list":{"0":"post-3288","1":"product","2":"type-product","3":"status-publish","4":"has-post-thumbnail","6":"product_cat-phu-kien-thoi-trang-khac","8":"first","9":"outofstock","10":"shipping-taxable","11":"purchasable","12":"product-type-simple"},"acf":[],"_links":{"self":[{"href":"https:\/\/tynivintage.com\/vi\/wp-json\/wp\/v2\/product\/3288","targetHints":{"allow":["GET"]}}],"collection":[{"href":"https:\/\/tynivintage.com\/vi\/wp-json\/wp\/v2\/product"}],"about":[{"href":"https:\/\/tynivintage.com\/vi\/wp-json\/wp\/v2\/types\/product"}],"replies":[{"embeddable":true,"href":"https:\/\/tynivintage.com\/vi\/wp-json\/wp\/v2\/comments?post=3288"}],"wp:featuredmedia":[{"embeddable":true,"href":"https:\/\/tynivintage.com\/vi\/wp-json\/wp\/v2\/media\/3247"}],"wp:attachment":[{"href":"https:\/\/tynivintage.com\/vi\/wp-json\/wp\/v2\/media?parent=3288"}],"wp:term":[{"taxonomy":"product_brand","embeddable":true,"href":"https:\/\/tynivintage.com\/vi\/wp-json\/wp\/v2\/product_brand?post=3288"},{"taxonomy":"product_cat","embeddable":true,"href":"https:\/\/tynivintage.com\/vi\/wp-json\/wp\/v2\/product_cat?post=3288"},{"taxonomy":"product_tag","embeddable":true,"href":"https:\/\/tynivintage.com\/vi\/wp-json\/wp\/v2\/product_tag?post=3288"}],"curies":[{"name":"wp","href":"https:\/\/api.w.org\/{rel}","templated":true}]}}