{"id":3287,"date":"2025-03-13T00:23:49","date_gmt":"2025-03-13T09:24:51","guid":{"rendered":"https:\/\/tynivintage.com\/?post_type=product&#038;p=3287"},"modified":"2025-03-13T16:24:51","modified_gmt":"2025-03-13T09:24:51","slug":"khan-lua-cao-cap","status":"publish","type":"product","link":"https:\/\/tynivintage.com\/vi\/san-pham\/khan-lua-cao-cap\/","title":{"rendered":"Kh\u0103n L\u1ee5a Cao C\u1ea5p"},"content":{"rendered":"<div>Kh\u0103n L\u1ee5a Cao C\u1ea5p \u2013 Thi\u1ebft K\u1ebf D\u00e2y \u0110ai v\u00e0 Kh\u00f3a Sang Tr\u1ecdng<\/div>\n<div><\/div>\n<div>N\u00e2ng t\u1ea7m phong c\u00e1ch c\u1ee7a b\u1ea1n v\u1edbi kh\u0103n l\u1ee5a cao c\u1ea5p tuy\u1ec7t \u0111\u1eb9p n\u00e0y, n\u1ed5i b\u1eadt v\u1edbi h\u1ecda ti\u1ebft d\u00e2y \u0111ai v\u00e0 kh\u00f3a v\u00e0ng tinh t\u1ebf tr\u00ean n\u1ec1n h\u1ed3ng t\u00edm r\u1ef1c r\u1ee1. Vi\u1ec1n tr\u1eafng v\u00e0 \u0111\u1ecf t\u1ea1o n\u00ean s\u1ef1 t\u01b0\u01a1ng ph\u1ea3n \u1ea5n t\u01b0\u1ee3ng, gi\u00fap chi\u1ebfc kh\u0103n tr\u1edf th\u00e0nh \u0111i\u1ec3m nh\u1ea5n ho\u00e0n h\u1ea3o cho m\u1ecdi trang ph\u1ee5c.<\/div>\n<div><\/div>\n<div>\u0110\u1eb7c \u0110i\u1ec3m S\u1ea3n Ph\u1ea9m:<\/div>\n<div>\u00a0\u2022 Ch\u1ea5t li\u1ec7u: L\u1ee5a cao c\u1ea5p, m\u1ec1m m\u1ea1i, nh\u1eb9 nh\u00e0ng v\u00e0 mang l\u1ea1i c\u1ea3m gi\u00e1c m\u01b0\u1ee3t m\u00e0 khi s\u1eed d\u1ee5ng.<\/div>\n<div>\u00a0\u2022 Thi\u1ebft k\u1ebf: H\u1ecda ti\u1ebft d\u00e2y \u0111ai v\u00e0 kh\u00f3a v\u00e0ng sang tr\u1ecdng, t\u1ea1o n\u00ean v\u1ebb \u0111\u1eb9p c\u1ed5 \u0111i\u1ec3n v\u00e0 tinh t\u1ebf.<\/div>\n<div>\u00a0\u2022 B\u1ea3ng m\u00e0u: S\u1ef1 k\u1ebft h\u1ee3p h\u00e0i h\u00f2a gi\u1eefa h\u1ed3ng t\u00edm, \u0111\u1ecf, tr\u1eafng v\u00e0 v\u00e0ng, t\u1ea1o \u0111i\u1ec3m nh\u1ea5n n\u1ed5i b\u1eadt nh\u01b0ng v\u1eabn thanh l\u1ecbch.<\/div>\n<div>\u00a0\u2022 K\u00edch th\u01b0\u1edbc: Ph\u00f9 h\u1ee3p \u0111\u1ec3 s\u1eed d\u1ee5ng linh ho\u1ea1t \u2013 c\u00f3 th\u1ec3 qu\u00e0ng c\u1ed5, cho\u00e0ng vai ho\u1eb7c l\u00e0m kh\u0103n tr\u00f9m \u0111\u1ea7u.<\/div>\n<div>\u00a0\u2022 D\u1ecbp s\u1eed d\u1ee5ng: Th\u00edch h\u1ee3p cho c\u1ea3 phong c\u00e1ch th\u01b0\u1eddng ng\u00e0y l\u1eabn trang tr\u1ecdng, d\u1ec5 d\u00e0ng t\u00f4n l\u00ean v\u1ebb \u0111\u1eb9p sang tr\u1ecdng c\u1ee7a b\u1ea1n.<\/div>\n","protected":false},"excerpt":{"rendered":"<p>Chi\u1ebfc kh\u0103n l\u1ee5a sang tr\u1ecdng v\u1edbi thi\u1ebft k\u1ebf h\u1ecda ti\u1ebft d\u00e2y \u0111ai v\u00e0 kh\u00f3a v\u00e0ng tinh t\u1ebf. N\u1ec1n m\u00e0u t\u00edm h\u1ed3ng n\u1ed5i b\u1eadt, k\u1ebft h\u1ee3p v\u1edbi vi\u1ec1n \u0111\u1ecf v\u00e0 tr\u1eafng t\u1ea1o n\u00ean v\u1ebb ngo\u00e0i cu\u1ed1n h\u00fat, thanh l\u1ecbch. Ch\u1ea5t li\u1ec7u l\u1ee5a m\u1ec1m m\u1ea1i, ph\u00f9 h\u1ee3p \u0111\u1ec3 l\u00e0m ph\u1ee5 ki\u1ec7n th\u1eddi trang cao c\u1ea5p.<\/p>\n","protected":false},"featured_media":3250,"comment_status":"open","ping_status":"closed","template":"","meta":{"inline_featured_image":false},"product_brand":[],"product_cat":[39],"product_tag":[],"class_list":{"0":"post-3287","1":"product","2":"type-product","3":"status-publish","4":"has-post-thumbnail","6":"product_cat-phu-kien-thoi-trang-khac","8":"first","9":"outofstock","10":"shipping-taxable","11":"purchasable","12":"product-type-simple"},"acf":[],"_links":{"self":[{"href":"https:\/\/tynivintage.com\/vi\/wp-json\/wp\/v2\/product\/3287","targetHints":{"allow":["GET"]}}],"collection":[{"href":"https:\/\/tynivintage.com\/vi\/wp-json\/wp\/v2\/product"}],"about":[{"href":"https:\/\/tynivintage.com\/vi\/wp-json\/wp\/v2\/types\/product"}],"replies":[{"embeddable":true,"href":"https:\/\/tynivintage.com\/vi\/wp-json\/wp\/v2\/comments?post=3287"}],"wp:featuredmedia":[{"embeddable":true,"href":"https:\/\/tynivintage.com\/vi\/wp-json\/wp\/v2\/media\/3250"}],"wp:attachment":[{"href":"https:\/\/tynivintage.com\/vi\/wp-json\/wp\/v2\/media?parent=3287"}],"wp:term":[{"taxonomy":"product_brand","embeddable":true,"href":"https:\/\/tynivintage.com\/vi\/wp-json\/wp\/v2\/product_brand?post=3287"},{"taxonomy":"product_cat","embeddable":true,"href":"https:\/\/tynivintage.com\/vi\/wp-json\/wp\/v2\/product_cat?post=3287"},{"taxonomy":"product_tag","embeddable":true,"href":"https:\/\/tynivintage.com\/vi\/wp-json\/wp\/v2\/product_tag?post=3287"}],"curies":[{"name":"wp","href":"https:\/\/api.w.org\/{rel}","templated":true}]}}