{"id":3285,"date":"2025-03-13T00:25:43","date_gmt":"2025-03-13T09:23:10","guid":{"rendered":"https:\/\/tynivintage.com\/?post_type=product&#038;p=3285"},"modified":"2025-03-13T16:23:10","modified_gmt":"2025-03-13T09:23:10","slug":"khan-lua-hoa-tiet-paisley-sang-trong","status":"publish","type":"product","link":"https:\/\/tynivintage.com\/vi\/san-pham\/khan-lua-hoa-tiet-paisley-sang-trong\/","title":{"rendered":"Kh\u0103n l\u1ee5a h\u1ecda ti\u1ebft Paisley sang tr\u1ecdng"},"content":{"rendered":"<div>T\u00f4n l\u00ean v\u1ebb \u0111\u1eb9p thanh l\u1ecbch v\u00e0 tinh t\u1ebf v\u1edbi chi\u1ebfc kh\u0103n l\u1ee5a cao c\u1ea5p mang h\u1ecda ti\u1ebft paisley \u0111\u1ed9c \u0111\u00e1o. Chi\u1ebfc kh\u0103n n\u1ed5i b\u1eadt v\u1edbi t\u00f4ng m\u00e0u tr\u1eafng trang nh\u00e3, \u0111i\u1ec3m xuy\u1ebft nh\u1eefng h\u1ecda ti\u1ebft paisley \u0111\u1ecf cam r\u1ef1c r\u1ee1, t\u1ea1o n\u00ean v\u1ebb \u0111\u1eb9p c\u1ed5 \u0111i\u1ec3n nh\u01b0ng kh\u00f4ng k\u00e9m ph\u1ea7n hi\u1ec7n \u0111\u1ea1i. Vi\u1ec1n kh\u0103n \u0111\u01b0\u1ee3c thi\u1ebft k\u1ebf tinh x\u1ea3o v\u1edbi nh\u1eefng h\u1ecda ti\u1ebft h\u00ecnh kh\u1ed1i nhi\u1ec1u m\u00e0u s\u1eafc, mang \u0111\u1ebfn \u0111i\u1ec3m nh\u1ea5n n\u1ed5i b\u1eadt v\u00e0 phong c\u00e1ch \u1ea5n t\u01b0\u1ee3ng.<\/div>\n<div><\/div>\n<div>Ch\u1ea5t li\u1ec7u l\u1ee5a m\u1ec1m m\u1ea1i, nh\u1eb9 nh\u00e0ng, mang l\u1ea1i c\u1ea3m gi\u00e1c tho\u1ea3i m\u00e1i khi s\u1eed d\u1ee5ng. Kh\u0103n c\u00f3 th\u1ec3 bi\u1ebfn t\u1ea5u linh ho\u1ea1t, ph\u00f9 h\u1ee3p \u0111\u1ec3 qu\u00e0ng c\u1ed5, cho\u00e0ng vai ho\u1eb7c l\u00e0m ph\u1ee5 ki\u1ec7n th\u1eddi trang c\u00e1 t\u00ednh. \u0110\u00e2y l\u00e0 m\u00f3n ph\u1ee5 ki\u1ec7n l\u00fd t\u01b0\u1edfng \u0111\u1ec3 n\u00e2ng t\u1ea7m phong c\u00e1ch, gi\u00fap b\u1ea1n th\u00eam ph\u1ea7n duy\u00ean d\u00e1ng v\u00e0 quy\u1ebfn r\u0169 trong m\u1ecdi d\u1ecbp.<\/div>\n<div><\/div>\n<div>Th\u00f4ng tin chi ti\u1ebft:<\/div>\n<div>\u00a0\u2022 Ch\u1ea5t li\u1ec7u: L\u1ee5a cao c\u1ea5p<\/div>\n<div>\u00a0\u2022 M\u00e0u s\u1eafc: Tr\u1eafng, \u0111\u1ecf cam, nhi\u1ec1u m\u00e0u<\/div>\n<div>\u00a0\u2022 H\u1ecda ti\u1ebft: Paisley c\u1ed5 \u0111i\u1ec3n k\u1ebft h\u1ee3p vi\u1ec1n h\u1ecda ti\u1ebft h\u00ecnh kh\u1ed1i<\/div>\n<div>\u00a0\u2022 K\u00edch th\u01b0\u1edbc: Ph\u00f9 h\u1ee3p \u0111\u1ec3 l\u00e0m kh\u0103n qu\u00e0ng c\u1ed5, cho\u00e0ng vai ho\u1eb7c ph\u1ee5 ki\u1ec7n t\u00fai x\u00e1ch<\/div>\n<div>\u00a0\u2022 \u1ee8ng d\u1ee5ng: D\u1ec5 d\u00e0ng ph\u1ed1i v\u1edbi nhi\u1ec1u phong c\u00e1ch t\u1eeb thanh l\u1ecbch, c\u1ed5 \u0111i\u1ec3n \u0111\u1ebfn hi\u1ec7n \u0111\u1ea1i<\/div>\n","protected":false},"excerpt":{"rendered":"<p>Chi\u1ebfc kh\u0103n l\u1ee5a m\u1ec1m m\u1ea1i v\u1edbi h\u1ecda ti\u1ebft paisley \u0111\u1ecf cam n\u1ed5i b\u1eadt tr\u00ean n\u1ec1n tr\u1eafng, k\u1ebft h\u1ee3p c\u00f9ng \u0111\u01b0\u1eddng vi\u1ec1n nhi\u1ec1u m\u00e0u s\u1eafc tinh t\u1ebf. Thi\u1ebft k\u1ebf mang phong c\u00e1ch c\u1ed5 \u0111i\u1ec3n, thanh l\u1ecbch, ph\u00f9 h\u1ee3p \u0111\u1ec3 t\u1ea1o \u0111i\u1ec3m nh\u1ea5n cho m\u1ecdi trang ph\u1ee5c.<\/p>\n","protected":false},"featured_media":3253,"comment_status":"open","ping_status":"closed","template":"","meta":{"inline_featured_image":false},"product_brand":[],"product_cat":[39],"product_tag":[],"class_list":{"0":"post-3285","1":"product","2":"type-product","3":"status-publish","4":"has-post-thumbnail","6":"product_cat-phu-kien-thoi-trang-khac","8":"first","9":"instock","10":"shipping-taxable","11":"purchasable","12":"product-type-simple"},"acf":[],"_links":{"self":[{"href":"https:\/\/tynivintage.com\/vi\/wp-json\/wp\/v2\/product\/3285","targetHints":{"allow":["GET"]}}],"collection":[{"href":"https:\/\/tynivintage.com\/vi\/wp-json\/wp\/v2\/product"}],"about":[{"href":"https:\/\/tynivintage.com\/vi\/wp-json\/wp\/v2\/types\/product"}],"replies":[{"embeddable":true,"href":"https:\/\/tynivintage.com\/vi\/wp-json\/wp\/v2\/comments?post=3285"}],"wp:featuredmedia":[{"embeddable":true,"href":"https:\/\/tynivintage.com\/vi\/wp-json\/wp\/v2\/media\/3253"}],"wp:attachment":[{"href":"https:\/\/tynivintage.com\/vi\/wp-json\/wp\/v2\/media?parent=3285"}],"wp:term":[{"taxonomy":"product_brand","embeddable":true,"href":"https:\/\/tynivintage.com\/vi\/wp-json\/wp\/v2\/product_brand?post=3285"},{"taxonomy":"product_cat","embeddable":true,"href":"https:\/\/tynivintage.com\/vi\/wp-json\/wp\/v2\/product_cat?post=3285"},{"taxonomy":"product_tag","embeddable":true,"href":"https:\/\/tynivintage.com\/vi\/wp-json\/wp\/v2\/product_tag?post=3285"}],"curies":[{"name":"wp","href":"https:\/\/api.w.org\/{rel}","templated":true}]}}