{"id":3283,"date":"2025-03-13T00:27:29","date_gmt":"2025-03-13T09:19:56","guid":{"rendered":"https:\/\/tynivintage.com\/?post_type=product&#038;p=3283"},"modified":"2025-03-13T16:19:56","modified_gmt":"2025-03-13T09:19:56","slug":"khan-lua-cao-cap-hoa-tiet-hoa-cuc-xanh-tren-nen-tim","status":"publish","type":"product","link":"https:\/\/tynivintage.com\/vi\/san-pham\/khan-lua-cao-cap-hoa-tiet-hoa-cuc-xanh-tren-nen-tim\/","title":{"rendered":"Kh\u0103n l\u1ee5a cao c\u1ea5p h\u1ecda ti\u1ebft hoa c\u00fac xanh tr\u00ean n\u1ec1n t\u00edm"},"content":{"rendered":"<div>Chi\u1ebfc kh\u0103n l\u1ee5a cao c\u1ea5p mang \u0111\u1ebfn v\u1ebb \u0111\u1eb9p sang tr\u1ecdng v\u00e0 tinh t\u1ebf v\u1edbi t\u00f4ng m\u00e0u t\u00edm tr\u1ea7m l\u00e0m n\u1ec1n, n\u1ed5i b\u1eadt v\u1edbi h\u1ecda ti\u1ebft hoa c\u00fac xanh s\u1eafc n\u00e9t. Nh\u1eefng b\u00f4ng hoa c\u00fac \u0111\u01b0\u1ee3c thi\u1ebft k\u1ebf tinh x\u1ea3o, m\u1ec1m m\u1ea1i nh\u01b0ng \u0111\u1ea7y s\u1ed1ng \u0111\u1ed9ng, th\u1ec3 hi\u1ec7n s\u1ef1 thanh l\u1ecbch v\u00e0 qu\u00fd ph\u00e1i.<\/div>\n<div><\/div>\n<div>Vi\u1ec1n kh\u0103n \u0111\u01b0\u1ee3c trang tr\u00ed v\u1edbi h\u1ecda ti\u1ebft c\u00e1ch \u0111i\u1ec7u, t\u1ea1o \u0111i\u1ec3m nh\u1ea5n \u0111\u1ed9c \u0111\u00e1o v\u00e0 t\u0103ng th\u00eam n\u00e9t tinh t\u1ebf. Ch\u1ea5t li\u1ec7u l\u1ee5a m\u1ec1m m\u1ecbn, nh\u1eb9 nh\u00e0ng mang l\u1ea1i c\u1ea3m gi\u00e1c tho\u1ea3i m\u00e1i khi s\u1eed d\u1ee5ng, \u0111\u1ed3ng th\u1eddi gi\u00fap t\u00f4n l\u00ean phong c\u00e1ch th\u1eddi trang \u0111\u1eb3ng c\u1ea5p c\u1ee7a ng\u01b0\u1eddi s\u1edf h\u1eefu.<\/div>\n<div><\/div>\n<div>Ch\u1ea5t li\u1ec7u: 100% l\u1ee5a cao c\u1ea5p, m\u1ec1m m\u1ea1i v\u00e0 tho\u00e1ng m\u00e1t.<\/div>\n<div>K\u00edch th\u01b0\u1edbc: Ph\u00f9 h\u1ee3p \u0111\u1ec3 qu\u00e0ng c\u1ed5, cho\u00e0ng vai ho\u1eb7c bi\u1ebfn t\u1ea5u th\u00e0nh ph\u1ee5 ki\u1ec7n th\u1eddi trang.<\/div>\n<div>\u1ee8ng d\u1ee5ng: Th\u00edch h\u1ee3p \u0111\u1ec3 s\u1eed d\u1ee5ng h\u00e0ng ng\u00e0y, \u0111i l\u00e0m, d\u1ef1 ti\u1ec7c ho\u1eb7c l\u00e0m qu\u00e0 t\u1eb7ng sang tr\u1ecdng.<\/div>\n","protected":false},"excerpt":{"rendered":"<p>Chi\u1ebfc kh\u0103n l\u1ee5a cao c\u1ea5p v\u1edbi n\u1ec1n t\u00edm tr\u1ea7m sang tr\u1ecdng, \u0111i\u1ec3m xuy\u1ebft hoa c\u00fac xanh n\u1ed5i b\u1eadt, t\u1ea1o n\u00ean v\u1ebb \u0111\u1eb9p thanh l\u1ecbch v\u00e0 qu\u00fd ph\u00e1i. Vi\u1ec1n kh\u0103n \u0111\u01b0\u1ee3c trang tr\u00ed tinh t\u1ebf, l\u00e0m t\u00f4n th\u00eam n\u00e9t duy\u00ean d\u00e1ng v\u00e0 tinh x\u1ea3o. Ph\u00f9 h\u1ee3p \u0111\u1ec3 qu\u00e0ng c\u1ed5, kho\u00e1c vai ho\u1eb7c l\u00e0m ph\u1ee5 ki\u1ec7n th\u1eddi trang tinh t\u1ebf.<\/p>\n","protected":false},"featured_media":3256,"comment_status":"open","ping_status":"closed","template":"","meta":{"inline_featured_image":false},"product_brand":[],"product_cat":[39],"product_tag":[],"class_list":{"0":"post-3283","1":"product","2":"type-product","3":"status-publish","4":"has-post-thumbnail","6":"product_cat-phu-kien-thoi-trang-khac","8":"first","9":"instock","10":"shipping-taxable","11":"purchasable","12":"product-type-simple"},"acf":[],"_links":{"self":[{"href":"https:\/\/tynivintage.com\/vi\/wp-json\/wp\/v2\/product\/3283","targetHints":{"allow":["GET"]}}],"collection":[{"href":"https:\/\/tynivintage.com\/vi\/wp-json\/wp\/v2\/product"}],"about":[{"href":"https:\/\/tynivintage.com\/vi\/wp-json\/wp\/v2\/types\/product"}],"replies":[{"embeddable":true,"href":"https:\/\/tynivintage.com\/vi\/wp-json\/wp\/v2\/comments?post=3283"}],"wp:featuredmedia":[{"embeddable":true,"href":"https:\/\/tynivintage.com\/vi\/wp-json\/wp\/v2\/media\/3256"}],"wp:attachment":[{"href":"https:\/\/tynivintage.com\/vi\/wp-json\/wp\/v2\/media?parent=3283"}],"wp:term":[{"taxonomy":"product_brand","embeddable":true,"href":"https:\/\/tynivintage.com\/vi\/wp-json\/wp\/v2\/product_brand?post=3283"},{"taxonomy":"product_cat","embeddable":true,"href":"https:\/\/tynivintage.com\/vi\/wp-json\/wp\/v2\/product_cat?post=3283"},{"taxonomy":"product_tag","embeddable":true,"href":"https:\/\/tynivintage.com\/vi\/wp-json\/wp\/v2\/product_tag?post=3283"}],"curies":[{"name":"wp","href":"https:\/\/api.w.org\/{rel}","templated":true}]}}