{"id":3282,"date":"2025-03-13T00:29:11","date_gmt":"2025-03-13T09:18:02","guid":{"rendered":"https:\/\/tynivintage.com\/?post_type=product&#038;p=3282"},"modified":"2025-03-13T16:18:02","modified_gmt":"2025-03-13T09:18:02","slug":"khan-lua-mau-cam-vang-sang-trong","status":"publish","type":"product","link":"https:\/\/tynivintage.com\/vi\/san-pham\/khan-lua-mau-cam-vang-sang-trong\/","title":{"rendered":"Kh\u0103n L\u1ee5a M\u00e0u Cam V\u00e0ng Sang Tr\u1ecdng"},"content":{"rendered":"<p>Chi\u1ebfc kh\u0103n n\u00e0y ho\u00e0n h\u1ea3o cho m\u1ecdi d\u1ecbp, c\u00f3 th\u1ec3 s\u1eed d\u1ee5ng theo nhi\u1ec1u c\u00e1ch kh\u00e1c nhau\u2014kho\u00e1c nh\u1eb9 l\u00ean vai, th\u1eaft quanh c\u1ed5 nh\u01b0 m\u1ed9t ph\u1ee5 ki\u1ec7n th\u1eddi trang, ho\u1eb7c d\u00f9ng l\u00e0m kh\u0103n tr\u00f9m \u0111\u1ea7u \u0111\u1ea7y phong c\u00e1ch. D\u00f9 b\u1ea1n tham d\u1ef1 s\u1ef1 ki\u1ec7n trang tr\u1ecdng hay ch\u1ec9 mu\u1ed1n n\u00e2ng t\u1ea7m trang ph\u1ee5c h\u00e0ng ng\u00e0y, chi\u1ebfc kh\u0103n l\u1ee5a cao c\u1ea5p n\u00e0y ch\u1eafc ch\u1eafn l\u00e0 l\u1ef1a ch\u1ecdn l\u00fd t\u01b0\u1edfng.<br \/>\n\u2022 Ch\u1ea5t li\u1ec7u: 100% l\u1ee5a cao c\u1ea5p<br \/>\n\u2022 M\u00e0u s\u1eafc: Cam v\u00e0ng v\u1edbi h\u1ecda ti\u1ebft tinh x\u1ea3o<br \/>\n\u2022 K\u00edch th\u01b0\u1edbc: \u0110a n\u0103ng, d\u1ec5 d\u00e0ng bi\u1ebfn t\u1ea5u theo nhi\u1ec1u phong c\u00e1ch<br \/>\n\u2022 Ph\u00f9 h\u1ee3p cho: Trang ph\u1ee5c th\u01b0\u1eddng ng\u00e0y, c\u00f4ng s\u1edf ho\u1eb7c s\u1ef1 ki\u1ec7n sang tr\u1ecdng<\/p>\n","protected":false},"excerpt":{"rendered":"<p>Chi\u1ebfc kh\u0103n l\u1ee5a sang tr\u1ecdng v\u1edbi t\u00f4ng m\u00e0u cam \u00e1nh v\u00e0ng, n\u1ed5i b\u1eadt v\u1edbi h\u1ecda ti\u1ebft hoa v\u0103n c\u1ed5 \u0111i\u1ec3n v\u00e0 vi\u1ec1n trang tr\u00ed tinh t\u1ebf. Ch\u1ea5t li\u1ec7u m\u1ec1m m\u1ea1i, nh\u1eb9 nh\u00e0ng mang \u0111\u1ebfn s\u1ef1 tho\u1ea3i m\u00e1i v\u00e0 thanh l\u1ecbch cho ng\u01b0\u1eddi s\u1eed d\u1ee5ng.<\/p>\n","protected":false},"featured_media":3259,"comment_status":"open","ping_status":"closed","template":"","meta":{"inline_featured_image":false},"product_brand":[],"product_cat":[39],"product_tag":[],"class_list":{"0":"post-3282","1":"product","2":"type-product","3":"status-publish","4":"has-post-thumbnail","6":"product_cat-phu-kien-thoi-trang-khac","8":"first","9":"instock","10":"shipping-taxable","11":"purchasable","12":"product-type-simple"},"acf":[],"_links":{"self":[{"href":"https:\/\/tynivintage.com\/vi\/wp-json\/wp\/v2\/product\/3282","targetHints":{"allow":["GET"]}}],"collection":[{"href":"https:\/\/tynivintage.com\/vi\/wp-json\/wp\/v2\/product"}],"about":[{"href":"https:\/\/tynivintage.com\/vi\/wp-json\/wp\/v2\/types\/product"}],"replies":[{"embeddable":true,"href":"https:\/\/tynivintage.com\/vi\/wp-json\/wp\/v2\/comments?post=3282"}],"wp:featuredmedia":[{"embeddable":true,"href":"https:\/\/tynivintage.com\/vi\/wp-json\/wp\/v2\/media\/3259"}],"wp:attachment":[{"href":"https:\/\/tynivintage.com\/vi\/wp-json\/wp\/v2\/media?parent=3282"}],"wp:term":[{"taxonomy":"product_brand","embeddable":true,"href":"https:\/\/tynivintage.com\/vi\/wp-json\/wp\/v2\/product_brand?post=3282"},{"taxonomy":"product_cat","embeddable":true,"href":"https:\/\/tynivintage.com\/vi\/wp-json\/wp\/v2\/product_cat?post=3282"},{"taxonomy":"product_tag","embeddable":true,"href":"https:\/\/tynivintage.com\/vi\/wp-json\/wp\/v2\/product_tag?post=3282"}],"curies":[{"name":"wp","href":"https:\/\/api.w.org\/{rel}","templated":true}]}}