{"id":3281,"date":"2025-03-13T00:31:16","date_gmt":"2025-03-13T09:14:05","guid":{"rendered":"https:\/\/tynivintage.com\/?post_type=product&#038;p=3281"},"modified":"2025-03-13T16:14:05","modified_gmt":"2025-03-13T09:14:05","slug":"khan-voan-hoa-tiet-bao","status":"publish","type":"product","link":"https:\/\/tynivintage.com\/vi\/san-pham\/khan-voan-hoa-tiet-bao\/","title":{"rendered":"Kh\u0103n Voan H\u1ecda Ti\u1ebft B\u00e1o"},"content":{"rendered":"<p>Ch\u1ea5t li\u1ec7u: Voan cao c\u1ea5p, m\u1ec1m m\u1ea1i, nh\u1eb9 nh\u00e0ng v\u00e0 tho\u00e1ng kh\u00ed.<br \/>\n\u2022 Thi\u1ebft k\u1ebf: H\u1ecda ti\u1ebft b\u00e1o \u1ea5n t\u01b0\u1ee3ng tr\u00ean n\u1ec1n tr\u1eafng, t\u1ea1o n\u00ean v\u1ebb ngo\u00e0i n\u1ed5i b\u1eadt v\u00e0 cu\u1ed1n h\u00fat.<br \/>\n\u2022 K\u00edch th\u01b0\u1edbc: K\u00edch th\u01b0\u1edbc r\u1ed9ng r\u00e3i, c\u00f3 th\u1ec3 bi\u1ebfn t\u1ea5u th\u00e0nh nhi\u1ec1u ki\u1ec3u nh\u01b0 kh\u0103n cho\u00e0ng, kh\u0103n qu\u1ea5n \u0111\u1ea7u ho\u1eb7c kh\u0103n qu\u00e0ng c\u1ed5.<br \/>\n\u2022 Ch\u1ea5t v\u1ea3i: M\u1ecbn m\u00e0ng v\u00e0 tho\u00e1ng nh\u1eb9, mang l\u1ea1i c\u1ea3m gi\u00e1c tho\u1ea3i m\u00e1i v\u00e0 thanh l\u1ecbch khi s\u1eed d\u1ee5ng.<br \/>\n\u2022 \u0110a n\u0103ng: Ph\u00f9 h\u1ee3p cho c\u1ea3 trang ph\u1ee5c th\u01b0\u1eddng ng\u00e0y l\u1eabn s\u1ef1 ki\u1ec7n trang tr\u1ecdng, d\u1ec5 d\u00e0ng k\u1ebft h\u1ee3p v\u1edbi nhi\u1ec1u phong c\u00e1ch kh\u00e1c nhau.<\/p>\n","protected":false},"excerpt":{"rendered":"<p>Chi\u1ebfc kh\u0103n voan m\u1ecfng v\u1edbi h\u1ecda ti\u1ebft b\u00e1o \u0111\u1ed1m \u1ea5n t\u01b0\u1ee3ng tr\u00ean n\u1ec1n tr\u1eafng, mang phong c\u00e1ch c\u00e1 t\u00ednh v\u00e0 \u0111\u1ed9c \u0111\u00e1o. Ch\u1ea5t li\u1ec7u nh\u1eb9 nh\u00e0ng, m\u1ec1m m\u1ea1i, th\u00edch h\u1ee3p \u0111\u1ec3 t\u1ea1o \u0111i\u1ec3m nh\u1ea5n cho trang ph\u1ee5c h\u00e0ng ng\u00e0y. K\u00edch th\u01b0\u1edbc r\u1ed9ng r\u00e3i, d\u1ec5 d\u00e0ng bi\u1ebfn t\u1ea5u th\u00e0nh nhi\u1ec1u ki\u1ec3u d\u00e1ng kh\u00e1c nhau.<\/p>\n","protected":false},"featured_media":3262,"comment_status":"open","ping_status":"closed","template":"","meta":{"inline_featured_image":false},"product_brand":[],"product_cat":[39],"product_tag":[],"class_list":{"0":"post-3281","1":"product","2":"type-product","3":"status-publish","4":"has-post-thumbnail","6":"product_cat-phu-kien-thoi-trang-khac","8":"first","9":"instock","10":"shipping-taxable","11":"purchasable","12":"product-type-simple"},"acf":[],"_links":{"self":[{"href":"https:\/\/tynivintage.com\/vi\/wp-json\/wp\/v2\/product\/3281","targetHints":{"allow":["GET"]}}],"collection":[{"href":"https:\/\/tynivintage.com\/vi\/wp-json\/wp\/v2\/product"}],"about":[{"href":"https:\/\/tynivintage.com\/vi\/wp-json\/wp\/v2\/types\/product"}],"replies":[{"embeddable":true,"href":"https:\/\/tynivintage.com\/vi\/wp-json\/wp\/v2\/comments?post=3281"}],"wp:featuredmedia":[{"embeddable":true,"href":"https:\/\/tynivintage.com\/vi\/wp-json\/wp\/v2\/media\/3262"}],"wp:attachment":[{"href":"https:\/\/tynivintage.com\/vi\/wp-json\/wp\/v2\/media?parent=3281"}],"wp:term":[{"taxonomy":"product_brand","embeddable":true,"href":"https:\/\/tynivintage.com\/vi\/wp-json\/wp\/v2\/product_brand?post=3281"},{"taxonomy":"product_cat","embeddable":true,"href":"https:\/\/tynivintage.com\/vi\/wp-json\/wp\/v2\/product_cat?post=3281"},{"taxonomy":"product_tag","embeddable":true,"href":"https:\/\/tynivintage.com\/vi\/wp-json\/wp\/v2\/product_tag?post=3281"}],"curies":[{"name":"wp","href":"https:\/\/api.w.org\/{rel}","templated":true}]}}