{"id":3279,"date":"2025-03-13T00:32:46","date_gmt":"2025-03-13T08:49:14","guid":{"rendered":"https:\/\/tynivintage.com\/?post_type=product&#038;p=3279"},"modified":"2025-03-13T15:55:15","modified_gmt":"2025-03-13T08:55:15","slug":"khan-vuong-thanh-lich-co-thiet-ke-xich-va-khoa","status":"publish","type":"product","link":"https:\/\/tynivintage.com\/vi\/san-pham\/khan-vuong-thanh-lich-co-thiet-ke-xich-va-khoa\/","title":{"rendered":"Kh\u0103n vu\u00f4ng thanh l\u1ecbch c\u00f3 thi\u1ebft k\u1ebf x\u00edch v\u00e0 kh\u00f3a"},"content":{"rendered":"<pre id=\"tw-target-text\" class=\"tw-data-text tw-text-large tw-ta\" dir=\"ltr\" data-placeholder=\"B\u1ea3n d\u1ecbch\" data-ved=\"2ahUKEwj6pbO71YaMAxXxzzgGHV8hLe4Q3ewLegQICRAV\" aria-label=\"B\u1ea3n d\u1ecbch: L\u00e0m \u0111\u1eb9p t\u1ee7 \u0111\u1ed3 c\u1ee7a b\u1ea1n v\u1edbi chi\u1ebfc kh\u0103n vu\u00f4ng tinh t\u1ebf n\u00e0y, c\u00f3 h\u1ecda ti\u1ebft x\u00edch v\u00e0 kh\u00f3a kim lo\u1ea1i ph\u1ee9c t\u1ea1p tr\u00ean n\u1ec1n xanh navy \u0111\u1eadm. Chi\u1ebfc kh\u0103n \u0111\u01b0\u1ee3c vi\u1ec1n trang nh\u00e3 v\u1edbi thi\u1ebft k\u1ebf \u00f4 vu\u00f4ng tinh t\u1ebf, t\u1ea1o th\u00eam n\u00e9t c\u1ed5 \u0111i\u1ec3n cho t\u1ed5ng th\u1ec3.\r\n\r\nC\u00e1c t\u00ednh n\u0103ng ch\u00ednh:\r\n\u00a0\u2022 Thi\u1ebft k\u1ebf: S\u1ef1 k\u1ebft h\u1ee3p th\u1eddi trang gi\u1eefa c\u00e1c chu\u1ed7i v\u00e0ng \u0111an xen v\u00e0 kh\u00f3a kim lo\u1ea1i, t\u1ea1o n\u00ean h\u1ecda ti\u1ebft sang tr\u1ecdng v\u00e0 v\u01b0\u1ee3t th\u1eddi gian.\r\n\u00a0 \u2022 Ch\u1ea5t li\u1ec7u: \u0110\u01b0\u1ee3c l\u00e0m t\u1eeb v\u1ea3i m\u1ec1m, nh\u1eb9 v\u00e0 ch\u1ea5t l\u01b0\u1ee3ng cao, \u0111\u1ea3m b\u1ea3o s\u1ef1 tho\u1ea3i m\u00e1i v\u00e0 \u0111\u1ed9 b\u1ec1n.\r\n\u00a0 \u2022 K\u00edch th\u01b0\u1edbc: K\u00edch th\u01b0\u1edbc ho\u00e0n h\u1ea3o \u0111\u1ec3 \u0111eo nh\u01b0 kh\u0103n qu\u00e0ng c\u1ed5, kh\u0103n tr\u00f9m \u0111\u1ea7u ho\u1eb7c th\u1eadm ch\u00ed l\u00e0 ph\u1ee5 ki\u1ec7n trang tr\u00ed cho t\u00fai x\u00e1ch.\r\n\u00a0 \u2022 T\u00ednh linh ho\u1ea1t: Ph\u00f9 h\u1ee3p cho c\u1ea3 nh\u1eefng d\u1ecbp th\u01b0\u1eddng ng\u00e0y v\u00e0 trang tr\u1ecdng, d\u1ec5 d\u00e0ng n\u00e2ng t\u1ea7m m\u1ecdi b\u1ed9 trang ph\u1ee5c.\"><span class=\"Y2IQFc\" lang=\"vi\">L\u00e0m \u0111\u1eb9p t\u1ee7 \u0111\u1ed3 c\u1ee7a b\u1ea1n v\u1edbi chi\u1ebfc kh\u0103n vu\u00f4ng tinh t\u1ebf n\u00e0y, c\u00f3 h\u1ecda ti\u1ebft x\u00edch v\u00e0 kh\u00f3a kim lo\u1ea1i ph\u1ee9c t\u1ea1p tr\u00ean n\u1ec1n xanh navy \u0111\u1eadm. Chi\u1ebfc kh\u0103n \u0111\u01b0\u1ee3c vi\u1ec1n trang nh\u00e3 v\u1edbi thi\u1ebft k\u1ebf \u00f4 vu\u00f4ng tinh t\u1ebf, t\u1ea1o th\u00eam n\u00e9t c\u1ed5 \u0111i\u1ec3n cho t\u1ed5ng th\u1ec3.\r\n\r\nC\u00e1c t\u00ednh n\u0103ng ch\u00ednh:\r\n\u00a0\u2022 Thi\u1ebft k\u1ebf: S\u1ef1 k\u1ebft h\u1ee3p th\u1eddi trang gi\u1eefa c\u00e1c chu\u1ed7i v\u00e0ng \u0111an xen v\u00e0 kh\u00f3a kim lo\u1ea1i, t\u1ea1o n\u00ean h\u1ecda ti\u1ebft sang tr\u1ecdng v\u00e0 v\u01b0\u1ee3t th\u1eddi gian.\r\n\u00a0 \u2022 Ch\u1ea5t li\u1ec7u: \u0110\u01b0\u1ee3c l\u00e0m t\u1eeb v\u1ea3i m\u1ec1m, nh\u1eb9 v\u00e0 ch\u1ea5t l\u01b0\u1ee3ng cao, \u0111\u1ea3m b\u1ea3o s\u1ef1 tho\u1ea3i m\u00e1i v\u00e0 \u0111\u1ed9 b\u1ec1n.\r\n\u00a0 \u2022 K\u00edch th\u01b0\u1edbc: K\u00edch th\u01b0\u1edbc ho\u00e0n h\u1ea3o \u0111\u1ec3 \u0111eo nh\u01b0 kh\u0103n qu\u00e0ng c\u1ed5, kh\u0103n tr\u00f9m \u0111\u1ea7u ho\u1eb7c th\u1eadm ch\u00ed l\u00e0 ph\u1ee5 ki\u1ec7n trang tr\u00ed cho t\u00fai x\u00e1ch.\r\n\u00a0 \u2022 T\u00ednh linh ho\u1ea1t: Ph\u00f9 h\u1ee3p cho c\u1ea3 nh\u1eefng d\u1ecbp th\u01b0\u1eddng ng\u00e0y v\u00e0 trang tr\u1ecdng, d\u1ec5 d\u00e0ng n\u00e2ng t\u1ea7m m\u1ecdi b\u1ed9 trang ph\u1ee5c.<\/span><\/pre>\n","protected":false},"excerpt":{"rendered":"<pre id=\"tw-target-text\" class=\"tw-data-text tw-text-large tw-ta\" dir=\"ltr\" data-placeholder=\"B\u1ea3n d\u1ecbch\" data-ved=\"2ahUKEwj6pbO71YaMAxXxzzgGHV8hLe4Q3ewLegQICRAV\" aria-label=\"B\u1ea3n d\u1ecbch: M\u1ed9t chi\u1ebfc kh\u0103n vu\u00f4ng c\u00f3 h\u1ecda ti\u1ebft x\u00edch v\u00e0 kh\u00f3a kim lo\u1ea1i tr\u00ean n\u1ec1n xanh \u0111\u1eadm, v\u1edbi \u0111\u01b0\u1eddng vi\u1ec1n caro thanh l\u1ecbch. \u0110\u01b0\u1ee3c l\u00e0m t\u1eeb ch\u1ea5t li\u1ec7u m\u1ec1m m\u1ea1i v\u00e0 sang tr\u1ecdng, ho\u00e0n h\u1ea3o \u0111\u1ec3 l\u00e0m kh\u0103n qu\u00e0ng c\u1ed5 ho\u1eb7c ph\u1ee5 ki\u1ec7n th\u1eddi trang.\"><span class=\"Y2IQFc\" lang=\"vi\">M\u1ed9t chi\u1ebfc kh\u0103n vu\u00f4ng c\u00f3 h\u1ecda ti\u1ebft x\u00edch v\u00e0 kh\u00f3a kim lo\u1ea1i tr\u00ean n\u1ec1n xanh \u0111\u1eadm, v\u1edbi \u0111\u01b0\u1eddng vi\u1ec1n caro thanh l\u1ecbch. \u0110\u01b0\u1ee3c l\u00e0m t\u1eeb ch\u1ea5t li\u1ec7u m\u1ec1m m\u1ea1i v\u00e0 sang tr\u1ecdng, ho\u00e0n h\u1ea3o \u0111\u1ec3 l\u00e0m kh\u0103n qu\u00e0ng c\u1ed5 ho\u1eb7c ph\u1ee5 ki\u1ec7n th\u1eddi trang.<\/span><\/pre>\n","protected":false},"featured_media":3265,"comment_status":"open","ping_status":"closed","template":"","meta":{"inline_featured_image":false},"product_brand":[],"product_cat":[39],"product_tag":[],"class_list":{"0":"post-3279","1":"product","2":"type-product","3":"status-publish","4":"has-post-thumbnail","6":"product_cat-phu-kien-thoi-trang-khac","8":"first","9":"instock","10":"shipping-taxable","11":"purchasable","12":"product-type-simple"},"acf":[],"_links":{"self":[{"href":"https:\/\/tynivintage.com\/vi\/wp-json\/wp\/v2\/product\/3279","targetHints":{"allow":["GET"]}}],"collection":[{"href":"https:\/\/tynivintage.com\/vi\/wp-json\/wp\/v2\/product"}],"about":[{"href":"https:\/\/tynivintage.com\/vi\/wp-json\/wp\/v2\/types\/product"}],"replies":[{"embeddable":true,"href":"https:\/\/tynivintage.com\/vi\/wp-json\/wp\/v2\/comments?post=3279"}],"wp:featuredmedia":[{"embeddable":true,"href":"https:\/\/tynivintage.com\/vi\/wp-json\/wp\/v2\/media\/3265"}],"wp:attachment":[{"href":"https:\/\/tynivintage.com\/vi\/wp-json\/wp\/v2\/media?parent=3279"}],"wp:term":[{"taxonomy":"product_brand","embeddable":true,"href":"https:\/\/tynivintage.com\/vi\/wp-json\/wp\/v2\/product_brand?post=3279"},{"taxonomy":"product_cat","embeddable":true,"href":"https:\/\/tynivintage.com\/vi\/wp-json\/wp\/v2\/product_cat?post=3279"},{"taxonomy":"product_tag","embeddable":true,"href":"https:\/\/tynivintage.com\/vi\/wp-json\/wp\/v2\/product_tag?post=3279"}],"curies":[{"name":"wp","href":"https:\/\/api.w.org\/{rel}","templated":true}]}}