{"id":149,"date":"2024-01-16T10:14:44","date_gmt":"2024-01-16T03:14:44","guid":{"rendered":"https:\/\/grocery2.matbao.website\/?page_id=149"},"modified":"2024-01-16T11:40:26","modified_gmt":"2024-01-16T04:40:26","slug":"gioi-thieu","status":"publish","type":"page","link":"https:\/\/tynivintage.com\/vi\/gioi-thieu\/","title":{"rendered":"Gi\u1edbi thi\u1ec7u"},"content":{"rendered":"\t<section class=\"section\" id=\"section_1222383967\">\n\t\t<div class=\"bg section-bg fill bg-fill  bg-loaded\" >\n\n\t\t\t\n\t\t\t\n\t\t\t\n\n\t\t<\/div>\n\n\t\t\n\n\t\t<div class=\"section-content relative\">\n\t\t\t\n  <div id=\"page-header-1582880230\" class=\"page-header-wrapper\">\n  <div class=\"page-title light simple-title\">\n\n    \n    <div class=\"page-title-inner container align-center flex-row medium-flex-wrap\" >\n              <div class=\"title-wrapper flex-col text-left medium-text-center\">\n          <h1 class=\"entry-title mb-0\">\n            Gi\u1edbi thi\u1ec7u          <\/h1>\n        <\/div>\n                    <div class=\"title-content flex-col flex-right text-right medium-text-center\">\n        <div class=\"title-breadcrumbs pb-half pt-half\"><nav class=\"woocommerce-breadcrumb breadcrumbs uppercase\">Trang ch\u1ee7<\/nav><\/div>      <\/div>\n    <\/div>\n\n       <\/div>\n    <\/div>\n  \n\t\t<\/div>\n\n\t\t\n<style>\n#section_1222383967 {\n  padding-top: 0px;\n  padding-bottom: 0px;\n}\n<\/style>\n\t<\/section>\n\t\n\t<section class=\"section mbws_about-store\" id=\"section_171348464\">\n\t\t<div class=\"bg section-bg fill bg-fill  bg-loaded\" >\n\n\t\t\t\n\t\t\t\n\t\t\t\n\n\t\t<\/div>\n\n\t\t\n\n\t\t<div class=\"section-content relative\">\n\t\t\t\n<div class=\"row align-equal\"  id=\"row-850522258\">\n\n\t<div id=\"col-229193250\" class=\"col about-store-left medium-7 small-12 large-7\"  >\n\t\t\t\t<div class=\"col-inner\" style=\"background-color:rgb(244, 235, 220);\" >\n\t\t\t\n\t\t\t\n<h2>Gi\u1edbi Thi\u1ec7u C\u1eeda H\u00e0ng<\/h2>\n<p>Ch\u00e0o m\u1eebng b\u1ea1n \u0111\u1ebfn v\u1edbi C\u1eeda h\u00e0ng t\u1ea1p h\u00f3a \u2013 \u0110i\u1ec3m \u0111\u1ebfn h\u00e0ng \u0111\u1ea7u cho nh\u1eefng tr\u1ea3i nghi\u1ec7m mua s\u1eafm h\u1eefu c\u01a1 v\u00e0 ti\u1ec7n \u00edch! Ch\u00fang t\u00f4i t\u1ef1 h\u00e0o l\u00e0 n\u01a1i k\u1ebft n\u1ed1i gi\u1eefa nh\u1eefng ng\u01b0\u1eddi y\u00eau th\u1ef1c ph\u1ea9m s\u1ea1ch v\u00e0 nh\u1eefng s\u1ea3n ph\u1ea9m ch\u1ea5t l\u01b0\u1ee3ng t\u1eeb c\u00e1c trang tr\u1ea1i h\u1eefu c\u01a1.<\/p>\n<p>T\u1ea1i \u0111\u00e2y, ch\u00fang t\u00f4i cam k\u1ebft mang \u0111\u1ebfn cho b\u1ea1n kh\u00f4ng ch\u1ec9 nh\u1eefng s\u1ea3n ph\u1ea9m t\u01b0\u01a1i ngon m\u00e0 c\u00f2n nh\u1eefng tr\u1ea3i nghi\u1ec7m mua s\u1eafm \u0111\u1ed9c \u0111\u00e1o v\u00e0 ti\u1ec7n l\u1ee3i.<\/p>\n\t<div class=\"img has-hover icon-about x md-x lg-x y md-y lg-y\" id=\"image_1238178595\">\n\t\t\t\t\t\t\t\t<div class=\"img-inner dark\" >\n\t\t\t<img loading=\"lazy\" decoding=\"async\" width=\"317\" height=\"474\" src=\"https:\/\/tynivintage.com\/wp-content\/uploads\/2024\/01\/grocery2-pic1.png\" class=\"attachment-original size-original\" alt=\"\" srcset=\"https:\/\/tynivintage.com\/wp-content\/uploads\/2024\/01\/grocery2-pic1.png 317w, https:\/\/tynivintage.com\/wp-content\/uploads\/2024\/01\/grocery2-pic1-201x300.png 201w\" sizes=\"auto, (max-width: 317px) 100vw, 317px\" \/>\t\t\t\t\t\t\n\t\t\t\t\t<\/div>\n\t\t\t\t\t\t\t\t\n<style>\n#image_1238178595 {\n  width: 100%;\n}\n<\/style>\n\t<\/div>\n\t\n\t\t<\/div>\n\t\t\t\t\t<\/div>\n\n\t\n\n\t<div id=\"col-1841477286\" class=\"col medium-5 small-12 large-5\"  >\n\t\t\t\t<div class=\"col-inner\"  >\n\t\t\t\n\t\t\t\n\t<div class=\"img has-hover x md-x lg-x y md-y lg-y\" id=\"image_1019304891\">\n\t\t\t\t\t\t\t\t<div class=\"img-inner dark\" >\n\t\t\t<img loading=\"lazy\" decoding=\"async\" width=\"780\" height=\"868\" src=\"https:\/\/tynivintage.com\/wp-content\/uploads\/2024\/01\/grocery2-about-pic4.jpg\" class=\"attachment-original size-original\" alt=\"\" srcset=\"https:\/\/tynivintage.com\/wp-content\/uploads\/2024\/01\/grocery2-about-pic4.jpg 780w, https:\/\/tynivintage.com\/wp-content\/uploads\/2024\/01\/grocery2-about-pic4-270x300.jpg 270w, https:\/\/tynivintage.com\/wp-content\/uploads\/2024\/01\/grocery2-about-pic4-768x855.jpg 768w, https:\/\/tynivintage.com\/wp-content\/uploads\/2024\/01\/grocery2-about-pic4-600x668.jpg 600w\" sizes=\"auto, (max-width: 780px) 100vw, 780px\" \/>\t\t\t\t\t\t\n\t\t\t\t\t<\/div>\n\t\t\t\t\t\t\t\t\n<style>\n#image_1019304891 {\n  width: 100%;\n}\n<\/style>\n\t<\/div>\n\t\n\t\t<\/div>\n\t\t\t\t\t<\/div>\n\n\t\n<\/div>\n\t\t<\/div>\n\n\t\t\n<style>\n#section_171348464 {\n  padding-top: 30px;\n  padding-bottom: 30px;\n}\n<\/style>\n\t<\/section>\n\t\n\t<section class=\"section mbws_number-about\" id=\"section_1963760475\">\n\t\t<div class=\"bg section-bg fill bg-fill  bg-loaded\" >\n\n\t\t\t\n\t\t\t\n\t\t\t\n\n\t\t<\/div>\n\n\t\t\n\n\t\t<div class=\"section-content relative\">\n\t\t\t\n<div class=\"row\"  id=\"row-783751219\">\n\n\t<div id=\"col-1268430774\" class=\"col medium-3 small-6 large-3\"  >\n\t\t\t\t<div class=\"col-inner\"  >\n\t\t\t\n\t\t\t\n<p><span class=\"count-up\">231<\/span>+<\/p>\n<h4>Kh\u00e1ch h\u00e0ng<\/h4>\n\t\t<\/div>\n\t\t\t\t\t<\/div>\n\n\t\n\n\t<div id=\"col-2019879974\" class=\"col medium-3 small-6 large-3\"  >\n\t\t\t\t<div class=\"col-inner\"  >\n\t\t\t\n\t\t\t\n<p><span class=\"count-up\">79<\/span>+<\/p>\n<h4>Nh\u00e2n vi\u00ean<\/h4>\n\t\t<\/div>\n\t\t\t\t\t<\/div>\n\n\t\n\n\t<div id=\"col-692538231\" class=\"col medium-3 small-6 large-3\"  >\n\t\t\t\t<div class=\"col-inner\"  >\n\t\t\t\n\t\t\t\n<p><span class=\"count-up\">15<\/span>+<\/p>\n<h4>N\u0103m kinh nghi\u1ec7m<\/h4>\n\t\t<\/div>\n\t\t\t\t\t<\/div>\n\n\t\n\n\t<div id=\"col-130943413\" class=\"col medium-3 small-6 large-3\"  >\n\t\t\t\t<div class=\"col-inner\"  >\n\t\t\t\n\t\t\t\n<p><span class=\"count-up\">69<\/span>+<\/p>\n<h4>\u0110\u1ed1i t\u00e1c<\/h4>\n\t\t<\/div>\n\t\t\t\t\t<\/div>\n\n\t\n<\/div>\n\t\t<\/div>\n\n\t\t\n<style>\n#section_1963760475 {\n  padding-top: 30px;\n  padding-bottom: 30px;\n}\n<\/style>\n\t<\/section>\n\t\n\t<section class=\"section mbws_about-product\" id=\"section_1101989938\">\n\t\t<div class=\"bg section-bg fill bg-fill  bg-loaded\" >\n\n\t\t\t\n\t\t\t\n\t\t\t\n\n\t\t<\/div>\n\n\t\t\n\n\t\t<div class=\"section-content relative\">\n\t\t\t\n<div class=\"row row-large align-middle\"  id=\"row-1532841834\">\n\n\t<div id=\"col-8029712\" class=\"col medium-6 small-12 large-6\"  >\n\t\t\t\t<div class=\"col-inner\"  >\n\t\t\t\n\t\t\t\n\t<div class=\"img has-hover x md-x lg-x y md-y lg-y\" id=\"image_1368367534\">\n\t\t\t\t\t\t\t\t<div class=\"img-inner dark\" >\n\t\t\t<img loading=\"lazy\" decoding=\"async\" width=\"780\" height=\"909\" src=\"https:\/\/tynivintage.com\/wp-content\/uploads\/2024\/01\/grocery2-about-pic1.jpg\" class=\"attachment-original size-original\" alt=\"\" srcset=\"https:\/\/tynivintage.com\/wp-content\/uploads\/2024\/01\/grocery2-about-pic1.jpg 780w, https:\/\/tynivintage.com\/wp-content\/uploads\/2024\/01\/grocery2-about-pic1-257x300.jpg 257w, https:\/\/tynivintage.com\/wp-content\/uploads\/2024\/01\/grocery2-about-pic1-768x895.jpg 768w, https:\/\/tynivintage.com\/wp-content\/uploads\/2024\/01\/grocery2-about-pic1-600x699.jpg 600w\" sizes=\"auto, (max-width: 780px) 100vw, 780px\" \/>\t\t\t\t\t\t\n\t\t\t\t\t<\/div>\n\t\t\t\t\t\t\t\t\n<style>\n#image_1368367534 {\n  width: 100%;\n}\n<\/style>\n\t<\/div>\n\t\n\t\t<\/div>\n\t\t\t\t\t<\/div>\n\n\t\n\n\t<div id=\"col-967465686\" class=\"col medium-6 small-12 large-6\"  >\n\t\t\t\t<div class=\"col-inner\"  >\n\t\t\t\n\t\t\t\n\t<div id=\"text-92873379\" class=\"text text-about-product\">\n\t\t\n<h3>S\u1ea3n Ph\u1ea9m Ch\u1ea5t L\u01b0\u1ee3ng<\/h3>\n<p>V\u1edbi C\u1eeda h\u00e0ng t\u1ea1p h\u00f3a, b\u1ea1n s\u1ebd kh\u00e1m ph\u00e1 th\u1ebf gi\u1edbi c\u1ee7a nh\u1eefng s\u1ea3n ph\u1ea9m ch\u1ea5t l\u01b0\u1ee3ng cao t\u1eeb c\u00e1c trang tr\u1ea1i h\u1eefu c\u01a1. Ch\u00fang t\u00f4i t\u1eadp trung v\u00e0o vi\u1ec7c cung c\u1ea5p rau c\u1ee7, s\u1ea3n ph\u1ea9m t\u1eeb s\u1eefa, b\u00e1nh m\u00ec, v\u00e0 nhi\u1ec1u s\u1ea3n ph\u1ea9m kh\u00e1c \u2013 t\u1ea5t c\u1ea3 \u0111\u1ec1u tu\u00e2n th\u1ee7 c\u00e1c ti\u00eau chu\u1ea9n v\u1ec1 an to\u00e0n th\u1ef1c ph\u1ea9m v\u00e0 ch\u1ea5t l\u01b0\u1ee3ng.<\/p>\n\t\t\t<\/div>\n\t\n\t\t<\/div>\n\t\t\t\t\t<\/div>\n\n\t\n<\/div>\n<div class=\"row row-large align-middle\"  id=\"row-454592296\">\n\n\t<div id=\"col-2128913792\" class=\"col medium-6 small-12 large-6\"  >\n\t\t\t\t<div class=\"col-inner\"  >\n\t\t\t\n\t\t\t\n\t<div id=\"text-2118168531\" class=\"text text-about-product\">\n\t\t\n<h3>Ti\u1ec7n \u00cdch v\u00e0 \u01afu \u0110\u00e3i<\/h3>\n<p>T\u1ea1i c\u1eeda h\u00e0ng t\u1ea1p h\u00f3a, ch\u00fang t\u00f4i kh\u00f4ng ch\u1ec9 mang l\u1ea1i s\u1ef1 t\u01b0\u01a1i ngon m\u1ed7i ng\u00e0y m\u00e0 c\u00f2n gi\u00fap b\u1ea1n ti\u1ebft ki\u1ec7m. V\u1edbi \u01b0u \u0111\u00e3i h\u00e0ng tu\u1ea7n l\u00ean \u0111\u1ebfn 35% v\u00e0 giao h\u00e0ng mi\u1ec5n ph\u00ed t\u1eadn nh\u00e0, b\u1ea1n c\u00f3 th\u1ec3 mua s\u1eafm m\u00e0 kh\u00f4ng lo v\u1ec1 gi\u00e1 c\u1ea3 hay s\u1ef1 b\u1ea5t ti\u1ec7n.<br \/>H\u1ec7 th\u1ed1ng thanh to\u00e1n tr\u1ef1c tuy\u1ebfn an to\u00e0n v\u00e0 thu\u1eadn l\u1ee3i gi\u00fap b\u1ea1n tr\u1ea3i nghi\u1ec7m mua s\u1eafm m\u1ed9t c\u00e1ch d\u1ec5 d\u00e0ng.<\/p>\n\t\t\t<\/div>\n\t\n\t\t<\/div>\n\t\t\t\t\t<\/div>\n\n\t\n\n\t<div id=\"col-62430251\" class=\"col medium-6 small-12 large-6\"  >\n\t\t\t\t<div class=\"col-inner\"  >\n\t\t\t\n\t\t\t\n\t<div class=\"img has-hover x md-x lg-x y md-y lg-y\" id=\"image_746598872\">\n\t\t\t\t\t\t\t\t<div class=\"img-inner dark\" >\n\t\t\t<img loading=\"lazy\" decoding=\"async\" width=\"780\" height=\"909\" src=\"https:\/\/tynivintage.com\/wp-content\/uploads\/2024\/01\/grocery2-about-pic2.jpg\" class=\"attachment-original size-original\" alt=\"\" srcset=\"https:\/\/tynivintage.com\/wp-content\/uploads\/2024\/01\/grocery2-about-pic2.jpg 780w, https:\/\/tynivintage.com\/wp-content\/uploads\/2024\/01\/grocery2-about-pic2-257x300.jpg 257w, https:\/\/tynivintage.com\/wp-content\/uploads\/2024\/01\/grocery2-about-pic2-768x895.jpg 768w, https:\/\/tynivintage.com\/wp-content\/uploads\/2024\/01\/grocery2-about-pic2-600x699.jpg 600w\" sizes=\"auto, (max-width: 780px) 100vw, 780px\" \/>\t\t\t\t\t\t\n\t\t\t\t\t<\/div>\n\t\t\t\t\t\t\t\t\n<style>\n#image_746598872 {\n  width: 100%;\n}\n<\/style>\n\t<\/div>\n\t\n\t\t<\/div>\n\t\t\t\t\t<\/div>\n\n\t\n<\/div>\n<div class=\"row row-large align-middle\"  id=\"row-1430320969\">\n\n\t<div id=\"col-376791854\" class=\"col medium-6 small-12 large-6\"  >\n\t\t\t\t<div class=\"col-inner\"  >\n\t\t\t\n\t\t\t\n\t<div class=\"img has-hover x md-x lg-x y md-y lg-y\" id=\"image_627394774\">\n\t\t\t\t\t\t\t\t<div class=\"img-inner dark\" >\n\t\t\t<img loading=\"lazy\" decoding=\"async\" width=\"780\" height=\"909\" src=\"https:\/\/tynivintage.com\/wp-content\/uploads\/2024\/01\/grocery2-about-pic3.jpg\" class=\"attachment-original size-original\" alt=\"\" srcset=\"https:\/\/tynivintage.com\/wp-content\/uploads\/2024\/01\/grocery2-about-pic3.jpg 780w, https:\/\/tynivintage.com\/wp-content\/uploads\/2024\/01\/grocery2-about-pic3-257x300.jpg 257w, https:\/\/tynivintage.com\/wp-content\/uploads\/2024\/01\/grocery2-about-pic3-768x895.jpg 768w, https:\/\/tynivintage.com\/wp-content\/uploads\/2024\/01\/grocery2-about-pic3-600x699.jpg 600w\" sizes=\"auto, (max-width: 780px) 100vw, 780px\" \/>\t\t\t\t\t\t\n\t\t\t\t\t<\/div>\n\t\t\t\t\t\t\t\t\n<style>\n#image_627394774 {\n  width: 100%;\n}\n<\/style>\n\t<\/div>\n\t\n\t\t<\/div>\n\t\t\t\t\t<\/div>\n\n\t\n\n\t<div id=\"col-1515338976\" class=\"col medium-6 small-12 large-6\"  >\n\t\t\t\t<div class=\"col-inner\"  >\n\t\t\t\n\t\t\t\n\t<div id=\"text-4027205587\" class=\"text text-about-product\">\n\t\t\n<h3>H\u1ed7 Tr\u1ee3 v\u00e0 Cam K\u1ebft<\/h3>\n<p>Ch\u00fang t\u00f4i lu\u00f4n l\u1eafng nghe v\u00e0 s\u1eb5n s\u00e0ng h\u1ed7 tr\u1ee3 b\u1ea1n 24\/7. [T\u00ean C\u1eeda H\u00e0ng] cam k\u1ebft \u0111em \u0111\u1ebfn s\u1ef1 h\u00e0i l\u00f2ng v\u00e0 an t\u00e2m cho kh\u00e1ch h\u00e0ng. S\u1ef1 an to\u00e0n v\u1ec7 sinh v\u00e0 ch\u1ea5t l\u01b0\u1ee3ng s\u1ea3n ph\u1ea9m l\u00e0 \u01b0u ti\u00ean h\u00e0ng \u0111\u1ea7u c\u1ee7a ch\u00fang t\u00f4i. H\u00e3y \u0111\u1ed3ng h\u00e0nh c\u00f9ng ch\u00fang t\u00f4i trong h\u00e0nh tr\u00ecnh t\u00ecm ki\u1ebfm nh\u1eefng tr\u1ea3i nghi\u1ec7m mua s\u1eafm h\u1eefu \u00edch v\u00e0 \u0111\u00e1ng nh\u1edb.<\/p>\n\t\t\t<\/div>\n\t\n\t\t<\/div>\n\t\t\t\t\t<\/div>\n\n\t\n<\/div>\n\t\t<\/div>\n\n\t\t\n<style>\n#section_1101989938 {\n  padding-top: 30px;\n  padding-bottom: 30px;\n}\n<\/style>\n\t<\/section>\n\t\n","protected":false},"excerpt":{"rendered":"","protected":false},"author":1,"featured_media":0,"parent":0,"menu_order":0,"comment_status":"closed","ping_status":"closed","template":"page-blank.php","meta":{"inline_featured_image":false,"footnotes":""},"class_list":["post-149","page","type-page","status-publish","hentry"],"acf":[],"_links":{"self":[{"href":"https:\/\/tynivintage.com\/vi\/wp-json\/wp\/v2\/pages\/149","targetHints":{"allow":["GET"]}}],"collection":[{"href":"https:\/\/tynivintage.com\/vi\/wp-json\/wp\/v2\/pages"}],"about":[{"href":"https:\/\/tynivintage.com\/vi\/wp-json\/wp\/v2\/types\/page"}],"author":[{"embeddable":true,"href":"https:\/\/tynivintage.com\/vi\/wp-json\/wp\/v2\/users\/1"}],"replies":[{"embeddable":true,"href":"https:\/\/tynivintage.com\/vi\/wp-json\/wp\/v2\/comments?post=149"}],"version-history":[{"count":10,"href":"https:\/\/tynivintage.com\/vi\/wp-json\/wp\/v2\/pages\/149\/revisions"}],"predecessor-version":[{"id":168,"href":"https:\/\/tynivintage.com\/vi\/wp-json\/wp\/v2\/pages\/149\/revisions\/168"}],"wp:attachment":[{"href":"https:\/\/tynivintage.com\/vi\/wp-json\/wp\/v2\/media?parent=149"}],"curies":[{"name":"wp","href":"https:\/\/api.w.org\/{rel}","templated":true}]}}